{"id":2724,"date":"2023-06-02T16:41:18","date_gmt":"2023-06-02T16:41:18","guid":{"rendered":"https:\/\/www.roemische-legion.de\/?page_id=2724"},"modified":"2025-12-05T10:59:13","modified_gmt":"2025-12-05T10:59:13","slug":"auch-gewusst","status":"publish","type":"page","link":"https:\/\/www.roemische-legion.de\/de_de\/?page_id=2724","title":{"rendered":"Legio II Italica &#8211; Auch gewusst?"},"content":{"rendered":"\n<p><\/p>\n\n\n\n<h2 class=\"wp-block-heading\"><a href=\"https:\/\/www.roemische-legion.de\/de_de\/?page_id=2728\" data-type=\"page\" data-id=\"2728\">Bestattungsriten der R\u00f6mer<\/a><\/h2>\n\n\n\n<h2 class=\"wp-block-heading\"><a href=\"https:\/\/www.roemische-legion.de\/de_de\/?page_id=2730\" data-type=\"page\" data-id=\"2730\">Die Villa Rustica<\/a><\/h2>\n\n\n\n<h2 class=\"wp-block-heading\"><a href=\"https:\/\/www.roemische-legion.de\/de_de\/?page_id=2828\" data-type=\"page\" data-id=\"2828\">Die r\u00f6mische Religion<\/a><\/h2>\n\n\n\n<h2 class=\"wp-block-heading\"><a href=\"https:\/\/www.roemische-legion.de\/de_de\/?page_id=2830\" data-type=\"page\" data-id=\"2830\">Der Mithraskult<\/a><\/h2>\n\n\n\n<h2 class=\"wp-block-heading\"><a href=\"https:\/\/www.roemische-legion.de\/de_de\/?page_id=2832\" data-type=\"page\" data-id=\"2832\">Das M\u00fcnzsystem der R\u00f6mer<\/a><\/h2>\n\n\n\n<h2 class=\"wp-block-heading\"><a href=\"https:\/\/www.roemische-legion.de\/?page_id=3306\" data-type=\"page\" data-id=\"3306\">Die Kelten und die R\u00f6mer<\/a><\/h2>\n\n\n\n<h2 class=\"wp-block-heading\"><a href=\"https:\/\/www.roemische-legion.de\/?page_id=3380\" data-type=\"page\" data-id=\"3380\">Die \u00c4rzte im antiken Rom<\/a><\/h2>\n\n\n\n<h2 class=\"wp-block-heading\"><a href=\"https:\/\/www.roemische-legion.de\/?page_id=3382\" data-type=\"page\" data-id=\"3382\">R\u00f6mische Milit\u00e4rschiffe auf der Donau<\/a><\/h2>\n\n\n\n<h2 class=\"wp-block-heading\"><a href=\"https:\/\/www.roemische-legion.de\/?page_id=3402\" data-type=\"page\" data-id=\"3402\">Das keltische Britannien<\/a><\/h2>\n\n\n\n<h2 class=\"wp-block-heading\"><a href=\"https:\/\/www.roemische-legion.de\/?page_id=3879\" data-type=\"page\" data-id=\"3879\">Die Epoche der Sp\u00e4tantike &#8211; Beginn und Ende<\/a><\/h2>\n\n\n\n<h2 class=\"wp-block-heading\"><a href=\"https:\/\/www.roemische-legion.de\/?page_id=4175\" data-type=\"page\" data-id=\"4175\">R\u00f6mische<\/a><a href=\"https:\/\/www.roemische-legion.de\/?page_id=3880\"> Spiele<\/a><\/h2>\n\n\n\n<h2 class=\"wp-block-heading\"><a href=\"https:\/\/www.roemische-legion.de\/?page_id=4177\" data-type=\"page\" data-id=\"4177\">Kochen und Essen bei den R\u00f6mern<\/a><\/h2>\n\n\n\n<h2 class=\"wp-block-heading\"><a href=\"https:\/\/www.roemische-legion.de\/de_de\/?page_id=4538\" data-type=\"page\" data-id=\"4538\">R\u00f6mische Frauengew\u00e4nder und Schmuck<\/a><\/h2>\n\n\n\n<h2 class=\"wp-block-heading\"><\/h2>\n\n\n\n<p><\/p>\n","protected":false},"excerpt":{"rendered":"<p>Bestattungsriten der R\u00f6mer Die Villa Rustica Die r\u00f6mische Religion Der Mithraskult Das M\u00fcnzsystem der R\u00f6mer Die Kelten und die R\u00f6mer Die \u00c4rzte im antiken Rom R\u00f6mische Milit\u00e4rschiffe auf der Donau Das keltische Britannien Die Epoche der Sp\u00e4tantike &#8211; Beginn und Ende R\u00f6mische Spiele Kochen und Essen bei den R\u00f6mern R\u00f6mische Frauengew\u00e4nder und Schmuck<\/p>\n","protected":false},"author":2,"featured_media":0,"parent":0,"menu_order":0,"comment_status":"closed","ping_status":"closed","template":"","meta":{"footnotes":""},"class_list":["post-2724","page","type-page","status-publish","hentry"],"_links":{"self":[{"href":"https:\/\/www.roemische-legion.de\/de_de\/index.php?rest_route=\/wp\/v2\/pages\/2724","targetHints":{"allow":["GET"]}}],"collection":[{"href":"https:\/\/www.roemische-legion.de\/de_de\/index.php?rest_route=\/wp\/v2\/pages"}],"about":[{"href":"https:\/\/www.roemische-legion.de\/de_de\/index.php?rest_route=\/wp\/v2\/types\/page"}],"author":[{"embeddable":true,"href":"https:\/\/www.roemische-legion.de\/de_de\/index.php?rest_route=\/wp\/v2\/users\/2"}],"replies":[{"embeddable":true,"href":"https:\/\/www.roemische-legion.de\/de_de\/index.php?rest_route=%2Fwp%2Fv2%2Fcomments&post=2724"}],"version-history":[{"count":34,"href":"https:\/\/www.roemische-legion.de\/de_de\/index.php?rest_route=\/wp\/v2\/pages\/2724\/revisions"}],"predecessor-version":[{"id":4900,"href":"https:\/\/www.roemische-legion.de\/de_de\/index.php?rest_route=\/wp\/v2\/pages\/2724\/revisions\/4900"}],"wp:attachment":[{"href":"https:\/\/www.roemische-legion.de\/de_de\/index.php?rest_route=%2Fwp%2Fv2%2Fmedia&parent=2724"}],"curies":[{"name":"wp","href":"https:\/\/api.w.org\/{rel}","templated":true}]}}