{"id":2730,"date":"2023-06-02T16:59:46","date_gmt":"2023-06-02T16:59:46","guid":{"rendered":"https:\/\/www.roemische-legion.de\/?page_id=2730"},"modified":"2026-03-13T18:58:40","modified_gmt":"2026-03-13T18:58:40","slug":"villa-rustica","status":"publish","type":"page","link":"https:\/\/www.roemische-legion.de\/de_de\/?page_id=2730","title":{"rendered":"Legio II Italica &#8211; Villa Rustica"},"content":{"rendered":"\n<p>Ein r\u00f6misches Landgut  <\/p>\n\n\n\n<p>R\u00f6mische Landg\u00fcter in den germanischen und gallischen Provinzen unterschieden sich grunds\u00e4tzlich von den Geb\u00e4uden in Italien und waren meistens als Porticusvillen mit zwei Eckgeb\u00e4uden ausgef\u00fchrt. Zwischen den Eckgeb\u00e4uden, hier befanden sich die Wohn- und Arbeitsr\u00e4ume des Hausherrn und seiner Familie, lag der Porticus mit einem zug\u00e4nglichen offenen S\u00e4ulengang.<\/p>\n\n\n\n<div class=\"wp-block-columns is-layout-flex wp-container-core-columns-is-layout-9d6595d7 wp-block-columns-is-layout-flex\">\n<div class=\"wp-block-column is-layout-flow wp-block-column-is-layout-flow\">\n<figure class=\"wp-block-image size-full\"><img decoding=\"async\" src=\"https:\/\/www.roemische-legion.de\/wp-content\/uploads\/2023\/06\/Villa_Rustica_Moeckenlohe_2-1.jpg\" alt=\"\" class=\"wp-image-2757\"\/><\/figure>\n<\/div>\n\n\n\n<div class=\"wp-block-column is-layout-flow wp-block-column-is-layout-flow\">\n<figure class=\"wp-block-image size-full\"><img loading=\"lazy\" decoding=\"async\" width=\"640\" height=\"417\" src=\"https:\/\/www.roemische-legion.de\/wp-content\/uploads\/2025\/12\/s-l1600-2.webp\" alt=\"\" class=\"wp-image-4877\" srcset=\"https:\/\/www.roemische-legion.de\/wp-content\/uploads\/2025\/12\/s-l1600-2.webp 640w, https:\/\/www.roemische-legion.de\/wp-content\/uploads\/2025\/12\/s-l1600-2-300x195.webp 300w, https:\/\/www.roemische-legion.de\/wp-content\/uploads\/2025\/12\/s-l1600-2-18x12.webp 18w\" sizes=\"auto, (max-width: 640px) 85vw, 640px\" \/><\/figure>\n<\/div>\n<\/div>\n\n\n\n<p>Porticusvillen sind der bekannteste Bautyp, der oft bei mittelgro\u00dfen Villenbauten anzutreffen ist.<\/p>\n\n\n\n<figure class=\"wp-block-image size-full\"><img loading=\"lazy\" decoding=\"async\" width=\"449\" height=\"230\" src=\"https:\/\/www.roemische-legion.de\/wp-content\/uploads\/2023\/06\/roemerhof-2.jpg\" alt=\"\" class=\"wp-image-2755\" srcset=\"https:\/\/www.roemische-legion.de\/wp-content\/uploads\/2023\/06\/roemerhof-2.jpg 449w, https:\/\/www.roemische-legion.de\/wp-content\/uploads\/2023\/06\/roemerhof-2-300x154.jpg 300w, https:\/\/www.roemische-legion.de\/wp-content\/uploads\/2023\/06\/roemerhof-2-18x9.jpg 18w\" sizes=\"auto, (max-width: 449px) 85vw, 449px\" \/><figcaption class=\"wp-element-caption\">Rekonstruierte R\u00f6mervilla M\u00f6ckenlohe s\u00fcdlich Adelschlag-Nassenfels im Altm\u00fchltal. Fotos (c) Familie Donabauer<\/figcaption><\/figure>\n\n\n\n<p>Beim Bau einer Neuanlage wurde der Standort sorgf\u00e4ltig ausgew\u00e4hlt. Der Boden sollte sehr fruchtbar sein und die N\u00e4he zu einer Quelle oder einem sauberen Bachlauf war n\u00f6tig. Das Gel\u00e4nde sollte leicht abfallen, damit es trockene und feuchtere Lagen gab in unmittelbarer Umgebung des Hofes. Fachberater, die sogenannten Seher, wurden vor dem Bau der Anlage herangezogen. Diese pr\u00fcften den Boden, das Wasser und vor der Grundsteinlegung den Vogelflug, ob es negative Einfl\u00fcsse der Gegend auf die Landwirtschaft gab. Das Gel\u00e4nde einer Villa konnte mit Hecken, Mauern und sogar Gr\u00e4ben umfriedet sein. Dies fand man \u00f6fters in den Randgebieten des Reiches und man bezeichnete diese auch als Wehrgeh\u00f6fte. Bei den meisten Ausgrabungen wurden jedoch keine Hofumwehrungen ausgemacht.<\/p>\n\n\n\n<figure class=\"wp-block-image size-large\"><img loading=\"lazy\" decoding=\"async\" width=\"1024\" height=\"687\" src=\"https:\/\/www.roemische-legion.de\/wp-content\/uploads\/2023\/07\/Villa-Mehring1-1024x687.jpg\" alt=\"\" class=\"wp-image-2868\" srcset=\"https:\/\/www.roemische-legion.de\/wp-content\/uploads\/2023\/07\/Villa-Mehring1-1024x687.jpg 1024w, https:\/\/www.roemische-legion.de\/wp-content\/uploads\/2023\/07\/Villa-Mehring1-300x201.jpg 300w, https:\/\/www.roemische-legion.de\/wp-content\/uploads\/2023\/07\/Villa-Mehring1-768x515.jpg 768w, https:\/\/www.roemische-legion.de\/wp-content\/uploads\/2023\/07\/Villa-Mehring1-1536x1030.jpg 1536w, https:\/\/www.roemische-legion.de\/wp-content\/uploads\/2023\/07\/Villa-Mehring1-18x12.jpg 18w, https:\/\/www.roemische-legion.de\/wp-content\/uploads\/2023\/07\/Villa-Mehring1-1200x805.jpg 1200w, https:\/\/www.roemische-legion.de\/wp-content\/uploads\/2023\/07\/Villa-Mehring1.jpg 1920w\" sizes=\"auto, (max-width: 709px) 85vw, (max-width: 909px) 67vw, (max-width: 1362px) 62vw, 840px\" \/><\/figure>\n\n\n\n<p>Villa Rustica in Mehring\/Rheinland Pfalz, Foto (c) Josef Lachauer<\/p>\n\n\n\n<figure class=\"wp-block-image size-large\"><img loading=\"lazy\" decoding=\"async\" width=\"1024\" height=\"687\" src=\"https:\/\/www.roemische-legion.de\/wp-content\/uploads\/2023\/07\/Villa-Mehring2-1024x687.jpg\" alt=\"\" class=\"wp-image-2869\" srcset=\"https:\/\/www.roemische-legion.de\/wp-content\/uploads\/2023\/07\/Villa-Mehring2-1024x687.jpg 1024w, https:\/\/www.roemische-legion.de\/wp-content\/uploads\/2023\/07\/Villa-Mehring2-300x201.jpg 300w, https:\/\/www.roemische-legion.de\/wp-content\/uploads\/2023\/07\/Villa-Mehring2-768x515.jpg 768w, https:\/\/www.roemische-legion.de\/wp-content\/uploads\/2023\/07\/Villa-Mehring2-1536x1030.jpg 1536w, https:\/\/www.roemische-legion.de\/wp-content\/uploads\/2023\/07\/Villa-Mehring2-18x12.jpg 18w, https:\/\/www.roemische-legion.de\/wp-content\/uploads\/2023\/07\/Villa-Mehring2-1200x805.jpg 1200w, https:\/\/www.roemische-legion.de\/wp-content\/uploads\/2023\/07\/Villa-Mehring2.jpg 1920w\" sizes=\"auto, (max-width: 709px) 85vw, (max-width: 909px) 67vw, (max-width: 1362px) 62vw, 840px\" \/><\/figure>\n\n\n\n<p>Villa Rustica in Mehring\/Rheinland Pfalz, Foto (c) Josef Lachauer<\/p>\n\n\n\n<p>Eine Umfriedung schloss den Villenbereich neben Wirtschaftsgeb\u00e4uden ein. Innerhalb dieses Areals konnten sich neben weiteren Wohngeb\u00e4uden und Stallungen auch ein Brunnen, ein Dreschplatz, eine Schmiede, ein Bereich zum Mahlen und falls n\u00f6tig eine Darre zum Trocknen von Getreide, sowie ein Zier- und ein Kr\u00e4utergarten befinden. Der Kr\u00e4utergarten war ebenso best\u00fcckt wie heutzutage &#8211; stammten die meisten Kr\u00e4uter doch aus dem Mittelmeergebiet. Je nach Gr\u00f6\u00dfe der Villa gab es auch eine Teichanlage. Obstg\u00e4rten wurden zur Zierde angelegt, nicht unbedingt zur Selbstversorgung mit Obst.<\/p>\n\n\n\n<p>In den provinzialr\u00f6mischen Villae Rusticae wurden eiserne Werkzeuge und Ger\u00e4tschaften f\u00fcr die Landwirtschaft gebraucht. In den n\u00f6rdlichen Provinzen waren viele Villen haupts\u00e4chlich als landwirtschaftliche Produktionszentren eingerichtet. In gr\u00f6\u00dferen Villen gab es Schmieden, die das Handwerk f\u00fcr den Eigenbedarf beherrschten und erworbene Eisenbarren verarbeiten konnten. In einigen Villae Rusticae wurde sogar Eisen verh\u00fcttet. Neben Hufschmieden gab es bei gr\u00f6\u00dferen Villen noch die Stellmacherei, die Holzfahrzeuge wie Wagen, Kutschen und R\u00e4der herstellten. Dazu kamen nat\u00fcrlich Arbeiter oder Sklaven, die die Holz- und die Lederbearbeitung beherrschten. R\u00f6mische Fundstellen zeigen bis heute eine Unmenge an Eisenfunden, die gr\u00f6\u00dftenteils im Umfeld von Villen gefunden wurden. Der Wert des Metalls zeigt sich unter Anderem in zahlreichen sp\u00e4tr\u00f6mischen Werkzeughorten. <\/p>\n\n\n\n<figure class=\"wp-block-image size-large\"><img loading=\"lazy\" decoding=\"async\" width=\"1024\" height=\"687\" src=\"https:\/\/www.roemische-legion.de\/wp-content\/uploads\/2023\/07\/Villa-Mehring3-1024x687.jpg\" alt=\"\" class=\"wp-image-2884\" srcset=\"https:\/\/www.roemische-legion.de\/wp-content\/uploads\/2023\/07\/Villa-Mehring3-1024x687.jpg 1024w, https:\/\/www.roemische-legion.de\/wp-content\/uploads\/2023\/07\/Villa-Mehring3-300x201.jpg 300w, https:\/\/www.roemische-legion.de\/wp-content\/uploads\/2023\/07\/Villa-Mehring3-768x515.jpg 768w, https:\/\/www.roemische-legion.de\/wp-content\/uploads\/2023\/07\/Villa-Mehring3-1536x1030.jpg 1536w, https:\/\/www.roemische-legion.de\/wp-content\/uploads\/2023\/07\/Villa-Mehring3-18x12.jpg 18w, https:\/\/www.roemische-legion.de\/wp-content\/uploads\/2023\/07\/Villa-Mehring3-1200x805.jpg 1200w, https:\/\/www.roemische-legion.de\/wp-content\/uploads\/2023\/07\/Villa-Mehring3.jpg 1920w\" sizes=\"auto, (max-width: 709px) 85vw, (max-width: 909px) 67vw, (max-width: 1362px) 62vw, 840px\" \/><\/figure>\n\n\n\n<p>Villa Rustica in Mehring\/Rheinland Pfalz, Foto (c) Josef Lachauer<\/p>\n\n\n\n<p>Was in unserem Klima keine Ertr\u00e4ge brachte wurde herangeschafft. Kein R\u00f6mer wollte zum Beispiel auf Datteln, Feigen, Oliven, Oliven\u00f6l, Wein, Gew\u00fcrze (z.B. Pfeffer) oder Garum verzichten. Garum, auch Liquamen genannt, war das Standardgew\u00fcrz in der antiken K\u00fcche. Es entstand dadurch, dass man nicht ausgenommene Meeresfische in eine Salzlake einlegte und in speziellen offenen Becken monatelang der Sonne aussetzte. Das fertige Gemisch wurde ausgepresst und so lange gefiltert, bis eine bernsteinfarbige Fl\u00fcssigkeit entstand. Diese W\u00fcrzso\u00dfe (Fischso\u00dfe) wurde f\u00fcr salzige, aber auch s\u00fc\u00dfe Speisen verwendet.<\/p>\n\n\n\n<p>Gr\u00f6\u00dfere Villen verf\u00fcgten meistens \u00fcber beheizbare Bader\u00e4ume bzw. wohlhabende B\u00fcrger bauten ein eigenes Badehaus, das mit den drei wichtigsten   Bader\u00e4umen ausgestattet waren: dem Kaltbaderaum (frigidarium), dem Warmbaderaum (tepidarium) und dem Hei\u00dfbaderaum (caldarium). <\/p>\n\n\n\n<p>K\u00f6rper- und Haarpflege geh\u00f6rten ebenfalls neben den B\u00e4dern zur t\u00e4glichen Hygiene. Die Angeh\u00f6rigen der gehobenen Schichten hielten sich eigene Diener und Dienerinnen (nat\u00fcrlich geh\u00f6rten sie h\u00e4ufig dem Sklavenstand an), die dem Herren oder der Herrin bei der Toilette halfen. Allein konnte man weder die r\u00f6mische Festtageskleidung anlegen, noch konnte sich die r\u00f6mische Dame ihre komplizierte Frisur stecken. Die Dienerin musste den Spiegel halten, das Haar ordnen und bei der Schminke behilflich sein. <\/p>\n\n\n\n<p> Einige R\u00e4ume in den Villen besa\u00dfen eine Fu\u00dfbodenheizung mit gefliestem Fu\u00dfboden und wiesen sogar einen Kellerraum auf. Manchmal befand sich auf dem Villengel\u00e4nde auch ein kleiner Tempel. Sehr luxuri\u00f6s ausgestattete Geb\u00e4ude mit Mosaikfu\u00dfboden und aufw\u00e4ndigen Wandmalereien wurden meistens von der r\u00f6mischen Oberschicht errichtet. Spezielle Handwerker, die diesen Beruf im r\u00f6mischen Reich aus\u00fcbten, wurden mit dieser Arbeit beauftragt.<\/p>\n\n\n\n<figure class=\"wp-block-image size-large\"><img loading=\"lazy\" decoding=\"async\" width=\"1024\" height=\"685\" src=\"https:\/\/www.roemische-legion.de\/wp-content\/uploads\/2024\/06\/Villa-Romana-del-Casale-1024x685.jpg\" alt=\"\" class=\"wp-image-3644\" srcset=\"https:\/\/www.roemische-legion.de\/wp-content\/uploads\/2024\/06\/Villa-Romana-del-Casale-1024x685.jpg 1024w, https:\/\/www.roemische-legion.de\/wp-content\/uploads\/2024\/06\/Villa-Romana-del-Casale-300x201.jpg 300w, https:\/\/www.roemische-legion.de\/wp-content\/uploads\/2024\/06\/Villa-Romana-del-Casale-768x514.jpg 768w, https:\/\/www.roemische-legion.de\/wp-content\/uploads\/2024\/06\/Villa-Romana-del-Casale-1536x1028.jpg 1536w, https:\/\/www.roemische-legion.de\/wp-content\/uploads\/2024\/06\/Villa-Romana-del-Casale-2048x1371.jpg 2048w, https:\/\/www.roemische-legion.de\/wp-content\/uploads\/2024\/06\/Villa-Romana-del-Casale-1200x803.jpg 1200w\" sizes=\"auto, (max-width: 709px) 85vw, (max-width: 909px) 67vw, (max-width: 1362px) 62vw, 840px\" \/><\/figure>\n\n\n\n<p>Villa Romana del Casale &#8211; Piazza Armerina Enna &#8211; Sizilien &#8211; Foto (c) K.P. Horack<\/p>\n\n\n\n<p>In vielen Villen n\u00f6rdlich der Alpen wurde Fensterglas gefunden. Es ist bekannt, dass die Fertigung von Glas bereits im ersten Jahrhundert n.Chr. einen Aufschwung erlebte und der Preis f\u00fcr einfaches Glas f\u00fcr weite Kreise erschwinglich wurde. Kaiser Tiberius (42 v. Chr. bis 37 n. Chr.) lie\u00df zum Beispiel Gew\u00e4chsh\u00e4user aus Glas (lapis specularis) errichten, um dort seine geliebten Gurken zu ziehen.<\/p>\n\n\n\n<figure class=\"wp-block-image size-large\"><img loading=\"lazy\" decoding=\"async\" width=\"1024\" height=\"768\" src=\"https:\/\/www.roemische-legion.de\/wp-content\/uploads\/2023\/07\/Villa-Longuich1-1-1024x768.jpg\" alt=\"\" class=\"wp-image-2872\" srcset=\"https:\/\/www.roemische-legion.de\/wp-content\/uploads\/2023\/07\/Villa-Longuich1-1-1024x768.jpg 1024w, https:\/\/www.roemische-legion.de\/wp-content\/uploads\/2023\/07\/Villa-Longuich1-1-300x225.jpg 300w, https:\/\/www.roemische-legion.de\/wp-content\/uploads\/2023\/07\/Villa-Longuich1-1-768x576.jpg 768w, https:\/\/www.roemische-legion.de\/wp-content\/uploads\/2023\/07\/Villa-Longuich1-1-16x12.jpg 16w, https:\/\/www.roemische-legion.de\/wp-content\/uploads\/2023\/07\/Villa-Longuich1-1-1200x900.jpg 1200w, https:\/\/www.roemische-legion.de\/wp-content\/uploads\/2023\/07\/Villa-Longuich1-1.jpg 1280w\" sizes=\"auto, (max-width: 709px) 85vw, (max-width: 909px) 67vw, (max-width: 1362px) 62vw, 840px\" \/><\/figure>\n\n\n\n<p>Villa Urbana in Longuich\/Rheinland Pfalz, Foto (c) Josef Lachauer<\/p>\n\n\n\n<figure class=\"wp-block-image size-large\"><img decoding=\"async\" src=\"https:\/\/www.roemische-legion.de\/wp-content\/uploads\/2023\/07\/Villa-Longuich2-1-1024x687.jpg\" alt=\"\" class=\"wp-image-2873\"\/><\/figure>\n\n\n\n<p>Der Besitzer (Hausherr) einer mittelgro\u00dfen Villa war oft ein aus dem Milit\u00e4rdienst ausgeschiedener Veteran, der innerhalb der provinzialen Infrastruktur mit seinem Landgut meistens Versorgungsaufgaben f\u00fcr nahegelegene St\u00e4dte oder milit\u00e4rische Standorte \u00fcbernahm, indem er den erwirtschafteten \u00dcberschuss auf dem Markt verkaufte oder an das Milit\u00e4r lieferte. Neben dem Hausherren lebten hier noch seine Familie, Arbeiter und Sklaven. Die administrative Arbeit \u00fcbernahm der Hausherr pers\u00f6nlich oder \u00fcbertrug dies einem Verwalter. Meistens einem Sklaven seines Vertrauens. Die meisten reichen Besitzer blieben, wenn es sich nicht um eine gr\u00f6\u00dfere Anlage f\u00fcr einen Sommersitz handelte, ihrem Anwesen fern und es war nicht un\u00fcblich, das Villenareal in mehrere Parzellen aufzuteilen und diese an freie Bauern zu verpachten.<\/p>\n\n\n\n<p>Je nach Region, der Bodenbeschaffenheit und der wirtschaftlichen Ausrichtung wurden in den Provinzen andere landwirtschaftliche Produkte angebaut als im milderen Mittelmeerklima. Durch die bedeutend strengeren Wintermonate n\u00f6rdlich der Alpen wurde zum Beispiel statt Weizen vermehrt Gerste, Dinkel oder Roggen geerntet. Beim Gem\u00fcse gab es Unterscheidungen zur heutigen Zeit. So gab es keine Tomaten, Kartoffeln, Paprika, Mais oder gr\u00fcne Bohnen. Man kultivierte aber die einheimischen, mediterranen oder asiatischen Pflanzen wie die mitgebrachten Zwiebeln, Knoblauch, Porree oder Spargel. H\u00fclsenfr\u00fcchte wie Erbsen und wei\u00dfe Bohnen waren wichtig f\u00fcr die Eiwei\u00dfversorgung. Als Zug- und Transporttiere wurden Ochsen, Esel und Maultiere gehalten. Das bei den R\u00f6mern beliebte Fleisch lieferten Schweine, Schafe und Ziegen. Letztere dienten auch zur K\u00e4seproduktion, da Milch kaum getrunken wurde. Dazu kam das Federvieh, das den Gutshof bev\u00f6lkerte. Neben eingedickten Obstsaft aus \u00c4pfeln und Birnen war noch der Honig als S\u00fc\u00dfmacher wichtig. Aber nicht jeder Hof betrieb aktive Imkerei, da dies ein Fachgebiet f\u00fcr Spezialisten war. <\/p>\n\n\n\n<p>Durch arch\u00e4ologische Ausgrabungen sind viele Villenstandort bekannt. Allein im heutigen Deutschland sind mehrere tausend Anlagen entdeckt worden. Die Gr\u00f6\u00dfe variiert dabei zwischen den einfachen Villen bis hin zu sehr gro\u00dfen Gutsh\u00f6fen.  <\/p>\n\n\n\n<p><strong>Literaturhinweis:<\/strong> <\/p>\n\n\n\n<p><em><strong>R\u00f6mische Werkzeuge, <\/strong>Wolfgang Gaitzsch, Kleine Schriften zur Kenntnis der r\u00f6mischen Besetzungsgeschichte.    <\/em>                                                                                      Neben Werkzeugdarstellungen werden die einzelnen Bereiche der Metall-, der Holz- und Stein-, sowie der Stoff- und Lederbearbeitung behandelt. Ebenso  Werkzeuge des Acker- und Gartenbaus.  <\/p>\n\n\n\n<p><\/p>\n","protected":false},"excerpt":{"rendered":"<p>Ein r\u00f6misches Landgut R\u00f6mische Landg\u00fcter in den germanischen und gallischen Provinzen unterschieden sich grunds\u00e4tzlich von den Geb\u00e4uden in Italien und waren meistens als Porticusvillen mit zwei Eckgeb\u00e4uden ausgef\u00fchrt. Zwischen den Eckgeb\u00e4uden, hier befanden sich die Wohn- und Arbeitsr\u00e4ume des Hausherrn und seiner Familie, lag der Porticus mit einem zug\u00e4nglichen offenen S\u00e4ulengang. Porticusvillen sind der bekannteste &hellip; <a href=\"https:\/\/www.roemische-legion.de\/de_de\/?page_id=2730\" class=\"more-link\"><span class=\"screen-reader-text\">\u201eLegio II Italica &#8211; Villa Rustica\u201c<\/span> weiterlesen<\/a><\/p>\n","protected":false},"author":1,"featured_media":0,"parent":2724,"menu_order":550,"comment_status":"closed","ping_status":"closed","template":"","meta":{"footnotes":""},"class_list":["post-2730","page","type-page","status-publish","hentry"],"_links":{"self":[{"href":"https:\/\/www.roemische-legion.de\/de_de\/index.php?rest_route=\/wp\/v2\/pages\/2730","targetHints":{"allow":["GET"]}}],"collection":[{"href":"https:\/\/www.roemische-legion.de\/de_de\/index.php?rest_route=\/wp\/v2\/pages"}],"about":[{"href":"https:\/\/www.roemische-legion.de\/de_de\/index.php?rest_route=\/wp\/v2\/types\/page"}],"author":[{"embeddable":true,"href":"https:\/\/www.roemische-legion.de\/de_de\/index.php?rest_route=\/wp\/v2\/users\/1"}],"replies":[{"embeddable":true,"href":"https:\/\/www.roemische-legion.de\/de_de\/index.php?rest_route=%2Fwp%2Fv2%2Fcomments&post=2730"}],"version-history":[{"count":18,"href":"https:\/\/www.roemische-legion.de\/de_de\/index.php?rest_route=\/wp\/v2\/pages\/2730\/revisions"}],"predecessor-version":[{"id":5143,"href":"https:\/\/www.roemische-legion.de\/de_de\/index.php?rest_route=\/wp\/v2\/pages\/2730\/revisions\/5143"}],"up":[{"embeddable":true,"href":"https:\/\/www.roemische-legion.de\/de_de\/index.php?rest_route=\/wp\/v2\/pages\/2724"}],"wp:attachment":[{"href":"https:\/\/www.roemische-legion.de\/de_de\/index.php?rest_route=%2Fwp%2Fv2%2Fmedia&parent=2730"}],"curies":[{"name":"wp","href":"https:\/\/api.w.org\/{rel}","templated":true}]}}