{"id":2832,"date":"2023-07-22T12:53:28","date_gmt":"2023-07-22T12:53:28","guid":{"rendered":"https:\/\/www.roemische-legion.de\/?page_id=2832"},"modified":"2025-01-02T17:36:42","modified_gmt":"2025-01-02T17:36:42","slug":"das-muenzsystem-im-roemischen-reich","status":"publish","type":"page","link":"https:\/\/www.roemische-legion.de\/de_de\/?page_id=2832","title":{"rendered":"Legio II Italica &#8211; Das M\u00fcnzsystem im R\u00f6mischen Reich"},"content":{"rendered":"\n<p><strong>Einleitung<\/strong><\/p>\n\n\n\n<p>Fast 500 Jahre lang bedienten sich die Siedler am unteren Lauf des Tibers , also die Hirten und Bauern, beim Kauf oder sonstige Wert\u00fcbertragungen ungeformter Bronze. Die einfachem Menschen begn\u00fcgten sich mit den Metallen des t\u00e4glichen Bedarfs, dem Erz. Als Hirten und Bauernvolk diente der kostbarste Besitz wie das Vieh als Wertmesser und Zahlungsmittel. (<em>Von &#8222;pecus&#8220;, das Vieh, leitet sich dann sp\u00e4ter das r\u00f6mische Wort f\u00fcr Geld &#8222;pecunia&#8220; ab.)<\/em><\/p>\n\n\n\n<figure class=\"wp-block-image size-full\"><img loading=\"lazy\" decoding=\"async\" width=\"889\" height=\"540\" src=\"https:\/\/www.roemische-legion.de\/wp-content\/uploads\/2024\/12\/Stierbarren-aus-Bronze.jpg\" alt=\"\" class=\"wp-image-4093\" srcset=\"https:\/\/www.roemische-legion.de\/wp-content\/uploads\/2024\/12\/Stierbarren-aus-Bronze.jpg 889w, https:\/\/www.roemische-legion.de\/wp-content\/uploads\/2024\/12\/Stierbarren-aus-Bronze-300x182.jpg 300w, https:\/\/www.roemische-legion.de\/wp-content\/uploads\/2024\/12\/Stierbarren-aus-Bronze-768x467.jpg 768w\" sizes=\"auto, (max-width: 709px) 85vw, (max-width: 909px) 67vw, (max-width: 1362px) 62vw, 840px\" \/><\/figure>\n\n\n\n<p>Bronzebarren mit Stiermotiv<\/p>\n\n\n\n<p>Ab dem 3. Jahrhundert vor Chr. wurde in Rom die Geldherstellung unter die Aufsicht des Staates gestellt. W\u00e4hrungseinheit war das As, das r\u00f6mische Pfund zu 288 Scrupeln. Gewicht 327,45 g, eingeteilt in 12 Unzen zu jeweils 27,3 g. Die gro\u00dfen Backstein\u00e4hnlichen Bronzeguss-St\u00fccke (<em>Aes signatum<\/em>) und die kleineren Runden wurde als <em>aes grave<\/em> bezeichnet, bilden f\u00fcr fast 100 Jahre das offizielle in Rom gefertigte Geld, das zum Umlauf eigentlich nicht geeignet war.   <\/p>\n\n\n\n<p>In Unteritalien und Sizilien pr\u00e4gten dagegen die r\u00f6mischen Eroberer die Silber- und Goldm\u00fcnzen der griechischen Stadtstaaten mit ihrem eigenen nationalen Symbolen nach anhand der vorgefundenen griechischen M\u00fcnzst\u00e4tten und ihrer Stempelschneider. Somit tragen die ersten r\u00f6mischen Edelmetallpr\u00e4gungen noch den Stil der griechischen M\u00fcnzen. <\/p>\n\n\n\n<p><strong>Das Denar-System<\/strong><\/p>\n\n\n\n<p>Zu Beginn des 2. Jahrhunderts vor Chr. wurde die Hauptm\u00fcnzst\u00e4tte nach Rom verlegt. Die Pr\u00e4geanstalt befand sich auf dem Kapitol neben dem Tempel der Juno Moneta. Hier leitet sich das r\u00f6mische Wort f\u00fcr das M\u00fcnzgeld &#8222;<em>Moneta<\/em>&#8220; her. Ein Begriff, der sich bis heute erhalten hat. In Rom geriet die Geldherstellung in die H\u00e4nde der Oligarchie. Junge M\u00e4nner aus angesehenen Familien waren, bevor die zu h\u00f6heren \u00c4mtern im Staat als \u00c4dilen, Qu\u00e4storen, Pr\u00e4toren und Konsuln aufsteigen konnten, mit der \u00dcberwachung und Organisation des M\u00fcnzwesens beauftragt. Die M\u00fcnzbilder wurden nun von ihnen zur selbstherrlichen Eigen- und Familienpropaganda missbraucht. Die Avers-Gestaltung der Denare war vielf\u00e4ltig, da die einzelnen M\u00fcnzmeister die M\u00fcnzen frei gestalten konnten. So findet man auf den M\u00fcnzen die Viktoria, die ihre Rosse zum Trab antreibt oder den behelmte Kopf der G\u00f6ttin Roma. <\/p>\n\n\n\n<figure class=\"wp-block-image size-large\"><img loading=\"lazy\" decoding=\"async\" width=\"1024\" height=\"906\" src=\"https:\/\/www.roemische-legion.de\/wp-content\/uploads\/2023\/10\/Roma-1024x906.jpg\" alt=\"\" class=\"wp-image-3209\" srcset=\"https:\/\/www.roemische-legion.de\/wp-content\/uploads\/2023\/10\/Roma-1024x906.jpg 1024w, https:\/\/www.roemische-legion.de\/wp-content\/uploads\/2023\/10\/Roma-300x265.jpg 300w, https:\/\/www.roemische-legion.de\/wp-content\/uploads\/2023\/10\/Roma-768x680.jpg 768w, https:\/\/www.roemische-legion.de\/wp-content\/uploads\/2023\/10\/Roma-1200x1062.jpg 1200w, https:\/\/www.roemische-legion.de\/wp-content\/uploads\/2023\/10\/Roma.jpg 1252w\" sizes=\"auto, (max-width: 709px) 85vw, (max-width: 909px) 67vw, (max-width: 1362px) 62vw, 840px\" \/><\/figure>\n\n\n\n<p>Denar Pinarius Natta, 155 v. Chr., Reversseite mit der Viktoria  und der Bezeichnung Roma, Foto (c) Klaus Peter Horack<\/p>\n\n\n\n<p>Eine Besonderheit bei den Denaren sind die Serrati (serrare = s\u00e4gen), M\u00fcnzen, die einen gezahnten Rand haben. Zweck war, Schutz gegen F\u00e4lschungen zu bieten. Die Meister der r\u00f6mischen M\u00fcnztechnik verstanden es dennoch, unter der Maske der Ehrlichkeit M\u00fcnzen zu f\u00e4lschen, also zu plattieren.<\/p>\n\n\n\n<p>Erst unter Gaius Julius C\u00e4sar \u00e4nderte sich die Vorderseite des Denars, war er der erste Lebende, der auf einer r\u00f6mischen M\u00fcnze abgebildet wurde. Seit dem zweiten punischen Krieg war der silberne Denar (4,0 &#8211; 4,5 g reines Silber) die am h\u00e4ufigsten gepr\u00e4gte M\u00fcnze.  Goldm\u00fcnzen wurden in der republikanischen Zeit nur sehr selten, in Ausnahmef\u00e4llen und geringen Auflagen gepr\u00e4gt. <\/p>\n\n\n\n<figure class=\"wp-block-image size-large\"><img loading=\"lazy\" decoding=\"async\" width=\"1014\" height=\"1024\" src=\"https:\/\/www.roemische-legion.de\/wp-content\/uploads\/2023\/10\/Aureus-und-Denar-1014x1024.jpg\" alt=\"\" class=\"wp-image-3192\" srcset=\"https:\/\/www.roemische-legion.de\/wp-content\/uploads\/2023\/10\/Aureus-und-Denar-1014x1024.jpg 1014w, https:\/\/www.roemische-legion.de\/wp-content\/uploads\/2023\/10\/Aureus-und-Denar-297x300.jpg 297w, https:\/\/www.roemische-legion.de\/wp-content\/uploads\/2023\/10\/Aureus-und-Denar-150x150.jpg 150w, https:\/\/www.roemische-legion.de\/wp-content\/uploads\/2023\/10\/Aureus-und-Denar-768x776.jpg 768w, https:\/\/www.roemische-legion.de\/wp-content\/uploads\/2023\/10\/Aureus-und-Denar-1521x1536.jpg 1521w, https:\/\/www.roemische-legion.de\/wp-content\/uploads\/2023\/10\/Aureus-und-Denar-2028x2048.jpg 2028w, https:\/\/www.roemische-legion.de\/wp-content\/uploads\/2023\/10\/Aureus-und-Denar-1200x1212.jpg 1200w\" sizes=\"auto, (max-width: 709px) 85vw, (max-width: 909px) 67vw, (max-width: 1362px) 62vw, 840px\" \/><\/figure>\n\n\n\n<p>Zwei Goldm\u00fcnzen und drei Denare, Foto (c) Klaus Peter Horack<\/p>\n\n\n\n<p>Unter den Kaisern Vespasian (69 &#8211; 79 n. Chr.), Titus (79 &#8211; 81 n. Chr.) und Domitian (81 &#8211; 96 n. Chr.), aber besonders unter Kaiser Trajan (98 &#8211; 117 n. Chr.) wurden gro\u00dfe Mengen der republikanischen Denare aus dem Verkehr gezogen und eingeschmolzen, um das Silber als wertvolles Rohmaterial zu nutzen. Neben dem Sold f\u00fcr die Legionen entstand im r\u00f6mischen Reich bei den oberen 10.000 die Leidenschaft f\u00fcr schweres silbernes Tafelgeschirr. Bereits seit Nero (54 &#8211; 68 n. Chr.) war der Silbergehalt auf 3,3 g plus 10 % Beimischungen gefallen. Neben dem geringen Silbergehalt gab es auch M\u00fcnzen, die nur Silberplattiert waren, d.h. es handelt sich um M\u00fcnzen, die einen Kupferkern besa\u00dfen, der unter einer Silberauflage verborgen war. Also schon damals der Versuch sich Rohmaterial abzuzweigen.   <\/p>\n\n\n\n<figure class=\"wp-block-image size-large\"><img loading=\"lazy\" decoding=\"async\" width=\"979\" height=\"1024\" src=\"https:\/\/www.roemische-legion.de\/wp-content\/uploads\/2023\/10\/Julia-Domna-979x1024.jpg\" alt=\"\" class=\"wp-image-3211\" srcset=\"https:\/\/www.roemische-legion.de\/wp-content\/uploads\/2023\/10\/Julia-Domna-979x1024.jpg 979w, https:\/\/www.roemische-legion.de\/wp-content\/uploads\/2023\/10\/Julia-Domna-287x300.jpg 287w, https:\/\/www.roemische-legion.de\/wp-content\/uploads\/2023\/10\/Julia-Domna-768x803.jpg 768w, https:\/\/www.roemische-legion.de\/wp-content\/uploads\/2023\/10\/Julia-Domna-1200x1255.jpg 1200w, https:\/\/www.roemische-legion.de\/wp-content\/uploads\/2023\/10\/Julia-Domna.jpg 1219w\" sizes=\"auto, (max-width: 709px) 85vw, (max-width: 909px) 67vw, (max-width: 1362px) 62vw, 840px\" \/><\/figure>\n\n\n\n<p>M\u00fcnze mit Kupferkern und Silberauflage, Foto (c) Klaus Peter Horack<\/p>\n\n\n\n<p><strong>Pr\u00e4gearten ab dem 1. Jahrhundert n.Chr.<\/strong><\/p>\n\n\n\n<p>Aureus &#8211; Metall Gold, Durchmesser 18 &#8211; 20 mm, Gewicht ca. 8,19 g = 25 Denare = 400 Asse<\/p>\n\n\n\n<p>Denar &#8211; Metall Silber, Durchmesser  18 &#8211; 20 mm, Gewicht ca. 3,89 g = 16 Asse<\/p>\n\n\n\n<p>Sesterz &#8211; Metall Messing, Durchmesser 33 &#8211; 35 mm, Gewicht 25 g = 4 Asse<\/p>\n\n\n\n<p>Dupondius &#8211; Metall Messing, Durchmesser 26 &#8211; 28 mm, Gewicht 12,5 g = 2 Asse<\/p>\n\n\n\n<p>As &#8211; Metall Kupfer, Durchmesser 25 &#8211; 27 mm, Gewicht 10 &#8211; 11 g <\/p>\n\n\n\n<p>Semis &#8211; Metall Kupfer, Gewicht 5 g = 1\/2 As<\/p>\n\n\n\n<p>Quadrans &#8211; Metall Kupfer, Gewicht 3 g = 1\/4 As<\/p>\n\n\n\n<p>Alle in Rom gepr\u00e4gten Aes-M\u00fcnzen und Sesterzen tragen auf der Reversseite die Buchstaben  S C  = Senatus Consulto &#8211; Auf Beschluss des Senats<\/p>\n\n\n\n<figure class=\"wp-block-image size-large\"><img loading=\"lazy\" decoding=\"async\" width=\"1024\" height=\"940\" src=\"https:\/\/www.roemische-legion.de\/wp-content\/uploads\/2023\/10\/Muenzpraegungen-aus-Rom-1024x940.jpg\" alt=\"\" class=\"wp-image-3193\" srcset=\"https:\/\/www.roemische-legion.de\/wp-content\/uploads\/2023\/10\/Muenzpraegungen-aus-Rom-1024x940.jpg 1024w, https:\/\/www.roemische-legion.de\/wp-content\/uploads\/2023\/10\/Muenzpraegungen-aus-Rom-300x276.jpg 300w, https:\/\/www.roemische-legion.de\/wp-content\/uploads\/2023\/10\/Muenzpraegungen-aus-Rom-768x705.jpg 768w, https:\/\/www.roemische-legion.de\/wp-content\/uploads\/2023\/10\/Muenzpraegungen-aus-Rom-1536x1411.jpg 1536w, https:\/\/www.roemische-legion.de\/wp-content\/uploads\/2023\/10\/Muenzpraegungen-aus-Rom-2048x1881.jpg 2048w, https:\/\/www.roemische-legion.de\/wp-content\/uploads\/2023\/10\/Muenzpraegungen-aus-Rom-1200x1102.jpg 1200w\" sizes=\"auto, (max-width: 709px) 85vw, (max-width: 909px) 67vw, (max-width: 1362px) 62vw, 840px\" \/><\/figure>\n\n\n\n<p>Sesterzen, davon zwei Reversseiten mit S C, Foto (c) Klaus Peter Horack<\/p>\n\n\n\n<p><strong>Was bekam man in Rom f\u00fcr sein Geld?<\/strong> F\u00fcr ein As bekam man einem Laib Brot, f\u00fcr zwei Asse bekam man eine Mahlzeit. Mit zwei Sesterzen konnte man die Grundlebensmittel f\u00fcr einen Tag erhalten. Im Schnitt kostete eine Kuh oder ein Stier 200 Denare. 200 bis 1.000 Denare kostete eine Sklavin oder ein Sklave je nachdem, f\u00fcr welche Arbeit sie die entsprechenden Voraussetzungen mitbrachten. Der Monatssold eines einfachen Legion\u00e4rs betrug 25 Denare. Dies entsprach auch dem Gehalt eines Arbeiters in Rom. Ein Offizier in der r\u00f6mischen Armee erhielt, ja nach Rang, das 10 &#8211; 40fache an Sold.<\/p>\n\n\n\n<p>Unter dem Kaiser Caracalla (212 &#8211; 217 n. Chr.) kommt in Bezug auf seinen Namen Marcus Aurelius Antoninus der Doppeldenar hinzu, der Antonianus. Durchmesser 21 &#8211; 23 mm. Er enth\u00e4lt nur noch ca. 40 % Silber, der Kupferanteil ist somit h\u00f6her. Der Wert betr\u00e4gt 2 bzw. 1  1\/2 Denare. Durch die Inflation erfolgt eine immer st\u00e4rkere Entwertung dieser M\u00fcnze zu einer Billionpr\u00e4gung mit einer Legierung aus Kupfer und anderen Metallen. Die M\u00fcnze enth\u00e4lt nur noch geringe Spuren von Silber.<\/p>\n\n\n\n<p>Unter Kaiser Diokletian (284 &#8211; 305 n.Chr.) gibt es eine M\u00fcnzreform. Es gibt eine neue Nominalordnung. Die wichtigste Neuerung ist jetzt der Follis, eine mit d\u00fcnnem Silber\u00fcberzug gepr\u00e4gte Bronzem\u00fcnze. Gewicht ca. 10 g, Durchmesser 24 &#8211; 26 mm. Auch gibt es beim Aureus die Bewertung 1\/60 des r\u00f6m. Pfundes und dazu den Argenteus mit 1\/96 des r\u00f6mischen Pfundes. Dies entspricht dem Wert des Denars zur Zeit von Kaiser Nero. Der Argenteus verschwindet bereits wieder um 310 n. Chr.<\/p>\n\n\n\n<p>Unter Kaiser Konstantin wird als neue Goldm\u00fcnze, der Solidus, eingef\u00fchrt. Durchmesser 17 &#8211; 21 mm, Gewicht 4,55 g = 1\/72 des r\u00f6m. Pfundes und als neue Silberm\u00fcnze das Miliarense. Durchmesser 20 &#8211; 21 mm. Die Bewertung entspricht 1\/1000 Goldpfund. 14 Milariensia entsprechen 1 Solidus. Ab 323 n. Chr. erscheint noch eine weitere Silberm\u00fcnze, die Siliqua. Durchmesser 16 &#8211; 18 mm, Gewicht 2,63 g, sp\u00e4ter 2,73 g. Der Wert betr\u00e4gt 1\/24 des im Umlauf befindlichen Solidus. <\/p>\n\n\n\n<p><strong>M\u00fcnzpr\u00e4gest\u00e4tten<\/strong>   <\/p>\n\n\n\n<p>Von der sp\u00e4ten Republik bis Mitte der Kaiserzeit war Rom die Hauptm\u00fcnzst\u00e4tte des r\u00f6mischen Reiches. Im 3. &#8211; 4 Jahrhundert n. Chr. wurden M\u00fcnzen in gro\u00dfem Umfang in Rom, Karthago, Alexandria, Antiochia, Nikomedia, Konstantinopel, Thessalonike, Siscia, Sirmium, Lyon, Trier und London gepr\u00e4gt.<\/p>\n\n\n\n<p>D<strong>as Maximaledikt, auch  H\u00f6chstpreisedikt genannt, des Kaisers Diocletian (284 &#8211; 305 n. Chr.) <\/strong><\/p>\n\n\n\n<p><strong>Siehe letzte Zeile.<\/strong> <strong>Hier finden sie unter der angegebenen Homepage die akribisch aufgelistete Angaben zu dem Edikt. <\/strong><\/p>\n\n\n\n<p>Unter Kaiser Diocletian wurde der Sesterz aufgegeben, der einer r\u00f6mischen Unze entsprach. Nun kam eine neue Bronzem\u00fcnze mit Silberanteil in Umlauf,  die als Nummus oder Follis bezeichnet wurde. Diese M\u00fcnze kn\u00fcpfte an den Antonianus an, der durch die fortlaufende Entwertung praktisch zu einer Bronzem\u00fcnze geworden war. Der Follis hatte einen Wert von 1\/32 eines r\u00f6mischen Pfund, Gewicht 9 &#8211; 13 g, Gr\u00f6\u00dfe 27 bis 30 mm und bestand aus Bronze mit einem Silberfilm. Diese M\u00fcnze wurde dann durch die Maiorina, Gewicht 3,5 und 7,5 g, Gr\u00f6\u00dfe 20 &#8211; 24 mm, ersetzt. Diese gr\u00f6\u00dfere Bronzem\u00fcnze hatte nur noch einen sehr geringen Silberanteil. <\/p>\n\n\n\n<figure class=\"wp-block-image size-large\"><img loading=\"lazy\" decoding=\"async\" width=\"1024\" height=\"651\" src=\"https:\/\/www.roemische-legion.de\/wp-content\/uploads\/2023\/10\/Verschiedene-Muenzpraegungen-1024x651.jpg\" alt=\"\" class=\"wp-image-3194\" srcset=\"https:\/\/www.roemische-legion.de\/wp-content\/uploads\/2023\/10\/Verschiedene-Muenzpraegungen-1024x651.jpg 1024w, https:\/\/www.roemische-legion.de\/wp-content\/uploads\/2023\/10\/Verschiedene-Muenzpraegungen-300x191.jpg 300w, https:\/\/www.roemische-legion.de\/wp-content\/uploads\/2023\/10\/Verschiedene-Muenzpraegungen-768x489.jpg 768w, https:\/\/www.roemische-legion.de\/wp-content\/uploads\/2023\/10\/Verschiedene-Muenzpraegungen-1536x977.jpg 1536w, https:\/\/www.roemische-legion.de\/wp-content\/uploads\/2023\/10\/Verschiedene-Muenzpraegungen-2048x1303.jpg 2048w, https:\/\/www.roemische-legion.de\/wp-content\/uploads\/2023\/10\/Verschiedene-Muenzpraegungen-1200x763.jpg 1200w\" sizes=\"auto, (max-width: 709px) 85vw, (max-width: 909px) 67vw, (max-width: 1362px) 62vw, 840px\" \/><\/figure>\n\n\n\n<p>Verschiedene M\u00fcnzpr\u00e4gungen. Oben rechts Follis mit Silbersudauflage, Foto (c) Klaus Peter Horack<\/p>\n\n\n\n<p>Kaiser Diocletian versuchte durch sein H\u00f6chstpreisedikt einheitliche Preise f\u00fcr wirtschaftliche Produkte, Handwerkserzeugnisse, Dienstleistungen etc. im gesamten R\u00f6mischen Reich durchzusetzen. Die festgelegten Preise durften nicht \u00fcberschritten werden. Wurde festgestellt, dass die vorgeschriebenen Preise nicht eingehalten wurden, drohten empfindliche Strafen. Leider wurde bei der Einf\u00fchrung nicht beachtet, dass bei der Bewertung Fehler aufgetreten waren, da zum Beispiel die Transportkosten vom Herstellungsort der Ware bis zum Endverbraucher nicht ber\u00fccksichtigt worden sind. Das Ergebnis war, dass das H\u00f6chstpreisedikt bald nicht mehr im r\u00f6mischen Reich angewendet wurde. Interessant ist, dass das Edikt von den nachfolgenden Kaisern nie au\u00dfer Kraft gesetzt worden ist. Auch wurde bei den Preisangaben nicht ber\u00fccksichtigt, dass diese nach dem Denar festgelegt worden sind, obwohl es sich unter Diocletian nicht mehr um eine reine Silberm\u00fcnze handelte, sondern um die genannte Nummus oder Follis mit geringem Silberanteil. <\/p>\n\n\n\n<figure class=\"wp-block-image size-large\"><img loading=\"lazy\" decoding=\"async\" width=\"1024\" height=\"980\" src=\"https:\/\/www.roemische-legion.de\/wp-content\/uploads\/2023\/10\/Follis-1-1024x980.jpg\" alt=\"\" class=\"wp-image-3212\" srcset=\"https:\/\/www.roemische-legion.de\/wp-content\/uploads\/2023\/10\/Follis-1-1024x980.jpg 1024w, https:\/\/www.roemische-legion.de\/wp-content\/uploads\/2023\/10\/Follis-1-300x287.jpg 300w, https:\/\/www.roemische-legion.de\/wp-content\/uploads\/2023\/10\/Follis-1-768x735.jpg 768w, https:\/\/www.roemische-legion.de\/wp-content\/uploads\/2023\/10\/Follis-1-1200x1149.jpg 1200w, https:\/\/www.roemische-legion.de\/wp-content\/uploads\/2023\/10\/Follis-1.jpg 1314w\" sizes=\"auto, (max-width: 709px) 85vw, (max-width: 909px) 67vw, (max-width: 1362px) 62vw, 840px\" \/><\/figure>\n\n\n\n<p>M\u00fcnze Antoninian, Foto (c) Klaus Peter Horack<\/p>\n\n\n\n<p>Auf der hier angegebenen Homepage findet man f\u00fcr alle im r\u00f6mischen Reich hergestellte Waren die Preisvorgaben des Kaisers Diocletian. <strong>http:\/\/www.imperiumromanum.com\/wirtschaft\/wert\/preisedikt_index.htm<\/strong>                            <\/p>\n\n\n\n<p><\/p>\n","protected":false},"excerpt":{"rendered":"<p>Einleitung Fast 500 Jahre lang bedienten sich die Siedler am unteren Lauf des Tibers , also die Hirten und Bauern, beim Kauf oder sonstige Wert\u00fcbertragungen ungeformter Bronze. Die einfachem Menschen begn\u00fcgten sich mit den Metallen des t\u00e4glichen Bedarfs, dem Erz. Als Hirten und Bauernvolk diente der kostbarste Besitz wie das Vieh als Wertmesser und Zahlungsmittel. &hellip; <a href=\"https:\/\/www.roemische-legion.de\/de_de\/?page_id=2832\" class=\"more-link\"><span class=\"screen-reader-text\">\u201eLegio II Italica &#8211; Das M\u00fcnzsystem im R\u00f6mischen Reich\u201c<\/span> weiterlesen<\/a><\/p>\n","protected":false},"author":1,"featured_media":0,"parent":2724,"menu_order":520,"comment_status":"closed","ping_status":"closed","template":"","meta":{"footnotes":""},"class_list":["post-2832","page","type-page","status-publish","hentry"],"_links":{"self":[{"href":"https:\/\/www.roemische-legion.de\/de_de\/index.php?rest_route=\/wp\/v2\/pages\/2832","targetHints":{"allow":["GET"]}}],"collection":[{"href":"https:\/\/www.roemische-legion.de\/de_de\/index.php?rest_route=\/wp\/v2\/pages"}],"about":[{"href":"https:\/\/www.roemische-legion.de\/de_de\/index.php?rest_route=\/wp\/v2\/types\/page"}],"author":[{"embeddable":true,"href":"https:\/\/www.roemische-legion.de\/de_de\/index.php?rest_route=\/wp\/v2\/users\/1"}],"replies":[{"embeddable":true,"href":"https:\/\/www.roemische-legion.de\/de_de\/index.php?rest_route=%2Fwp%2Fv2%2Fcomments&post=2832"}],"version-history":[{"count":37,"href":"https:\/\/www.roemische-legion.de\/de_de\/index.php?rest_route=\/wp\/v2\/pages\/2832\/revisions"}],"predecessor-version":[{"id":4199,"href":"https:\/\/www.roemische-legion.de\/de_de\/index.php?rest_route=\/wp\/v2\/pages\/2832\/revisions\/4199"}],"up":[{"embeddable":true,"href":"https:\/\/www.roemische-legion.de\/de_de\/index.php?rest_route=\/wp\/v2\/pages\/2724"}],"wp:attachment":[{"href":"https:\/\/www.roemische-legion.de\/de_de\/index.php?rest_route=%2Fwp%2Fv2%2Fmedia&parent=2832"}],"curies":[{"name":"wp","href":"https:\/\/api.w.org\/{rel}","templated":true}]}}