{"id":474,"date":"2016-10-14T16:32:00","date_gmt":"2016-10-14T16:32:00","guid":{"rendered":"http:\/\/wordpress.roemische-legion.de\/?page_id=474"},"modified":"2024-06-20T08:26:02","modified_gmt":"2024-06-20T08:26:02","slug":"museum-lauriacum","status":"publish","type":"page","link":"https:\/\/www.roemische-legion.de\/de_de\/?page_id=474","title":{"rendered":"Museum Lauriacum"},"content":{"rendered":"\n<p>Das&nbsp;R\u00f6mermuseum&nbsp;in Enns gibt einen hervorragenden&nbsp;\u00dcberblick \u00fcber das Fundspektrum des Legionslagers und der&nbsp;dort stationierten Soldaten der Legio II Italica.<\/p>\n\n\n\n<p>Jeder, der an der&nbsp;r\u00f6mischen Geschichte interessiert ist und sich in der N\u00e4he von Linz aufh\u00e4lt, sollte sich diese informative Sammlung, die zu den bedeutensten von \u00d6sterreich geh\u00f6rt,&nbsp;nicht entgehen lassen.<\/p>\n\n\n\n<p>Ge\u00f6ffnet April &#8211; Oktober,&nbsp;Di &#8211; So von 10 &#8211; 12 und 14 &#8211; 16 Uhr, November &#8211; M\u00e4rz jeweils an Sonn- und Feiertagen von 10 &#8211; 12 und 14 &#8211; 16 Uhr.<\/p>\n\n\n\n<figure class=\"wp-block-gallery has-nested-images columns-2 is-cropped wp-block-gallery-1 is-layout-flex wp-block-gallery-is-layout-flex\">\n<figure class=\"wp-block-image size-large is-style-default\"><a href=\"https:\/\/www.roemische-legion.de\/wp-content\/uploads\/2024\/06\/DSC_0029-Kopie-scaled.jpg\"><img loading=\"lazy\" decoding=\"async\" width=\"1024\" height=\"464\" data-id=\"3671\" src=\"https:\/\/www.roemische-legion.de\/wp-content\/uploads\/2024\/06\/DSC_0029-Kopie-1024x464.jpg\" alt=\"\" class=\"wp-image-3671\" srcset=\"https:\/\/www.roemische-legion.de\/wp-content\/uploads\/2024\/06\/DSC_0029-Kopie-1024x464.jpg 1024w, https:\/\/www.roemische-legion.de\/wp-content\/uploads\/2024\/06\/DSC_0029-Kopie-300x136.jpg 300w, https:\/\/www.roemische-legion.de\/wp-content\/uploads\/2024\/06\/DSC_0029-Kopie-768x348.jpg 768w, https:\/\/www.roemische-legion.de\/wp-content\/uploads\/2024\/06\/DSC_0029-Kopie-1536x696.jpg 1536w, https:\/\/www.roemische-legion.de\/wp-content\/uploads\/2024\/06\/DSC_0029-Kopie-2048x928.jpg 2048w, https:\/\/www.roemische-legion.de\/wp-content\/uploads\/2024\/06\/DSC_0029-Kopie-1200x544.jpg 1200w\" sizes=\"auto, (max-width: 709px) 85vw, (max-width: 909px) 67vw, (max-width: 1362px) 62vw, 840px\" \/><\/a><figcaption class=\"wp-element-caption\">Museum Lauriacum<\/figcaption><\/figure>\n\n\n\n<figure class=\"wp-block-image size-large\"><a href=\"https:\/\/www.roemische-legion.de\/wp-content\/uploads\/2016\/10\/museum-lauri1.jpg\"><img loading=\"lazy\" decoding=\"async\" width=\"400\" height=\"300\" data-id=\"259\" src=\"https:\/\/www.roemische-legion.de\/wp-content\/uploads\/2016\/10\/museum-lauri1.jpg\" alt=\"\" class=\"wp-image-259\" srcset=\"https:\/\/www.roemische-legion.de\/wp-content\/uploads\/2016\/10\/museum-lauri1.jpg 400w, https:\/\/www.roemische-legion.de\/wp-content\/uploads\/2016\/10\/museum-lauri1-300x225.jpg 300w\" sizes=\"auto, (max-width: 400px) 85vw, 400px\" \/><\/a><figcaption class=\"wp-element-caption\">Museum Lauriacum<\/figcaption><\/figure>\n\n\n\n<figure class=\"wp-block-image size-large\"><a href=\"https:\/\/www.roemische-legion.de\/wp-content\/uploads\/2024\/06\/DSC_0011-scaled.jpg\"><img loading=\"lazy\" decoding=\"async\" width=\"1024\" height=\"685\" data-id=\"3669\" src=\"https:\/\/www.roemische-legion.de\/wp-content\/uploads\/2024\/06\/DSC_0011-1024x685.jpg\" alt=\"\" class=\"wp-image-3669\" srcset=\"https:\/\/www.roemische-legion.de\/wp-content\/uploads\/2024\/06\/DSC_0011-1024x685.jpg 1024w, https:\/\/www.roemische-legion.de\/wp-content\/uploads\/2024\/06\/DSC_0011-300x201.jpg 300w, https:\/\/www.roemische-legion.de\/wp-content\/uploads\/2024\/06\/DSC_0011-768x514.jpg 768w, https:\/\/www.roemische-legion.de\/wp-content\/uploads\/2024\/06\/DSC_0011-1536x1028.jpg 1536w, https:\/\/www.roemische-legion.de\/wp-content\/uploads\/2024\/06\/DSC_0011-2048x1371.jpg 2048w, https:\/\/www.roemische-legion.de\/wp-content\/uploads\/2024\/06\/DSC_0011-1200x803.jpg 1200w\" sizes=\"auto, (max-width: 709px) 85vw, (max-width: 909px) 67vw, (max-width: 1362px) 62vw, 840px\" \/><\/a><figcaption class=\"wp-element-caption\">Museum Lauriacum<\/figcaption><\/figure>\n\n\n\n<figure class=\"wp-block-image size-large\"><a href=\"https:\/\/www.roemische-legion.de\/wp-content\/uploads\/2016\/10\/p1010058.jpg\"><img loading=\"lazy\" decoding=\"async\" width=\"400\" height=\"299\" data-id=\"282\" src=\"https:\/\/www.roemische-legion.de\/wp-content\/uploads\/2016\/10\/p1010058.jpg\" alt=\"\" class=\"wp-image-282\" srcset=\"https:\/\/www.roemische-legion.de\/wp-content\/uploads\/2016\/10\/p1010058.jpg 400w, https:\/\/www.roemische-legion.de\/wp-content\/uploads\/2016\/10\/p1010058-300x224.jpg 300w\" sizes=\"auto, (max-width: 400px) 85vw, 400px\" \/><\/a><figcaption class=\"wp-element-caption\">Museum Lauriacum<\/figcaption><\/figure>\n<\/figure>\n\n\n\n<figure class=\"wp-block-image size-large\"><img loading=\"lazy\" decoding=\"async\" width=\"1024\" height=\"685\" src=\"https:\/\/www.roemische-legion.de\/wp-content\/uploads\/2024\/06\/DSC_0012-Kopie-1-1024x685.jpg\" alt=\"\" class=\"wp-image-3672\" srcset=\"https:\/\/www.roemische-legion.de\/wp-content\/uploads\/2024\/06\/DSC_0012-Kopie-1-1024x685.jpg 1024w, https:\/\/www.roemische-legion.de\/wp-content\/uploads\/2024\/06\/DSC_0012-Kopie-1-300x201.jpg 300w, https:\/\/www.roemische-legion.de\/wp-content\/uploads\/2024\/06\/DSC_0012-Kopie-1-768x514.jpg 768w, https:\/\/www.roemische-legion.de\/wp-content\/uploads\/2024\/06\/DSC_0012-Kopie-1-1536x1028.jpg 1536w, https:\/\/www.roemische-legion.de\/wp-content\/uploads\/2024\/06\/DSC_0012-Kopie-1-2048x1371.jpg 2048w, https:\/\/www.roemische-legion.de\/wp-content\/uploads\/2024\/06\/DSC_0012-Kopie-1-1200x803.jpg 1200w\" sizes=\"auto, (max-width: 709px) 85vw, (max-width: 909px) 67vw, (max-width: 1362px) 62vw, 840px\" \/><\/figure>\n","protected":false},"excerpt":{"rendered":"<p>Das&nbsp;R\u00f6mermuseum&nbsp;in Enns gibt einen hervorragenden&nbsp;\u00dcberblick \u00fcber das Fundspektrum des Legionslagers und der&nbsp;dort stationierten Soldaten der Legio II Italica. Jeder, der an der&nbsp;r\u00f6mischen Geschichte interessiert ist und sich in der N\u00e4he von Linz aufh\u00e4lt, sollte sich diese informative Sammlung, die zu den bedeutensten von \u00d6sterreich geh\u00f6rt,&nbsp;nicht entgehen lassen. Ge\u00f6ffnet April &#8211; Oktober,&nbsp;Di &#8211; So von 10 &hellip; <a href=\"https:\/\/www.roemische-legion.de\/de_de\/?page_id=474\" class=\"more-link\"><span class=\"screen-reader-text\">\u201eMuseum Lauriacum\u201c<\/span> weiterlesen<\/a><\/p>\n","protected":false},"author":1,"featured_media":0,"parent":472,"menu_order":10,"comment_status":"closed","ping_status":"closed","template":"","meta":{"footnotes":""},"class_list":["post-474","page","type-page","status-publish","hentry"],"_links":{"self":[{"href":"https:\/\/www.roemische-legion.de\/de_de\/index.php?rest_route=\/wp\/v2\/pages\/474","targetHints":{"allow":["GET"]}}],"collection":[{"href":"https:\/\/www.roemische-legion.de\/de_de\/index.php?rest_route=\/wp\/v2\/pages"}],"about":[{"href":"https:\/\/www.roemische-legion.de\/de_de\/index.php?rest_route=\/wp\/v2\/types\/page"}],"author":[{"embeddable":true,"href":"https:\/\/www.roemische-legion.de\/de_de\/index.php?rest_route=\/wp\/v2\/users\/1"}],"replies":[{"embeddable":true,"href":"https:\/\/www.roemische-legion.de\/de_de\/index.php?rest_route=%2Fwp%2Fv2%2Fcomments&post=474"}],"version-history":[{"count":7,"href":"https:\/\/www.roemische-legion.de\/de_de\/index.php?rest_route=\/wp\/v2\/pages\/474\/revisions"}],"predecessor-version":[{"id":3673,"href":"https:\/\/www.roemische-legion.de\/de_de\/index.php?rest_route=\/wp\/v2\/pages\/474\/revisions\/3673"}],"up":[{"embeddable":true,"href":"https:\/\/www.roemische-legion.de\/de_de\/index.php?rest_route=\/wp\/v2\/pages\/472"}],"wp:attachment":[{"href":"https:\/\/www.roemische-legion.de\/de_de\/index.php?rest_route=%2Fwp%2Fv2%2Fmedia&parent=474"}],"curies":[{"name":"wp","href":"https:\/\/api.w.org\/{rel}","templated":true}]}}