{"id":479,"date":"2016-10-14T16:48:09","date_gmt":"2016-10-14T16:48:09","guid":{"rendered":"http:\/\/wordpress.roemische-legion.de\/?page_id=479"},"modified":"2024-10-24T06:23:57","modified_gmt":"2024-10-24T06:23:57","slug":"lauriacum","status":"publish","type":"page","link":"https:\/\/www.roemische-legion.de\/de_de\/?page_id=479","title":{"rendered":"Legio II Italica &#8211; Der Ort Lauriacum"},"content":{"rendered":"<p>Das keltische K\u00f6nigreich <a href=\"https:\/\/de.wikipedia.org\/wiki\/Noricum\">Noricum<\/a>, geografisch vom Inn bis an den Plattensee gelegen, wird\u00a0im Jahr 15. vor Christus friedlich von Rom besetzt.\u00a0Die Donau wird nun\u00a0Grenzstrom des r\u00f6mischen Reiches. Unter Kaiser Claudius (41 &#8211; 54 n. Chr.) erh\u00e4lt\u00a0Noricum den Status einer kaiserlichen Provinz mit einem Statthalter.\u00a0R\u00f6mische Truppenkontingente werden aber in Noricum nicht stationiert. Das norische Provinzheer besteht\u00a0nur aus Hilfstruppeneinheiten. Erst w\u00e4hrend der Markomannenkriege gegen Ende des zweiten Jahrhunderts n. Chr. wird\u00a0die neu gegr\u00fcndete <em>Legio II Italica <\/em>an die Donau kommandiert. Diese baut erst in Weiler Albing (N\u00d6), dann in Lauriacum (Enns\/Lorch, O\u00d6) ihr Standlager. Anhand von Funden wird aber vermutet, dass erst Anfang des 3. Jh. der Neubau eines Legionslagers in Albing begonnen wurde. Dieser wurde aber nie vollendet und die Legion verblieb in Lauriacum.<\/p>\n<figure id=\"attachment_239\" aria-describedby=\"caption-attachment-239\" style=\"width: 300px\" class=\"wp-caption alignleft\"><a href=\"http:\/\/wordpress.roemische-legion.de\/wp-content\/uploads\/2016\/10\/lauriacum-legionslager.jpg\"><img loading=\"lazy\" decoding=\"async\" class=\"size-medium wp-image-239\" src=\"http:\/\/wordpress.roemische-legion.de\/wp-content\/uploads\/2016\/10\/lauriacum-legionslager-300x151.jpg\" alt=\"Lauriacum Legionslager\" width=\"300\" height=\"151\" srcset=\"https:\/\/www.roemische-legion.de\/wp-content\/uploads\/2016\/10\/lauriacum-legionslager-300x151.jpg 300w, https:\/\/www.roemische-legion.de\/wp-content\/uploads\/2016\/10\/lauriacum-legionslager-768x385.jpg 768w, https:\/\/www.roemische-legion.de\/wp-content\/uploads\/2016\/10\/lauriacum-legionslager.jpg 867w\" sizes=\"auto, (max-width: 300px) 85vw, 300px\" \/><\/a><figcaption id=\"caption-attachment-239\" class=\"wp-caption-text\">Lauriacum Legionslager<\/figcaption><\/figure>\n<p>Vor der Verlegung der Legion nach Lauriacum mit ca. 6.000 Mann war es nur ein kleiner Ort am Zusammenfluss des aus den Alpen kommenden Enns-Flusses (Anisus oder Anisa) und der Donau. Hier errichtet die Legion ein Standlager mit dem Grundriss in Form eines Parallelogramms mit einer L\u00e4nge von 539 m und einer Breite von 398 m. Gesch\u00fctzt wurde das Lager (mit vier Toranlagen) durch eine hohe Umfassungsmauer und 26 Zwischent\u00fcrmen und einem vorgelagerten Graben.<\/p>\n<p>Nun\u00a0war Lauriacum der wichtigste milit\u00e4rische St\u00fctzpunkt\u00a0an der norischen Donau zwischen Innm\u00fcndung und Wienerwald\u00a0und\u00a0zeitweiliger Amtssitz des norischen Provinzlegaten. (Der Kommandant der <em>Legio II Italica wird <\/em>automatisch Statthalter der Provinz Noricum). Die neben dem Legionslager entstehende Zivilsiedlung\u00a0erh\u00e4lt\u00a0unter Kaiser Caracalla (211 &#8211; 217 n Chr.) den Rang eines Munizipiums. Unter Kaiser Diocletian (284 &#8211; 305 n. Chr.) wird\u00a0Noricum in eine n\u00f6rdliche Provinz Noricum ripensis und eine s\u00fcdliche Provinz Noricum mediterraneum geteilt. Die <em>Legio II Italica<\/em> verbleibt\u00a0in\u00a0Noricum ripensis (Ufernoricum). Als Verst\u00e4rkung wird\u00a0die neu aufgestellte Legion <em>Legio I<\/em> <em>Noricorum<\/em> in Favianis (Mautern) stationiert,\u00a0so dass Ufernoricum\u00a0zu einer\u00a0Zweilegionenprovinz erhoben wird.\u00a0Lauriacum beh\u00e4lt\u00a0die Position als Kommandostandort des nun dem Ritterstand angeh\u00f6rigen neuen Milit\u00e4rprovinzkommandanten, welcher den Titel <em>dux<\/em> f\u00fchrt. Unter Kaiser Constantinus I. (306 &#8211; 337 n. Chr.) erf\u00e4hrt auch der Legionsstandort Lauriacum bei der Umstruktuierung der Grenzheere eine Schw\u00e4chung beim Personalstand. 341 und 378 n Chr. ist Lauriacum Aufenthaltsort der r\u00f6mischen Kaiser Constantius II. bzw. Gratian.<\/p>\n<p>Die Reste der \u00e4ltesten zivilen Siedlung von Lauriacum sind seit der Mitte des 20. Jahrhunderts bekannt. Hier konnten verschieden Wohnbauten entdeckt werden. In den Grundrisskonzepten geh\u00f6ren sie in den Zeitraum des 1. Jhd. n. Chr. W\u00e4hrend des 2. Jahrhunderts hat sich diese Siedlung allm\u00e4hlich entlang der Limesstra\u00dfe nach Westen hin ausgedehnt. Die teilweise schon im 2. Jh. aufwendig mit Wandmalereien verzierten Wohnbauten werden bis in das 4. Jh. genutzt, jedoch gegen dessen Ende verlassen. Im 5. Jh. werden die Toten\u00a0in und um die Ruinen bestattet.<\/p>\n<p>Durch die Verlegung der Legio II Italica entsteht gemeinsam mit dem Legionslager eine neue Siedlung. Lauriacum ist der einzige r\u00f6mische Ort in Noricum, aus dessen Boden Bruchst\u00fccke einer bronzenen\u00a0Stadtrechtsurkunde\u00a0bekannt geworden sind.\u00a0Somit wird\u00a0auch das neugegr\u00fcndete Munizipium Lauriacum aus dem milit\u00e4rischen Verwaltungsbereich ausgegliedert, hat aber keine eigene Stadtbefestigung.\u00a0Gegen Ende des 4. Jh.\u00a0beginnt eine Epoche der allgemeinen Verarmung. Nur noch einzelne H\u00e4user bzw. R\u00e4ume sind bewohnt. Die Bev\u00f6lkerungszahl nimmt ab und auch Truppenteile aus dem Legionslager werden wegkommandiert. Es erfolgt\u00a0nun eine rege Baut\u00e4tigkeit ziviler Geb\u00e4ude im Legionslager selbst.\u00a0Im 5. Jh. sind die alten Wohnviertel rund um das Legionslager verlassen und verfallen. Hinter den Legionsmauern leben auch nach den Abzug der Truppen 488 n. Chr. noch Menschen. Das Legionslager hat sich in einen Bischofssitz gewandelt. J\u00fcngste Grabungen zeigen anhand des Fundmaterials, dass eine ungebrochene Besiedelung bis in das fr\u00fche Mittelalter bestanden hat.<\/p>\n","protected":false},"excerpt":{"rendered":"<p>Das keltische K\u00f6nigreich Noricum, geografisch vom Inn bis an den Plattensee gelegen, wird\u00a0im Jahr 15. vor Christus friedlich von Rom besetzt.\u00a0Die Donau wird nun\u00a0Grenzstrom des r\u00f6mischen Reiches. Unter Kaiser Claudius (41 &#8211; 54 n. Chr.) erh\u00e4lt\u00a0Noricum den Status einer kaiserlichen Provinz mit einem Statthalter.\u00a0R\u00f6mische Truppenkontingente werden aber in Noricum nicht stationiert. Das norische Provinzheer besteht\u00a0nur &hellip; <a href=\"https:\/\/www.roemische-legion.de\/de_de\/?page_id=479\" class=\"more-link\"><span class=\"screen-reader-text\">\u201eLegio II Italica &#8211; Der Ort Lauriacum\u201c<\/span> weiterlesen<\/a><\/p>\n","protected":false},"author":1,"featured_media":0,"parent":472,"menu_order":30,"comment_status":"closed","ping_status":"closed","template":"","meta":{"footnotes":""},"class_list":["post-479","page","type-page","status-publish","hentry"],"_links":{"self":[{"href":"https:\/\/www.roemische-legion.de\/de_de\/index.php?rest_route=\/wp\/v2\/pages\/479","targetHints":{"allow":["GET"]}}],"collection":[{"href":"https:\/\/www.roemische-legion.de\/de_de\/index.php?rest_route=\/wp\/v2\/pages"}],"about":[{"href":"https:\/\/www.roemische-legion.de\/de_de\/index.php?rest_route=\/wp\/v2\/types\/page"}],"author":[{"embeddable":true,"href":"https:\/\/www.roemische-legion.de\/de_de\/index.php?rest_route=\/wp\/v2\/users\/1"}],"replies":[{"embeddable":true,"href":"https:\/\/www.roemische-legion.de\/de_de\/index.php?rest_route=%2Fwp%2Fv2%2Fcomments&post=479"}],"version-history":[{"count":6,"href":"https:\/\/www.roemische-legion.de\/de_de\/index.php?rest_route=\/wp\/v2\/pages\/479\/revisions"}],"predecessor-version":[{"id":4005,"href":"https:\/\/www.roemische-legion.de\/de_de\/index.php?rest_route=\/wp\/v2\/pages\/479\/revisions\/4005"}],"up":[{"embeddable":true,"href":"https:\/\/www.roemische-legion.de\/de_de\/index.php?rest_route=\/wp\/v2\/pages\/472"}],"wp:attachment":[{"href":"https:\/\/www.roemische-legion.de\/de_de\/index.php?rest_route=%2Fwp%2Fv2%2Fmedia&parent=479"}],"curies":[{"name":"wp","href":"https:\/\/api.w.org\/{rel}","templated":true}]}}