{"id":501,"date":"2016-10-14T18:17:15","date_gmt":"2016-10-14T18:17:15","guid":{"rendered":"http:\/\/wordpress.roemische-legion.de\/?page_id=501"},"modified":"2025-12-31T07:54:03","modified_gmt":"2025-12-31T07:54:03","slug":"rekonstruktionen","status":"publish","type":"page","link":"https:\/\/www.roemische-legion.de\/de_de\/?page_id=501","title":{"rendered":"Legio II Italica und Lanciarii Lauriacenses- Rekonstruktionen"},"content":{"rendered":"\n<p>Zu den\u00a0Fotos\u00a0werden\u00a0keine speziellen Beschreibungen\u00a0aufgef\u00fchrt. Fragen werden gerne beantwortet.<\/p>\n\n\n\n<p><a href=\"http:\/\/www.roemische-legion.de\/?page_id=506\">R\u00f6misches Milit\u00e4r \u2013 Befehle  <\/a><\/p>\n\n\n\n<p><a href=\"http:\/\/www.roemische-legion.de\/?page_id=503\">Waffen \/ Ausr\u00fcstung<\/a> <\/p>\n\n\n\n<p><a href=\"http:\/\/www.roemische-legion.de\/?page_id=570\">Bekleidung \u2013 Tunika\/G\u00fcrtel\/Sonstiges<\/a><\/p>\n\n\n\n<p><a href=\"http:\/\/www.roemische-legion.de\/?page_id=564\">Helme <\/a><\/p>\n\n\n\n<figure class=\"wp-block-gallery has-nested-images columns-default is-cropped wp-block-gallery-1 is-layout-flex wp-block-gallery-is-layout-flex\">\n<figure class=\"wp-block-image size-large\"><img loading=\"lazy\" decoding=\"async\" width=\"766\" height=\"1024\" data-id=\"334\" src=\"https:\/\/www.roemische-legion.de\/wp-content\/uploads\/2016\/10\/tunika-1-front-766x1024.jpg\" alt=\"\" class=\"wp-image-334\" srcset=\"https:\/\/www.roemische-legion.de\/wp-content\/uploads\/2016\/10\/tunika-1-front-766x1024.jpg 766w, https:\/\/www.roemische-legion.de\/wp-content\/uploads\/2016\/10\/tunika-1-front-224x300.jpg 224w, https:\/\/www.roemische-legion.de\/wp-content\/uploads\/2016\/10\/tunika-1-front-768x1026.jpg 768w, https:\/\/www.roemische-legion.de\/wp-content\/uploads\/2016\/10\/tunika-1-front-1200x1604.jpg 1200w, https:\/\/www.roemische-legion.de\/wp-content\/uploads\/2016\/10\/tunika-1-front.jpg 1712w\" sizes=\"auto, (max-width: 766px) 85vw, 766px\" \/><figcaption class=\"wp-element-caption\">Tunika<\/figcaption><\/figure>\n\n\n\n<figure class=\"wp-block-image size-large\"><img loading=\"lazy\" decoding=\"async\" width=\"730\" height=\"1024\" data-id=\"240\" src=\"https:\/\/www.roemische-legion.de\/wp-content\/uploads\/2016\/10\/leg-ii-ital-730x1024.jpg\" alt=\"\" class=\"wp-image-240\" srcset=\"https:\/\/www.roemische-legion.de\/wp-content\/uploads\/2016\/10\/leg-ii-ital-730x1024.jpg 730w, https:\/\/www.roemische-legion.de\/wp-content\/uploads\/2016\/10\/leg-ii-ital-214x300.jpg 214w, https:\/\/www.roemische-legion.de\/wp-content\/uploads\/2016\/10\/leg-ii-ital.jpg 734w\" sizes=\"auto, (max-width: 730px) 85vw, 730px\" \/><figcaption class=\"wp-element-caption\">Lanciarius und Dracotr\u00e4ger<\/figcaption><\/figure>\n\n\n\n<figure class=\"wp-block-image size-large\"><img loading=\"lazy\" decoding=\"async\" width=\"699\" height=\"874\" data-id=\"102\" src=\"https:\/\/www.roemische-legion.de\/wp-content\/uploads\/2016\/10\/bild0008-kopie.jpg\" alt=\"\" class=\"wp-image-102\" srcset=\"https:\/\/www.roemische-legion.de\/wp-content\/uploads\/2016\/10\/bild0008-kopie.jpg 699w, https:\/\/www.roemische-legion.de\/wp-content\/uploads\/2016\/10\/bild0008-kopie-240x300.jpg 240w\" sizes=\"auto, (max-width: 699px) 85vw, 699px\" \/><figcaption class=\"wp-element-caption\">Schild Sp\u00e4tr\u00f6misch<\/figcaption><\/figure>\n<\/figure>\n\n\n\n<p><\/p>\n","protected":false},"excerpt":{"rendered":"<p>Zu den\u00a0Fotos\u00a0werden\u00a0keine speziellen Beschreibungen\u00a0aufgef\u00fchrt. Fragen werden gerne beantwortet. R\u00f6misches Milit\u00e4r \u2013 Befehle Waffen \/ Ausr\u00fcstung Bekleidung \u2013 Tunika\/G\u00fcrtel\/Sonstiges Helme<\/p>\n","protected":false},"author":1,"featured_media":0,"parent":0,"menu_order":45,"comment_status":"closed","ping_status":"closed","template":"","meta":{"footnotes":""},"class_list":["post-501","page","type-page","status-publish","hentry"],"_links":{"self":[{"href":"https:\/\/www.roemische-legion.de\/de_de\/index.php?rest_route=\/wp\/v2\/pages\/501","targetHints":{"allow":["GET"]}}],"collection":[{"href":"https:\/\/www.roemische-legion.de\/de_de\/index.php?rest_route=\/wp\/v2\/pages"}],"about":[{"href":"https:\/\/www.roemische-legion.de\/de_de\/index.php?rest_route=\/wp\/v2\/types\/page"}],"author":[{"embeddable":true,"href":"https:\/\/www.roemische-legion.de\/de_de\/index.php?rest_route=\/wp\/v2\/users\/1"}],"replies":[{"embeddable":true,"href":"https:\/\/www.roemische-legion.de\/de_de\/index.php?rest_route=%2Fwp%2Fv2%2Fcomments&post=501"}],"version-history":[{"count":16,"href":"https:\/\/www.roemische-legion.de\/de_de\/index.php?rest_route=\/wp\/v2\/pages\/501\/revisions"}],"predecessor-version":[{"id":4988,"href":"https:\/\/www.roemische-legion.de\/de_de\/index.php?rest_route=\/wp\/v2\/pages\/501\/revisions\/4988"}],"wp:attachment":[{"href":"https:\/\/www.roemische-legion.de\/de_de\/index.php?rest_route=%2Fwp%2Fv2%2Fmedia&parent=501"}],"curies":[{"name":"wp","href":"https:\/\/api.w.org\/{rel}","templated":true}]}}