{"id":506,"date":"2016-10-14T18:19:31","date_gmt":"2016-10-14T18:19:31","guid":{"rendered":"http:\/\/wordpress.roemische-legion.de\/?page_id=506"},"modified":"2024-11-23T13:01:36","modified_gmt":"2024-11-23T13:01:36","slug":"darstellungen","status":"publish","type":"page","link":"https:\/\/www.roemische-legion.de\/de_de\/?page_id=506","title":{"rendered":"R\u00f6misches Milit\u00e4r &#8211; Befehle"},"content":{"rendered":"\n<p>Dies ist nur ein kleiner \u00dcberblick \u00fcber die g\u00e4ngigsten Befehle in der r\u00f6mischen Armee. Selbstverst\u00e4ndlich k\u00f6nnte dieser Bereich noch um eine Vielzahl an Befehlen erweitert werden, die bei Kampfhandlungen der Legion\u00e4re zur Anwendung gekommen sind. Wie z.B. das Bilden einer Testudo\/Schildkr\u00f6te oder eines Schildwalls (Fulcum). <\/p>\n\n\n\n<figure class=\"wp-block-table\"><table><tbody><tr><td>Convenite<\/td><td>Sammeln<\/td><\/tr><tr><td>Venite<\/td><td>Antreten<\/td><\/tr><tr><td>in Agmen venite<\/td><td>in Kolonne antreten<\/td><\/tr><tr><td>in Aciem venite<\/td><td>in Linie antreten<\/td><\/tr><tr><td>aciem dirigite<\/td><td>Ausrichten<\/td><\/tr><tr><td>parate vos ad iter<\/td><td>Marschbereitschaft herstellen<\/td><\/tr><tr><td>abite<\/td><td>Wegtreten<\/td><\/tr><tr><td>state<\/td><td>Stillgestanden<\/td><\/tr><tr><td>movemini<\/td><td>R\u00fchrt Euch<\/td><\/tr><tr><td>scuta sursum<\/td><td>Schild auf<\/td><\/tr><tr><td>scuta dorsum<\/td><td>Schild ab<\/td><\/tr><tr><td>pergite<\/td><td>Marsch<\/td><\/tr><tr><td>aequatis passibus<\/td><td>im Gleichschritt<\/td><\/tr><tr><td>Consistite<\/td><td>Halt<\/td><\/tr><tr><td>Ad dextram<\/td><td>Rechts um &#8211; rechts schwenkt<\/td><\/tr><tr><td>Ad sinistram<\/td><td>Links um &#8211; links schwenkt<\/td><\/tr><tr><td>Laevum &#8211; laevum &#8230;<\/td><td>Links, links, links &#8230;<\/td><\/tr><tr><td>Oculos ad dextram<\/td><td>Die Augen rechts<\/td><\/tr><tr><td>Oculos vostros ad sinistram<\/td><td>Die Augen links<\/td><\/tr><tr><td>Nihil novi<\/td><td>Zur Meldung<\/td><\/tr><tr><td>Cursim<\/td><td>Im Laufschritt<\/td><\/tr><tr><td>Retro<\/td><td>Kehrt<\/td><\/tr><tr><td>Vade Retro<\/td><td>Zur\u00fcckweichen<\/td><\/tr><tr><td>Tollite Pila<\/td><td>Fertigmachen zum Pilawurf<\/td><\/tr><tr><td>Mittite<\/td><td>Feuer<\/td><\/tr><tr><td>Gladios stringite<\/td><td>Schwerter zieht blank<\/td><\/tr><tr><td>Gladios condite<\/td><td>Schwerter in die Scheide<\/td><\/tr><tr><td>progredere<\/td><td>Vortreten<\/td><\/tr><tr><td>regredere<\/td><td>Eintreten<\/td><\/tr><tr><td>pila sursum<\/td><td>Die Speere hoch<\/td><\/tr><tr><td>pila inclinite<\/td><td>Die Speere senkt<\/td><\/tr><tr><td>pila dorsum<\/td><td>Die Speere ab<\/td><\/tr><tr><td>genua flectite<\/td><td>Niederknien<\/td><\/tr><tr><td>sugite<\/td><td>Aufstehen<\/td><\/tr><tr><td>sacinas sumite<\/td><td>Gep\u00e4ck aufnehmen<\/td><\/tr><tr><td>sacinas deponite&nbsp;<\/td><td>Gep\u00e4ck ablegen<\/td><\/tr><tr><td>ad arma<\/td><td>Zu den Waffen<\/td><\/tr><tr><td>arma deponite<\/td><td>Waffen ablegen<\/td><\/tr><tr><td>in tabernacula<\/td><td>In die Zelte<\/td><\/tr><tr><td>e tabernaculis&nbsp;<\/td><td>Vor den Zelten antreten<\/td><\/tr><tr><td>exinguite lumina<\/td><td>Licht aus<\/td><\/tr><\/tbody><\/table><\/figure>\n","protected":false},"excerpt":{"rendered":"<p>Dies ist nur ein kleiner \u00dcberblick \u00fcber die g\u00e4ngigsten Befehle in der r\u00f6mischen Armee. Selbstverst\u00e4ndlich k\u00f6nnte dieser Bereich noch um eine Vielzahl an Befehlen erweitert werden, die bei Kampfhandlungen der Legion\u00e4re zur Anwendung gekommen sind. Wie z.B. das Bilden einer Testudo\/Schildkr\u00f6te oder eines Schildwalls (Fulcum). Convenite Sammeln Venite Antreten in Agmen venite in Kolonne antreten &hellip; <a href=\"https:\/\/www.roemische-legion.de\/de_de\/?page_id=506\" class=\"more-link\"><span class=\"screen-reader-text\">\u201eR\u00f6misches Milit\u00e4r &#8211; Befehle\u201c<\/span> weiterlesen<\/a><\/p>\n","protected":false},"author":1,"featured_media":0,"parent":501,"menu_order":100,"comment_status":"closed","ping_status":"closed","template":"","meta":{"footnotes":""},"class_list":["post-506","page","type-page","status-publish","hentry"],"_links":{"self":[{"href":"https:\/\/www.roemische-legion.de\/de_de\/index.php?rest_route=\/wp\/v2\/pages\/506","targetHints":{"allow":["GET"]}}],"collection":[{"href":"https:\/\/www.roemische-legion.de\/de_de\/index.php?rest_route=\/wp\/v2\/pages"}],"about":[{"href":"https:\/\/www.roemische-legion.de\/de_de\/index.php?rest_route=\/wp\/v2\/types\/page"}],"author":[{"embeddable":true,"href":"https:\/\/www.roemische-legion.de\/de_de\/index.php?rest_route=\/wp\/v2\/users\/1"}],"replies":[{"embeddable":true,"href":"https:\/\/www.roemische-legion.de\/de_de\/index.php?rest_route=%2Fwp%2Fv2%2Fcomments&post=506"}],"version-history":[{"count":11,"href":"https:\/\/www.roemische-legion.de\/de_de\/index.php?rest_route=\/wp\/v2\/pages\/506\/revisions"}],"predecessor-version":[{"id":4046,"href":"https:\/\/www.roemische-legion.de\/de_de\/index.php?rest_route=\/wp\/v2\/pages\/506\/revisions\/4046"}],"up":[{"embeddable":true,"href":"https:\/\/www.roemische-legion.de\/de_de\/index.php?rest_route=\/wp\/v2\/pages\/501"}],"wp:attachment":[{"href":"https:\/\/www.roemische-legion.de\/de_de\/index.php?rest_route=%2Fwp%2Fv2%2Fmedia&parent=506"}],"curies":[{"name":"wp","href":"https:\/\/api.w.org\/{rel}","templated":true}]}}