{"id":527,"date":"2016-10-16T15:31:46","date_gmt":"2016-10-16T15:31:46","guid":{"rendered":"http:\/\/wordpress.roemische-legion.de\/?page_id=527"},"modified":"2024-07-16T19:44:29","modified_gmt":"2024-07-16T19:44:29","slug":"weblinks","status":"publish","type":"page","link":"https:\/\/www.roemische-legion.de\/de_de\/?page_id=527","title":{"rendered":"Legio II Italica &#8211; Weblinks"},"content":{"rendered":"<p>Wir sind regelm\u00e4\u00dfig im Web unterwegs und auf der Suche nach neuen wichtigen und gro\u00dfartigen Webseiten. Hier finden Sie unsere Linksammlung, die wir f\u00fcr Sie zusammengestellt haben.<\/p>\n<p><a href=\"https:\/\/www.roemische-legion.de\/?page_id=529\">Gruppen \/ Darsteller<\/a><\/p>\n<p><a href=\"https:\/\/www.roemische-legion.de\/?page_id=531\">H\u00e4ndler \/ Replikate<\/a><\/p>\n<p><a href=\"https:\/\/www.roemische-legion.de\/?page_id=534\">Museen \/ Ausstellungen<\/a><\/p>\n<p><a href=\"https:\/\/www.roemische-legion.de\/?page_id=536\">Verschiedenes<\/a><\/p>\n","protected":false},"excerpt":{"rendered":"<p>Wir sind regelm\u00e4\u00dfig im Web unterwegs und auf der Suche nach neuen wichtigen und gro\u00dfartigen Webseiten. Hier finden Sie unsere Linksammlung, die wir f\u00fcr Sie zusammengestellt haben. Gruppen \/ Darsteller H\u00e4ndler \/ Replikate Museen \/ Ausstellungen Verschiedenes<\/p>\n","protected":false},"author":1,"featured_media":0,"parent":0,"menu_order":55,"comment_status":"closed","ping_status":"closed","template":"","meta":{"footnotes":""},"class_list":["post-527","page","type-page","status-publish","hentry"],"_links":{"self":[{"href":"https:\/\/www.roemische-legion.de\/de_de\/index.php?rest_route=\/wp\/v2\/pages\/527","targetHints":{"allow":["GET"]}}],"collection":[{"href":"https:\/\/www.roemische-legion.de\/de_de\/index.php?rest_route=\/wp\/v2\/pages"}],"about":[{"href":"https:\/\/www.roemische-legion.de\/de_de\/index.php?rest_route=\/wp\/v2\/types\/page"}],"author":[{"embeddable":true,"href":"https:\/\/www.roemische-legion.de\/de_de\/index.php?rest_route=\/wp\/v2\/users\/1"}],"replies":[{"embeddable":true,"href":"https:\/\/www.roemische-legion.de\/de_de\/index.php?rest_route=%2Fwp%2Fv2%2Fcomments&post=527"}],"version-history":[{"count":5,"href":"https:\/\/www.roemische-legion.de\/de_de\/index.php?rest_route=\/wp\/v2\/pages\/527\/revisions"}],"predecessor-version":[{"id":3717,"href":"https:\/\/www.roemische-legion.de\/de_de\/index.php?rest_route=\/wp\/v2\/pages\/527\/revisions\/3717"}],"wp:attachment":[{"href":"https:\/\/www.roemische-legion.de\/de_de\/index.php?rest_route=%2Fwp%2Fv2%2Fmedia&parent=527"}],"curies":[{"name":"wp","href":"https:\/\/api.w.org\/{rel}","templated":true}]}}