{"id":529,"date":"2016-10-16T15:32:33","date_gmt":"2016-10-16T15:32:33","guid":{"rendered":"http:\/\/wordpress.roemische-legion.de\/?page_id=529"},"modified":"2025-10-25T09:14:41","modified_gmt":"2025-10-25T09:14:41","slug":"gruppen-darsteller","status":"publish","type":"page","link":"https:\/\/www.roemische-legion.de\/de_de\/?page_id=529","title":{"rendered":"Gruppen \/ Darsteller"},"content":{"rendered":"\n<p><strong>Kelten &amp; R\u00f6mer e.V. Geschichte zum Anfassen\/Der Verein zeigt keine Keltendarstellung mehr. <\/strong><\/p>\n\n\n\n<p>&#8211;&gt; <a href=\"https:\/\/www.kelten-roemer-ev.de\" data-type=\"URL\" data-id=\"https:\/\/www.kelten-roemer-ev.de\">https:\/\/www.kelten-roemer-ev.de<\/a>                                                                                                      <\/p>\n\n\n\n<p><strong>Legio I Consularis und Legio XIII Gemina (Exercitus Pannonia Superior)<\/strong><br>Gesellschaft f\u00fcr r\u00f6mische Geschichtsdarstellung in \u00d6sterreich<br>&#8211;&gt; <a href=\"http:\/\/www.legxiii.at\/\">http:\/\/www.legxiii.at\/<\/a><\/p>\n\n\n\n<p><strong>Legio III Italica Antoniniana (Regensburg)<\/strong><br>Verein der Freunde der alten Geschichte<br>&#8211;&gt; <a href=\"https:\/\/www.vefag-regensburg.de\/\">https:\/\/www.vefag-regensburg.de\/<\/a><br>&#8211;&gt; <a href=\"http:\/\/www.legion-regensburg.de\/\">http:\/\/www.legion-regensburg.de\/<\/a> <br>&#8211;&gt; <a href=\"https:\/\/www.facebook.com\/LEG.III.ITAL.ANT\">https:\/\/www.facebook.com\/LEG.III.ITAL.ANT<\/a><br>&#8211;&gt; <a href=\"https:\/\/www.instagram.com\/freundederaltengeschichte\/\">https:\/\/www.instagram.com\/freundederaltengeschichte\/<\/a><\/p>\n\n\n\n<p><strong>Legio III Italica p.f. (Ingolstadt)<\/strong><br>Interessengemeinschaft f\u00fcr lebendige Geschichtsdarstellung im Historischen Verein Ingolstadt.<br>&#8211;&gt; <a href=\"https:\/\/www.facebook.com\/Legio3PiaFidelis\">https:\/\/www.facebook.com\/Legio3PiaFidelis<\/a><\/p>\n\n\n\n<p><strong>Legio XV Apollinariss Cohors I<\/strong><br>R\u00f6mergruppe f\u00fcr experientelle Geschichte aus Pram (Ober\u00f6sterreich)<br>&#8211;&gt; <a href=\"http:\/\/legioxv.org\/\">http:\/\/www.legioxv.org\/<\/a><br>&#8211;&gt; <a href=\"https:\/\/www.facebook.com\/legioxvapo\/\">https:\/\/www.facebook.com\/legioxvapo\/<\/a><\/p>\n\n\n\n<hr class=\"wp-block-separator has-css-opacity\"\/>\n\n\n\n<p><strong>Alauni<\/strong><br>Im Fokus dieser Gruppe stehen die Kelten vom Dirrnsberg.<br>&#8211;&gt; <a href=\"https:\/\/www.alauni.org\/\">https:\/\/www.alauni.org\/<\/a><br>&#8211;&gt; <a href=\"https:\/\/www.facebook.com\/Alauni-Lebendige-Geschichte-Living-History-194092400616503\/\">https:\/\/www.facebook.com\/Alauni-Lebendige-Geschichte-Living-History-194092400616503\/<\/a><\/p>\n\n\n\n<p><strong>Baiovarii<\/strong><br>Baiovarii.com versteht sich als Netzwerk und Informationsplattform f\u00fcr \u201elebendige Geschichte\u201c bezogen auf die Fr\u00fchgeschichte Bayerns.<br>&#8211;&gt; <a href=\"https:\/\/baiovarii.com\/\">https:\/\/baiovarii.com\/<\/a><\/p>\n\n\n\n<p><strong>Comitatus<\/strong><br>Englische Gruppe &#8211; Prim\u00e4re Darstellung der sp\u00e4tr\u00f6mischen Armee.<br>&#8211;&gt; <a href=\"http:\/\/www.comitatus.net\/\">http:\/\/www.comitatus.net\/<\/a><br>&#8211;&gt; <a href=\"https:\/\/www.facebook.com\/ComitatusRomans\">https:\/\/www.facebook.com\/ComitatusRomans<\/a><\/p>\n\n\n\n<p><strong>Die Boier in Bayern<\/strong><br>Keltische Darstellung der mittleren und sp\u00e4ten LaTene-Zeit.<br>&#8211;&gt; <a href=\"http:\/\/www.boier.de\/\">http:\/\/www.boier.de\/<\/a><\/p>\n\n\n\n<p><strong>Fectio<\/strong><br>Niederl\u00e4ndische Reenactment-Vereinigung mit Schwerpunkt Milit\u00e4r.<br>&#8211;&gt; <a href=\"http:\/\/www.fectio.org.uk\/\">http:\/\/www.fectio.org.uk\/<\/a><\/p>\n\n\n\n<p><strong>Gentes Danubii<\/strong><br>Verschiedene Darstellungen vergangener Epochen von der Urnenfelder Kultur bis zu den Awaren.<br>&#8211;&gt; <a href=\"https:\/\/www.gentes-danubii.at\/\">https:\/\/www.gentes-danubii.at\/<\/a><\/p>\n\n\n\n<p><strong>Istros Keltoi<\/strong><br>Der keltische Teil der IG Kelten-R\u00f6mer-Germanen.<br>&#8211;&gt;<a href=\"http:\/\/istros-keltoi.de\/\">http:\/\/istros-keltoi.de\/<\/a><\/p>\n\n\n\n<p><strong>Ostgotengruppe Svarafulk<\/strong><br>Europas einzige Ostgotengruppe<br>&#8211;&gt; <a href=\"https:\/\/swarafulk.de\/\">https:\/\/swarafulk.de\/<\/a><\/p>\n\n\n\n<p><strong>Populares Vindelicenses<\/strong><br>Historische R\u00f6mergruppe aus Augsburg. Darstellung 3. und 4. Jahrhundert n. Chr., Provinz Raetien.<br>&#8211;&gt; <a href=\"http:\/\/www.populares-vindelicenses.de\/\">http:\/\/www.populares-vindelicenses.org<\/a><\/p>\n\n\n\n<p><strong>Timetrotter<\/strong><br>R\u00f6mische Reiterei und vieles mehr<br>&#8211;&gt; <a href=\"http:\/\/www.timetrotter.de\/\">http:\/\/www.timetrotter.de\/<\/a><br><br><\/p>\n","protected":false},"excerpt":{"rendered":"<p>Kelten &amp; R\u00f6mer e.V. Geschichte zum Anfassen\/Der Verein zeigt keine Keltendarstellung mehr. &#8211;&gt; https:\/\/www.kelten-roemer-ev.de Legio I Consularis und Legio XIII Gemina (Exercitus Pannonia Superior)Gesellschaft f\u00fcr r\u00f6mische Geschichtsdarstellung in \u00d6sterreich&#8211;&gt; http:\/\/www.legxiii.at\/ Legio III Italica Antoniniana (Regensburg)Verein der Freunde der alten Geschichte&#8211;&gt; https:\/\/www.vefag-regensburg.de\/&#8211;&gt; http:\/\/www.legion-regensburg.de\/ &#8211;&gt; https:\/\/www.facebook.com\/LEG.III.ITAL.ANT&#8211;&gt; https:\/\/www.instagram.com\/freundederaltengeschichte\/ Legio III Italica p.f. (Ingolstadt)Interessengemeinschaft f\u00fcr lebendige Geschichtsdarstellung im Historischen &hellip; <a href=\"https:\/\/www.roemische-legion.de\/de_de\/?page_id=529\" class=\"more-link\"><span class=\"screen-reader-text\">\u201eGruppen \/ Darsteller\u201c<\/span> weiterlesen<\/a><\/p>\n","protected":false},"author":1,"featured_media":0,"parent":527,"menu_order":10,"comment_status":"closed","ping_status":"closed","template":"","meta":{"footnotes":""},"class_list":["post-529","page","type-page","status-publish","hentry"],"_links":{"self":[{"href":"https:\/\/www.roemische-legion.de\/de_de\/index.php?rest_route=\/wp\/v2\/pages\/529","targetHints":{"allow":["GET"]}}],"collection":[{"href":"https:\/\/www.roemische-legion.de\/de_de\/index.php?rest_route=\/wp\/v2\/pages"}],"about":[{"href":"https:\/\/www.roemische-legion.de\/de_de\/index.php?rest_route=\/wp\/v2\/types\/page"}],"author":[{"embeddable":true,"href":"https:\/\/www.roemische-legion.de\/de_de\/index.php?rest_route=\/wp\/v2\/users\/1"}],"replies":[{"embeddable":true,"href":"https:\/\/www.roemische-legion.de\/de_de\/index.php?rest_route=%2Fwp%2Fv2%2Fcomments&post=529"}],"version-history":[{"count":33,"href":"https:\/\/www.roemische-legion.de\/de_de\/index.php?rest_route=\/wp\/v2\/pages\/529\/revisions"}],"predecessor-version":[{"id":4667,"href":"https:\/\/www.roemische-legion.de\/de_de\/index.php?rest_route=\/wp\/v2\/pages\/529\/revisions\/4667"}],"up":[{"embeddable":true,"href":"https:\/\/www.roemische-legion.de\/de_de\/index.php?rest_route=\/wp\/v2\/pages\/527"}],"wp:attachment":[{"href":"https:\/\/www.roemische-legion.de\/de_de\/index.php?rest_route=%2Fwp%2Fv2%2Fmedia&parent=529"}],"curies":[{"name":"wp","href":"https:\/\/api.w.org\/{rel}","templated":true}]}}