{"id":531,"date":"2016-10-16T15:35:13","date_gmt":"2016-10-16T15:35:13","guid":{"rendered":"http:\/\/wordpress.roemische-legion.de\/?page_id=531"},"modified":"2024-10-27T19:21:34","modified_gmt":"2024-10-27T19:21:34","slug":"haendler-replikate","status":"publish","type":"page","link":"https:\/\/www.roemische-legion.de\/de_de\/?page_id=531","title":{"rendered":"H\u00e4ndler \/ Replikate"},"content":{"rendered":"<p>Hier wird von uns eingekauft!<\/p>\n<p><a class=\"category\" href=\"http:\/\/www.muenzen-plesa.de\/de\/\">Antike M\u00fcnzen<\/a><br \/>&#8211;&gt; http:\/\/www.muenzen-plesa.de\/de\/<br \/>Der Titel spricht f\u00fcr sich.<\/p>\n<p><a class=\"category\" href=\"http:\/\/www.armae.com\/\">Armae<\/a><br \/>&#8211;&gt; http:\/\/www.armae.com\/<br \/>Repliken &#8211; Antike bis zum 20. Jahrhundert. Franz\u00f6sischer H\u00e4ndler.<\/p>\n<p><a class=\"category\" href=\"http:\/\/armillum.com\/en\/\">Armillum<\/a><br \/>&#8211;&gt; http:\/\/armillum.com\/en\/<br \/>Anbieter r\u00f6mischer Replikate aus Spanien.<\/p>\n<p><a class=\"category\" href=\"http:\/\/www.replik-online.de\/de\/index2.html\">Aurificina Treverica<\/a><br \/>&#8211;&gt; http:\/\/www.replik-online.de\/de\/index2.html<br \/>Replikate Eric Lechl und Ira K\u00f6nig<\/p>\n<p><a class=\"category\" href=\"http:\/\/www.bastilippo.de\/de\/index.html\">Bastilippo<\/a><br \/>&#8211;&gt; http:\/\/www.bastilippo.de\/de\/index.html<br \/>R\u00f6mische Mosaike, Figuren und \u00d6llampen<\/p>\n<p><a class=\"category\" href=\"https:\/\/www.battlemerchant.com\/\">Battle Merchant<\/a><br \/>&#8211;&gt; https:\/\/www.battlemerchant.com\/<br \/>Waffen, Ausr\u00fcstung etc. Auch Deepeeka-H\u00e4ndler<\/p>\n<p><a class=\"category\" href=\"http:\/\/www.berbekuczviktor.hu\/\">Berbekucz Viktor<\/a><br \/>&#8211;&gt; http:\/\/www.berbekuczviktor.hu\/<br \/>Unser Waffenschmied aus Ungarn.<\/p>\n<p><a class=\"category\" href=\"http:\/\/www.cultellus.de\/\">Cultellus<\/a><br \/>&#8211;&gt; http:\/\/www.cultellus.de\/<br \/>R\u00f6mische Messer und Klingen.<\/p>\n<p>&#8211;&gt;\u00a0<br \/><a class=\"category\" href=\"http:\/\/www.aus-omas-truhe.de\/home\">Deepeeka-Anbieter Deutschland<\/a><br \/>&#8211;&gt; http:\/\/www.aus-omas-truhe.de\/home<br \/>Verkauft Replikate des gleichnamigen indischen Herstellers.<\/p>\n<p><a class=\"category\" href=\"http:\/\/www.forumtraiani.de\/\">Forum Traiani<\/a><br \/>&#8211;&gt; http:\/\/www.forumtraiani.de\/<br \/>Kaufhaus der Antike<\/p>\n<p><a class=\"category\" href=\"http:\/\/www.frisius-f.de\/\">Frisius<\/a><br \/>&#8211;&gt; http:\/\/www.frisius-f.de\/<br \/>Arch\u00e4ologische Rekonstruktionen<\/p>\n<p><a class=\"category\" href=\"http:\/\/www.hr-replikate.de\/\">Holger Ratsdorf<\/a><br \/>&#8211;&gt; http:\/\/www.hr-replikate.de\/<br \/>Arch\u00e4ologische Rekonstruktionen<\/p>\n<p><a class=\"category\" href=\"http:\/\/www.binsfeld-replikate.de\/Info.htm\">Hans Binsfeld<\/a><br \/>&#8211;&gt; http:\/\/www.binsfeld-replikate.de\/Info.htm<br \/>Arch\u00e4ologische Rekonstruktionen<\/p>\n<p><a class=\"category\" href=\"http:\/\/www.hannyrdi.de\/\">Hannyrdi<\/a><br \/>&#8211;&gt; http:\/\/www.hannyrdi.de\/<br \/>Handgen\u00e4hte Ma\u00dfanfertigungen, pflanzengef\u00e4rbte Garne und Stoffe.<\/p>\n<p><a href=\"https:\/\/lacasadelrecreador.com\">La Casa Del Recreador<\/a><br \/>&#8211;&gt; https:\/\/lacasadelrecreador.com<br \/>Reenactmentbedarf von der Antike bis Sp\u00e4tmittelalter<\/p>\n<p><a href=\"http:\/\/sutor.jimdo.com\/\">Lederarbeiten Martin Moser<\/a><br \/>&#8211;&gt; http:\/\/sutor.jimdo.com\/<br \/>Lederarbeiten wie G\u00fcrtel, Schuhe etc. vom Feinsten.<\/p>\n<p><a class=\"category\" href=\"http:\/\/www.medievaldesign.com\/\">Medieval Design<\/a><br \/>&#8211;&gt; http:\/\/www.medievaldesign.com\/<br \/>Reenactmentbedarf von der Antike bis Sp\u00e4tmittelalter<\/p>\n<p><a class=\"category\" href=\"http:\/\/www.reenactors.de\/\">Reenactors<\/a><br \/>&#8211;&gt; http:\/\/www.reenactors.de\/<br \/>Von der Fr\u00fchgeschichte bis ins 19. Jahrhundert<\/p>\n<p><a class=\"category\" href=\"http:\/\/www.replik.de\/\">Replik<\/a><br \/>&#8211;&gt; http:\/\/www.replik.de\/<br \/>Markus Neidhardt<\/p>\n<p><a class=\"category\" href=\"http:\/\/schnorr-keramik.com\/04_04_terra_1.htm\">Schnorr-Keramik<\/a><br \/>&#8211;&gt; http:\/\/schnorr-keramik.com\/04_04_terra_1.htm<br \/>Repliken von r\u00f6mischer Terra Sigillata.<\/p>\n\n\n<p><\/p>\n","protected":false},"excerpt":{"rendered":"<p>Hier wird von uns eingekauft! Antike M\u00fcnzen&#8211;&gt; http:\/\/www.muenzen-plesa.de\/de\/Der Titel spricht f\u00fcr sich. Armae&#8211;&gt; http:\/\/www.armae.com\/Repliken &#8211; Antike bis zum 20. Jahrhundert. Franz\u00f6sischer H\u00e4ndler. Armillum&#8211;&gt; http:\/\/armillum.com\/en\/Anbieter r\u00f6mischer Replikate aus Spanien. Aurificina Treverica&#8211;&gt; http:\/\/www.replik-online.de\/de\/index2.htmlReplikate Eric Lechl und Ira K\u00f6nig Bastilippo&#8211;&gt; http:\/\/www.bastilippo.de\/de\/index.htmlR\u00f6mische Mosaike, Figuren und \u00d6llampen Battle Merchant&#8211;&gt; https:\/\/www.battlemerchant.com\/Waffen, Ausr\u00fcstung etc. Auch Deepeeka-H\u00e4ndler Berbekucz Viktor&#8211;&gt; http:\/\/www.berbekuczviktor.hu\/Unser Waffenschmied aus Ungarn. &hellip; <a href=\"https:\/\/www.roemische-legion.de\/de_de\/?page_id=531\" class=\"more-link\"><span class=\"screen-reader-text\">\u201eH\u00e4ndler \/ Replikate\u201c<\/span> weiterlesen<\/a><\/p>\n","protected":false},"author":1,"featured_media":0,"parent":527,"menu_order":20,"comment_status":"closed","ping_status":"closed","template":"","meta":{"footnotes":""},"class_list":["post-531","page","type-page","status-publish","hentry"],"_links":{"self":[{"href":"https:\/\/www.roemische-legion.de\/de_de\/index.php?rest_route=\/wp\/v2\/pages\/531","targetHints":{"allow":["GET"]}}],"collection":[{"href":"https:\/\/www.roemische-legion.de\/de_de\/index.php?rest_route=\/wp\/v2\/pages"}],"about":[{"href":"https:\/\/www.roemische-legion.de\/de_de\/index.php?rest_route=\/wp\/v2\/types\/page"}],"author":[{"embeddable":true,"href":"https:\/\/www.roemische-legion.de\/de_de\/index.php?rest_route=\/wp\/v2\/users\/1"}],"replies":[{"embeddable":true,"href":"https:\/\/www.roemische-legion.de\/de_de\/index.php?rest_route=%2Fwp%2Fv2%2Fcomments&post=531"}],"version-history":[{"count":19,"href":"https:\/\/www.roemische-legion.de\/de_de\/index.php?rest_route=\/wp\/v2\/pages\/531\/revisions"}],"predecessor-version":[{"id":4007,"href":"https:\/\/www.roemische-legion.de\/de_de\/index.php?rest_route=\/wp\/v2\/pages\/531\/revisions\/4007"}],"up":[{"embeddable":true,"href":"https:\/\/www.roemische-legion.de\/de_de\/index.php?rest_route=\/wp\/v2\/pages\/527"}],"wp:attachment":[{"href":"https:\/\/www.roemische-legion.de\/de_de\/index.php?rest_route=%2Fwp%2Fv2%2Fmedia&parent=531"}],"curies":[{"name":"wp","href":"https:\/\/api.w.org\/{rel}","templated":true}]}}