{"id":534,"date":"2016-10-16T15:59:37","date_gmt":"2016-10-16T15:59:37","guid":{"rendered":"http:\/\/wordpress.roemische-legion.de\/?page_id=534"},"modified":"2025-11-14T19:09:22","modified_gmt":"2025-11-14T19:09:22","slug":"museen-ausstellungen","status":"publish","type":"page","link":"https:\/\/www.roemische-legion.de\/de_de\/?page_id=534","title":{"rendered":"Museen \/ Ausstellungen"},"content":{"rendered":"<p>Hier findet man\u00a0interessante Museen und Sammlungen, speziell f\u00fcr den Themenbereich R\u00f6mer.<\/p>\n<p><a class=\"category\" href=\"http:\/\/www.museum-lauriacum.at\/\">R\u00f6mermuseum Lauriacum<br \/>\n<\/a>\u00a0&#8211;&gt; http:\/\/www.museum-lauriacum.at\/<br \/>\nEine der bedeutensten R\u00f6mersammlungen \u00d6sterreichs.<\/p>\n<p><a class=\"category\" href=\"http:\/\/roemermuseum-bedaium.byseum.de\/de\/home\">R\u00f6mermuseum Seebruck\/Chiemsee<br \/>\n<\/a>\u00a0&#8211;&gt; http:\/\/roemermuseum-bedaium.byseum.de\/de\/home<br \/>\nViele keltische und r\u00f6mische Funde in einem kleinen, ansprechenden Museum. Speziell R\u00f6merfunde aus dem Siedlungsbereich des antiken Bedaium am Chiemsee.<\/p>\n<p><a href=\"https:\/\/www.museum.de\/museen\/r%C3%B6mermuseum-kastell-boiotro---passau\">R\u00f6mermuseum Boiotro<\/a><br \/>\n&#8211;&gt; https:\/\/www.museum.de\/museen\/r%C3%B6mermuseum-kastell-boiotro&#8212;passau<br \/>\nDas Museum zeigt ausschlie\u00dflich Funde aus Passau und befindet sich auf den Fundamenten des sp\u00e4tr\u00f6mischen Kastells.<\/p>\n<p><a href=\"https:\/\/www.gaeubodenmuseum.de\/\">R\u00f6mermuseum G\u00e4ubodenmuseum<\/a><br \/>\n&#8211;&gt; https:\/\/www.gaeubodenmuseum.de\/<br \/>\nGlanzst\u00fccke der R\u00f6mersammlung sind Gesichtshelme, Beinschienen und Rossstirnen r\u00f6mischer Parader\u00fcstungen.<\/p>\n<p><a href=\"https:\/\/www.museum-quintana.de\/\">R\u00f6mermuseum K\u00fcnzing<\/a><br \/>\n&#8211;&gt; https:\/\/www.museum-quintana.de\/<br \/>\nDas Museum zeigt einzigartige arch\u00e4ologische Funde aus K\u00fcnzing auf \u00fcber 700 qm Ausstellungsfl\u00e4che.<\/p>\n<p><a class=\"category\" href=\"http:\/\/www.bajuwaren-kipfenberg.de\/\">Museum Kipfenberg<\/a><br \/>\n&#8211;&gt; http:\/\/www.bajuwaren-kipfenberg.de\/<br \/>\nR\u00f6mer- und Bajuwarenmuseum im Naturpark Altm\u00fchltal. Sehr zu empfehlen.<\/p>\n<p><a class=\"category\" href=\"http:\/\/www.museum-manching.de\/\">Museum Manching<\/a><br \/>\n&#8211;&gt; http:\/\/www.museum-manching.de\/<br \/>\nBedeutende keltische und r\u00f6mische Funde. Keltenstadt Manching und r\u00f6misches Kastell Manching\/Oberstimm.<\/p>\n<p><a class=\"category\" href=\"http:\/\/www.villa-rustica.de\/\">Villa Rustica Hechingen-Stein<\/a><br \/>\n&#8211;&gt; http:\/\/www.villa-rustica.de\/<br \/>\nRekonstruierter r\u00f6mischer Gutshof des 1. &#8211; 3. Jahrhunderts n.Chr.<\/p>\n<p><a class=\"category\" href=\"http:\/\/www.apc-kempten.de\/\">Cambodunum<\/a><br \/>\n&#8211;&gt; http:\/\/www.apc-kempten.de\/<br \/>\n2000 Jahre alte r\u00f6mische Stadtgeschichte, sichtbar in Spuren und Funden.<\/p>\n<p><a class=\"category\" href=\"http:\/\/www.limesmuseum.de\">Limesmuseum Aalen<\/a><br \/>\n&#8211;&gt; http:\/\/www.limesmuseum.de<br \/>\nGr\u00f6\u00dftes R\u00f6mermuseum S\u00fcddeutschlands auf dem ehemals gr\u00f6\u00dften r\u00f6mischen Reiterkastells n\u00f6rdlich der Alpen.<\/p>\n<p><a class=\"category\" href=\"http:\/\/www.terra-sigillata-museum.de\/\">Terra Sigillata-Museum Rheinzabern<\/a><br \/>\n&#8211;&gt; http:\/\/www.terra-sigillata-museum.de\/<br \/>\nFunde aus den gr\u00f6\u00dften Terra Sigillata-Manufakturen n\u00f6rdlich der Alpen des 2. und 3. Jahrhunderts n. Chr.<\/p>\n<p><a class=\"category\" href=\"http:\/\/www.apx.lvr.de\/de\/willkommen\/willkommen_1.html\">Arch\u00e4ologischer Park Xanten<\/a><br \/>\n&#8211;&gt; http:\/\/www.apx.lvr.de\/de\/willkommen\/willkommen_1.html<br \/>\nDeutschlands gr\u00f6\u00dftes arch\u00e4ologisches Freilichtmuseum.<\/p>\n<p><a class=\"category\" href=\"http:\/\/www.museenkoeln.de\/portal\/pages\/326.aspx?\">R\u00f6misch-Germanisches Museum<\/a><br \/>\n&#8211;&gt; http:\/\/www.museenkoeln.de\/portal\/pages\/326.aspx?<br \/>\nArch\u00e4ologisches Erbe der Stadt K\u00f6ln von der Urgeschichte bis zum fr\u00fchen Mittelalter.<\/p>\n<p><a class=\"category\" href=\"http:\/\/www.carnuntum.at\/\">Carnuntum<\/a><br \/>\n&#8211;&gt; http:\/\/www.carnuntum.at\/<br \/>\nArch\u00e4ologischer Park mit einer Vielzahl rekonstruierter Geb\u00e4ude auf den Grundmauern der ehemaligen Provinzhauptstadt von Pannonien.<\/p>\n<p><a href=\"http:\/\/www.digitales-forum-romanum.de\">Digitales Forum Romanum<\/a><br \/>\n&#8211;&gt;\u00a0http:\/\/www.digitales-forum-romanum.de<br \/>\nForschungs- &amp; Lehrprojekt des Winckelmann-Instituts der Humboldt-Universit\u00e4t zu Berlin in Kooperation mit dem Exzellenzcluster TOPOI<\/p>\n","protected":false},"excerpt":{"rendered":"<p>Hier findet man\u00a0interessante Museen und Sammlungen, speziell f\u00fcr den Themenbereich R\u00f6mer. R\u00f6mermuseum Lauriacum \u00a0&#8211;&gt; http:\/\/www.museum-lauriacum.at\/ Eine der bedeutensten R\u00f6mersammlungen \u00d6sterreichs. R\u00f6mermuseum Seebruck\/Chiemsee \u00a0&#8211;&gt; http:\/\/roemermuseum-bedaium.byseum.de\/de\/home Viele keltische und r\u00f6mische Funde in einem kleinen, ansprechenden Museum. Speziell R\u00f6merfunde aus dem Siedlungsbereich des antiken Bedaium am Chiemsee. R\u00f6mermuseum Boiotro &#8211;&gt; https:\/\/www.museum.de\/museen\/r%C3%B6mermuseum-kastell-boiotro&#8212;passau Das Museum zeigt ausschlie\u00dflich Funde aus Passau &hellip; <a href=\"https:\/\/www.roemische-legion.de\/de_de\/?page_id=534\" class=\"more-link\"><span class=\"screen-reader-text\">\u201eMuseen \/ Ausstellungen\u201c<\/span> weiterlesen<\/a><\/p>\n","protected":false},"author":1,"featured_media":0,"parent":527,"menu_order":30,"comment_status":"closed","ping_status":"closed","template":"","meta":{"footnotes":""},"class_list":["post-534","page","type-page","status-publish","hentry"],"_links":{"self":[{"href":"https:\/\/www.roemische-legion.de\/de_de\/index.php?rest_route=\/wp\/v2\/pages\/534","targetHints":{"allow":["GET"]}}],"collection":[{"href":"https:\/\/www.roemische-legion.de\/de_de\/index.php?rest_route=\/wp\/v2\/pages"}],"about":[{"href":"https:\/\/www.roemische-legion.de\/de_de\/index.php?rest_route=\/wp\/v2\/types\/page"}],"author":[{"embeddable":true,"href":"https:\/\/www.roemische-legion.de\/de_de\/index.php?rest_route=\/wp\/v2\/users\/1"}],"replies":[{"embeddable":true,"href":"https:\/\/www.roemische-legion.de\/de_de\/index.php?rest_route=%2Fwp%2Fv2%2Fcomments&post=534"}],"version-history":[{"count":14,"href":"https:\/\/www.roemische-legion.de\/de_de\/index.php?rest_route=\/wp\/v2\/pages\/534\/revisions"}],"predecessor-version":[{"id":4780,"href":"https:\/\/www.roemische-legion.de\/de_de\/index.php?rest_route=\/wp\/v2\/pages\/534\/revisions\/4780"}],"up":[{"embeddable":true,"href":"https:\/\/www.roemische-legion.de\/de_de\/index.php?rest_route=\/wp\/v2\/pages\/527"}],"wp:attachment":[{"href":"https:\/\/www.roemische-legion.de\/de_de\/index.php?rest_route=%2Fwp%2Fv2%2Fmedia&parent=534"}],"curies":[{"name":"wp","href":"https:\/\/api.w.org\/{rel}","templated":true}]}}