{"id":536,"date":"2016-10-16T16:00:28","date_gmt":"2016-10-16T16:00:28","guid":{"rendered":"http:\/\/wordpress.roemische-legion.de\/?page_id=536"},"modified":"2018-08-12T11:11:55","modified_gmt":"2018-08-12T11:11:55","slug":"verschiedenes","status":"publish","type":"page","link":"https:\/\/www.roemische-legion.de\/de_de\/?page_id=536","title":{"rendered":"Verschiedenes"},"content":{"rendered":"<p>Informative und interessante Bereiche speziell zum Thema Arch\u00e4ologie und Antike.<\/p>\n<p><a class=\"category\" href=\"http:\/\/www.vml.de\/\">Arch\u00e4ologischer Fachverlag Marie Leidorf<br \/>\n<\/a>&#8211;&gt; http:\/\/www.vml.de\/<br \/>\nGeh\u00f6rt zu den gr\u00f6\u00dferen deutschsprachigen Fachverlagen f\u00fcr Arch\u00e4ologie.<\/p>\n<p><a class=\"category\" href=\"http:\/\/www.imperium-romanum.com\/\">Imperium Romanum<br \/>\n<\/a>&#8211;&gt; http:\/\/www.imperium-romanum.com\/<br \/>\nAlles \u00fcber das r\u00f6mische Reich.<\/p>\n<p><a class=\"category\" href=\"http:\/\/www.limes-oesterreich.at\/html\/\">Der r\u00f6mische Limes in \u00d6sterreich<\/a><br \/>\n&#8211;&gt; http:\/\/www.limes-oesterreich.at\/html\/<br \/>\nSehr interessant und informativ.<\/p>\n<p><a class=\"category\" href=\"http:\/\/www.viajulia.de\/\">Via Julia<\/a> &#8211;&gt; http:\/\/www.viajulia.de\/<br \/>\nProjekt R\u00f6merstra\u00dfe Via Julia von G\u00fcnzburg nach Salzburg.<\/p>\n<p><a class=\"category\" href=\"http:\/\/www.kaluwi.de\/\">Via Julia empfiehlt<\/a>\u00a0 &#8211;&gt; http:\/\/www.kaluwi.de\/<br \/>\nInteressante Seite, auch f\u00fcr Sch\u00fcler und Lehrer.<\/p>\n<p><a class=\"category\" href=\"http:\/\/www.romancoins.info\/\">R\u00f6merfunde<\/a>\u00a0 &#8211;&gt; http:\/\/www.romancoins.info\/<br \/>\nR\u00f6mische M\u00fcnzen, Skulpturen und das Milit\u00e4rwesen (In Englisch).<\/p>\n<p><a class=\"category\" href=\"http:\/\/www.antikefan.de\/\">Antikefan<\/a> &#8211;&gt; http:\/\/www.antikefan.de\/<br \/>\nAntike Kulturen, St\u00e4dte und Themenbereiche.<\/p>\n<p><a class=\"category\" href=\"http:\/\/www.archaeologie-online.de\/\">Arch\u00e4ologie online<\/a>\u00a0 &#8211;&gt; http:\/\/www.archaeologie-online.de\/<br \/>\nAktuelles \u00fcber Funde, Ausstellungen und vieles mehr.<\/p>\n<p><a class=\"category\" href=\"http:\/\/www.antike-tischkultur.de\/\">Antike Wohnkultur<\/a>\u00a0 &#8211;&gt; http:\/\/www.antike-tischkultur.de\/<br \/>\nInteressante Informationen \u00fcber die r\u00f6mische Wohn- und Tischkultur<\/p>\n<p><a class=\"category\" href=\"http:\/\/www.archaeoforum.de\/\">Diskussionsforum<\/a> &#8211;&gt; http:\/\/www.archaeoforum.de\/<br \/>\nForum zur Vor- und Fr\u00fchgeschichte &#8211; Arch\u00e4ologie und Rekonstruktion<\/p>\n<p><a class=\"category\" href=\"http:\/\/daten.digitale-sammlungen.de\/~db\/bsb00005863\/images\/index.html?projekt=1157467155&amp;id=00005863&amp;fip=193.174.98.30&amp;no=&amp;seite=275\">Lanciarii Lauriacenses<\/a> &#8211;&gt; http:\/\/daten.digitale-sammlungen.de\/~db\/bsb00005863\/images\/index.html?projekt=1157467155&amp;id=00005863&amp;fip=193.174.98.30&amp;no=&amp;seite=275<br \/>\nSchildbemalung aus der Notitia Dignitatum<\/p>\n<p><a class=\"category\" href=\"http:\/\/daten.digitale-sammlungen.de\/~db\/bsb00005863\/images\/index.html?projekt=1157467155&amp;id=00005863&amp;fip=193.174.98.30&amp;no=&amp;seite=274\">Secundani Italiciani<\/a> &#8211;&gt; http:\/\/daten.digitale-sammlungen.de\/~db\/bsb00005863\/images\/index.html?projekt=1157467155&amp;id=00005863&amp;fip=193.174.98.30&amp;no=&amp;seite=274<br \/>\nSchildbemalung aus der Notitia Dignitatum<\/p>\n<p><a class=\"category\" href=\"http:\/\/www.chronico.de\/\">Chronico<\/a> &#8211;&gt; http:\/\/www.chronico.de\/<br \/>\nOnline-Magazin f\u00fcr Geschichte &#8211; Antike &#8211; Mittelalter &#8211;<\/p>\n<p><a class=\"category\" href=\"http:\/\/www.kinderzeitmaschine.de\/\">Kinderzeitmaschine<\/a><br \/>\n&#8211;&gt; http:\/\/www.kinderzeitmaschine.de\/<br \/>\nOnline-Zeitmaschine mit der Kinder zu den vergangene Kulturen unserer Welt reisen k\u00f6nnen.<\/p>\n","protected":false},"excerpt":{"rendered":"<p>Informative und interessante Bereiche speziell zum Thema Arch\u00e4ologie und Antike. Arch\u00e4ologischer Fachverlag Marie Leidorf &#8211;&gt; http:\/\/www.vml.de\/ Geh\u00f6rt zu den gr\u00f6\u00dferen deutschsprachigen Fachverlagen f\u00fcr Arch\u00e4ologie. Imperium Romanum &#8211;&gt; http:\/\/www.imperium-romanum.com\/ Alles \u00fcber das r\u00f6mische Reich. Der r\u00f6mische Limes in \u00d6sterreich &#8211;&gt; http:\/\/www.limes-oesterreich.at\/html\/ Sehr interessant und informativ. Via Julia &#8211;&gt; http:\/\/www.viajulia.de\/ Projekt R\u00f6merstra\u00dfe Via Julia von G\u00fcnzburg nach &hellip; <a href=\"https:\/\/www.roemische-legion.de\/de_de\/?page_id=536\" class=\"more-link\"><span class=\"screen-reader-text\">\u201eVerschiedenes\u201c<\/span> weiterlesen<\/a><\/p>\n","protected":false},"author":1,"featured_media":0,"parent":527,"menu_order":40,"comment_status":"closed","ping_status":"closed","template":"","meta":{"footnotes":""},"class_list":["post-536","page","type-page","status-publish","hentry"],"_links":{"self":[{"href":"https:\/\/www.roemische-legion.de\/de_de\/index.php?rest_route=\/wp\/v2\/pages\/536","targetHints":{"allow":["GET"]}}],"collection":[{"href":"https:\/\/www.roemische-legion.de\/de_de\/index.php?rest_route=\/wp\/v2\/pages"}],"about":[{"href":"https:\/\/www.roemische-legion.de\/de_de\/index.php?rest_route=\/wp\/v2\/types\/page"}],"author":[{"embeddable":true,"href":"https:\/\/www.roemische-legion.de\/de_de\/index.php?rest_route=\/wp\/v2\/users\/1"}],"replies":[{"embeddable":true,"href":"https:\/\/www.roemische-legion.de\/de_de\/index.php?rest_route=%2Fwp%2Fv2%2Fcomments&post=536"}],"version-history":[{"count":7,"href":"https:\/\/www.roemische-legion.de\/de_de\/index.php?rest_route=\/wp\/v2\/pages\/536\/revisions"}],"predecessor-version":[{"id":1102,"href":"https:\/\/www.roemische-legion.de\/de_de\/index.php?rest_route=\/wp\/v2\/pages\/536\/revisions\/1102"}],"up":[{"embeddable":true,"href":"https:\/\/www.roemische-legion.de\/de_de\/index.php?rest_route=\/wp\/v2\/pages\/527"}],"wp:attachment":[{"href":"https:\/\/www.roemische-legion.de\/de_de\/index.php?rest_route=%2Fwp%2Fv2%2Fmedia&parent=536"}],"curies":[{"name":"wp","href":"https:\/\/api.w.org\/{rel}","templated":true}]}}