{"id":583,"date":"2016-10-21T14:56:33","date_gmt":"2016-10-21T14:56:33","guid":{"rendered":"http:\/\/wordpress.roemische-legion.de\/?page_id=583"},"modified":"2026-02-15T16:05:49","modified_gmt":"2026-02-15T16:05:49","slug":"buecherarchiv","status":"publish","type":"page","link":"https:\/\/www.roemische-legion.de\/de_de\/?page_id=583","title":{"rendered":"Legio II Italica\/Lanciarii Lauriacenses &#8211; Literaturempfehlungen"},"content":{"rendered":"<p><strong><em>In meinem Archiv befinden sich viele B\u00fccher, auch antiquarisch, \u00fcber das r\u00f6mische Reich mit Schwerpunkten zu Ausgrabungen, Ausstellungen, Rekonstruktionen (Bewaffnung, Bekleidung), Pers\u00f6nlichkeiten etc. Auf dieser Seite werden im Wechsel immer wieder B\u00fccher vorgestellt. Klaus Peter Horack\u00a0<\/em><\/strong><\/p>\n<p><strong>Neu erworben Februar 2026<\/strong><\/p>\n<p><strong>Herculaneum &#8211; Vom Luxus zur Zerst\u00f6rung<\/strong> &#8211; 79 n. Chr. versch\u00fcttete der Vesuv die Stadt unter pyroklastischem Material, organische Funde wie Holz und Schriftrollen blieben erhalten- Umberto Pappalardo &#8211; Herder Verlag &#8211; <strong>ISBN 97-3-534-61192-8<\/strong><\/p>\n<p>&#8212;&#8212;&#8212;&#8212;&#8212;&#8212;&#8212;&#8212;&#8212;&#8212;&#8212;&#8212;&#8212;&#8212;&#8212;&#8212;&#8212;&#8212;&#8212;&#8212;<\/p>\n<p><strong>Bayern zu R\u00f6merzeit<\/strong> &#8211; F\u00fcnf Jahrhunderte geh\u00f6rten gro\u00dfe Teile Bayerns dem r\u00f6mischen Weltreich an. Welche Spuren hinterlie\u00df das Imperium im Alpenvorland? Der Band bietet neben aktuellen Karten und umfassendes Bildmaterial eine \u00dcbersicht der r\u00f6merzeitlichen Orte Bayerns, sowie eine kommentierte und \u00fcbersetzte Sammlung zentraler lateinischer Schriften und Textquellen &#8211; Karlheinz Dietz, Thomas und Veronika Fischer &#8211; Pustet Verlag &#8211; <strong>ISBN 9783-7-917-35207<\/strong><\/p>\n<p><strong>Marc Aurel &#8211; Kaiser, Feldherr, Philosoph<\/strong> &#8211; Begleitband zur gro\u00dfen Landesausstellung im Rheinischen Landesmuseum Trier vom 15. Juni bis 23. Nov. 2025. Reich illustriert mit hochrangigen Exponaten, Abbildungen und Karten &#8211; Verschiedene Autoren &#8211; Theiss-Verlag &#8211; <strong>ISBN 978-3-534-61047-1<\/strong><\/p>\n<p><strong>Der zierlichste Anblick der Welt &#8211; \u00c4gyptische (R\u00f6mische) Portr\u00e4tmumien<\/strong> &#8211; Die Portraits zeigen Frisurmoden, Kleidung, Schmuck usw. und die Darstellungen auf den Mumienk\u00f6rpern werden vor dem Hintergrund der \u00e4gyptischen und der griechisch-r\u00f6mischen Religion gedeutet. So werden bei den Portr\u00e4tmumien ihre sozialen, kulturellen und religi\u00f6sen Identit\u00e4ten und ihr Status in dieser Gesellschaftsschicht im r\u00f6mischen kaiserzeitlichen \u00c4gypten aufgezeigt. &#8211; Verlag Phillip von Zabern &#8211; Barbara Borg &#8211; <strong>ISBN 3-8053-2263-1\u00a0<\/strong><\/p>\n<p><strong>Exercitus Romanus &#8211; Roms Streitkr\u00e4fte im \u00dcberblick<\/strong> &#8211; Dieser Band stellt die Streitkr\u00e4fte Roms vor in Wort und Bild und ein quellenfundierten, anschaulichen \u00dcberblick der r\u00f6mischen Land- und Wasserstreitkr\u00e4fte im Laufe der ersten drei Jahrhunderte. Ein Ausblick in die Sp\u00e4tantike zeigt den Wandel in Organisation und Truppenvielfalt &#8211; Printausgabe &#8211; Konrad Stauner, Graham Sumner &#8211; <strong>ISBN 978-3-96176-277-4<\/strong><\/p>\n<p><strong>Das Alte Rom &#8211; Eine visuelle Geschichte<\/strong> &#8211; Dieser Band pr\u00e4sentiert den Aufstieg und Fall des Imperiums auf Grundlage neuester wissenschaftlicher Erkenntnisse von 753 v. Chr. bis zum Fall des Westr\u00f6mischen Reiches 476 n. Chr. und erz\u00e4hlt Geschichten \u00fcber Politik und Gesellschaft, Kultur, Glauben und Medizin des \u00fcber 1000 Jahre w\u00e4hrenden Reiches. Unz\u00e4hlige Aspekte werden behandelt wie Sklaverei, die Armee, Symbole und Wandmalerei, Tod und Bestattung, Medizin, M\u00fcnzen, Musik und Tanz, Priester und Religion, Recht und Gesetz usw., sowie eigene Kapitel wie z.B. Sulla, Cicero, Ovid oder die sp\u00e4teren Kaiserinnen auf Doppelseiten &#8211; Dorling Kindersley Verlag &#8211; <strong>ISBN 978-3-8310-4750-5\u00a0 \u00a0\u00a0<\/strong><\/p>\n<p><strong>&#8212;&#8212;&#8212;&#8212;&#8212;&#8212;&#8212;&#8212;&#8212;&#8212;&#8212;&#8212;&#8212;&#8212;&#8212;&#8212;&#8212;&#8212;&#8212;&#8212;&#8211;<\/strong><\/p>\n<p><strong>Hinweis auf B\u00fccher zur Geschichte der LEGIO II ITALICA<\/strong><\/p>\n<p><strong>Die R\u00fcckkehr der Legion &#8211; R\u00f6misches Erbe in Ober\u00f6sterreich &#8211; Ein Begleitband zur O\u00d6-Landesausstellung mit Schwerpunkt auf die LEGIO II ITALICA in Lauriacum.<\/strong> Viele Fotos und Illustrationen in Farbe und s\/w. Inhalt: Imperium Romanum, Lauriacum, Ziviles Leben, Dis Manibus. sowie Oberes Donautal und Hinterland, unser R\u00f6misches Erbe. Trauner Verlag GmbH &#8211; <strong>ISBN 978-3-99062-298-8<\/strong><\/p>\n<p><strong>LEGIO II ITALICA<\/strong> &#8211; Monographie \u00fcber die Legio II Italica, die \u00fcber drei Jahrhunderte die Geschichte der r\u00f6mischen Provinz Noricum mitbestimmt hat. Schwerpunkte sind die inschriftlichen Zeugnisse von Legionsangeh\u00f6rigen, die kriegerischen Auseinandersetzungen des 2. bis 5. Jahrhunderts, die Baugeschichte der drei Lager von Locica, Albing und Lauriacum, sowie M\u00fcnzen und Ziegelstempel in eigenen Kapiteln. Hans Petrovitsch &#8211; Forschungen in Lauriacum &#8211; Druckerei Mayrhofer &amp; Partner Linz &#8211; <strong>ISBN 3-902299-04-5<\/strong><\/p>\n\n\n<p><strong>Fotos von einigen Buchtiteln, die in keiner Sammlung fehlen sollten<\/strong>. Keine Rangordnung. <\/p>\n\n\n\n<p><\/p>\n\n\n\n<div class=\"wp-block-columns is-layout-flex wp-container-core-columns-is-layout-9d6595d7 wp-block-columns-is-layout-flex\">\n<div class=\"wp-block-column is-layout-flow wp-block-column-is-layout-flow\">\n<figure class=\"wp-block-image size-large\"><img loading=\"lazy\" decoding=\"async\" width=\"799\" height=\"1024\" src=\"https:\/\/www.roemische-legion.de\/wp-content\/uploads\/2026\/02\/DSC_0010-799x1024.jpg\" alt=\"\" class=\"wp-image-5059\" srcset=\"https:\/\/www.roemische-legion.de\/wp-content\/uploads\/2026\/02\/DSC_0010-799x1024.jpg 799w, https:\/\/www.roemische-legion.de\/wp-content\/uploads\/2026\/02\/DSC_0010-234x300.jpg 234w, https:\/\/www.roemische-legion.de\/wp-content\/uploads\/2026\/02\/DSC_0010-768x985.jpg 768w, https:\/\/www.roemische-legion.de\/wp-content\/uploads\/2026\/02\/DSC_0010-1198x1536.jpg 1198w, https:\/\/www.roemische-legion.de\/wp-content\/uploads\/2026\/02\/DSC_0010-9x12.jpg 9w, https:\/\/www.roemische-legion.de\/wp-content\/uploads\/2026\/02\/DSC_0010-1200x1539.jpg 1200w, https:\/\/www.roemische-legion.de\/wp-content\/uploads\/2026\/02\/DSC_0010.jpg 1467w\" sizes=\"auto, (max-width: 799px) 85vw, 799px\" \/><\/figure>\n<\/div>\n\n\n\n<div class=\"wp-block-column is-layout-flow wp-block-column-is-layout-flow\">\n<figure class=\"wp-block-image size-large\"><img loading=\"lazy\" decoding=\"async\" width=\"756\" height=\"1024\" src=\"https:\/\/www.roemische-legion.de\/wp-content\/uploads\/2026\/02\/DSC_0007-756x1024.jpg\" alt=\"\" class=\"wp-image-5058\" srcset=\"https:\/\/www.roemische-legion.de\/wp-content\/uploads\/2026\/02\/DSC_0007-756x1024.jpg 756w, https:\/\/www.roemische-legion.de\/wp-content\/uploads\/2026\/02\/DSC_0007-222x300.jpg 222w, https:\/\/www.roemische-legion.de\/wp-content\/uploads\/2026\/02\/DSC_0007-768x1040.jpg 768w, https:\/\/www.roemische-legion.de\/wp-content\/uploads\/2026\/02\/DSC_0007-1135x1536.jpg 1135w, https:\/\/www.roemische-legion.de\/wp-content\/uploads\/2026\/02\/DSC_0007-1513x2048.jpg 1513w, https:\/\/www.roemische-legion.de\/wp-content\/uploads\/2026\/02\/DSC_0007-9x12.jpg 9w, https:\/\/www.roemische-legion.de\/wp-content\/uploads\/2026\/02\/DSC_0007-1200x1624.jpg 1200w, https:\/\/www.roemische-legion.de\/wp-content\/uploads\/2026\/02\/DSC_0007.jpg 1660w\" sizes=\"auto, (max-width: 756px) 85vw, 756px\" \/><\/figure>\n<\/div>\n\n\n\n<div class=\"wp-block-column is-layout-flow wp-block-column-is-layout-flow\">\n<figure class=\"wp-block-image size-large\"><img loading=\"lazy\" decoding=\"async\" width=\"778\" height=\"1024\" src=\"https:\/\/www.roemische-legion.de\/wp-content\/uploads\/2026\/02\/DSC_0012-778x1024.jpg\" alt=\"\" class=\"wp-image-5060\" srcset=\"https:\/\/www.roemische-legion.de\/wp-content\/uploads\/2026\/02\/DSC_0012-778x1024.jpg 778w, https:\/\/www.roemische-legion.de\/wp-content\/uploads\/2026\/02\/DSC_0012-228x300.jpg 228w, https:\/\/www.roemische-legion.de\/wp-content\/uploads\/2026\/02\/DSC_0012-768x1011.jpg 768w, https:\/\/www.roemische-legion.de\/wp-content\/uploads\/2026\/02\/DSC_0012-1167x1536.jpg 1167w, https:\/\/www.roemische-legion.de\/wp-content\/uploads\/2026\/02\/DSC_0012-9x12.jpg 9w, https:\/\/www.roemische-legion.de\/wp-content\/uploads\/2026\/02\/DSC_0012-1200x1579.jpg 1200w, https:\/\/www.roemische-legion.de\/wp-content\/uploads\/2026\/02\/DSC_0012.jpg 1336w\" sizes=\"auto, (max-width: 778px) 85vw, 778px\" \/><\/figure>\n<\/div>\n<\/div>\n\n\n\n<div class=\"wp-block-columns is-layout-flex wp-container-core-columns-is-layout-9d6595d7 wp-block-columns-is-layout-flex\">\n<div class=\"wp-block-column is-layout-flow wp-block-column-is-layout-flow\">\n<figure class=\"wp-block-image size-large\"><img loading=\"lazy\" decoding=\"async\" width=\"768\" height=\"1024\" src=\"https:\/\/www.roemische-legion.de\/wp-content\/uploads\/2026\/02\/DSC_0016-768x1024.jpg\" alt=\"\" class=\"wp-image-5061\" srcset=\"https:\/\/www.roemische-legion.de\/wp-content\/uploads\/2026\/02\/DSC_0016-768x1024.jpg 768w, https:\/\/www.roemische-legion.de\/wp-content\/uploads\/2026\/02\/DSC_0016-225x300.jpg 225w, https:\/\/www.roemische-legion.de\/wp-content\/uploads\/2026\/02\/DSC_0016-1152x1536.jpg 1152w, https:\/\/www.roemische-legion.de\/wp-content\/uploads\/2026\/02\/DSC_0016-9x12.jpg 9w, https:\/\/www.roemische-legion.de\/wp-content\/uploads\/2026\/02\/DSC_0016-1200x1600.jpg 1200w, https:\/\/www.roemische-legion.de\/wp-content\/uploads\/2026\/02\/DSC_0016.jpg 1443w\" sizes=\"auto, (max-width: 768px) 85vw, 768px\" \/><\/figure>\n<\/div>\n\n\n\n<div class=\"wp-block-column is-layout-flow wp-block-column-is-layout-flow\">\n<figure class=\"wp-block-image size-large\"><img loading=\"lazy\" decoding=\"async\" width=\"810\" height=\"1024\" src=\"https:\/\/www.roemische-legion.de\/wp-content\/uploads\/2026\/02\/DSC_0013-810x1024.jpg\" alt=\"\" class=\"wp-image-5062\" srcset=\"https:\/\/www.roemische-legion.de\/wp-content\/uploads\/2026\/02\/DSC_0013-810x1024.jpg 810w, https:\/\/www.roemische-legion.de\/wp-content\/uploads\/2026\/02\/DSC_0013-237x300.jpg 237w, https:\/\/www.roemische-legion.de\/wp-content\/uploads\/2026\/02\/DSC_0013-768x971.jpg 768w, https:\/\/www.roemische-legion.de\/wp-content\/uploads\/2026\/02\/DSC_0013-1215x1536.jpg 1215w, https:\/\/www.roemische-legion.de\/wp-content\/uploads\/2026\/02\/DSC_0013-9x12.jpg 9w, https:\/\/www.roemische-legion.de\/wp-content\/uploads\/2026\/02\/DSC_0013-1200x1517.jpg 1200w, https:\/\/www.roemische-legion.de\/wp-content\/uploads\/2026\/02\/DSC_0013.jpg 1534w\" sizes=\"auto, (max-width: 810px) 85vw, 810px\" \/><\/figure>\n<\/div>\n\n\n\n<div class=\"wp-block-column is-layout-flow wp-block-column-is-layout-flow\">\n<figure class=\"wp-block-image size-large\"><img loading=\"lazy\" decoding=\"async\" width=\"804\" height=\"1024\" src=\"https:\/\/www.roemische-legion.de\/wp-content\/uploads\/2026\/02\/DSC_0011-804x1024.jpg\" alt=\"\" class=\"wp-image-5063\" srcset=\"https:\/\/www.roemische-legion.de\/wp-content\/uploads\/2026\/02\/DSC_0011-804x1024.jpg 804w, https:\/\/www.roemische-legion.de\/wp-content\/uploads\/2026\/02\/DSC_0011-236x300.jpg 236w, https:\/\/www.roemische-legion.de\/wp-content\/uploads\/2026\/02\/DSC_0011-768x978.jpg 768w, https:\/\/www.roemische-legion.de\/wp-content\/uploads\/2026\/02\/DSC_0011-1207x1536.jpg 1207w, https:\/\/www.roemische-legion.de\/wp-content\/uploads\/2026\/02\/DSC_0011-1609x2048.jpg 1609w, https:\/\/www.roemische-legion.de\/wp-content\/uploads\/2026\/02\/DSC_0011-9x12.jpg 9w, https:\/\/www.roemische-legion.de\/wp-content\/uploads\/2026\/02\/DSC_0011-1200x1528.jpg 1200w, https:\/\/www.roemische-legion.de\/wp-content\/uploads\/2026\/02\/DSC_0011.jpg 1656w\" sizes=\"auto, (max-width: 804px) 85vw, 804px\" \/><\/figure>\n<\/div>\n<\/div>\n\n\n\n<div class=\"wp-block-columns is-layout-flex wp-container-core-columns-is-layout-9d6595d7 wp-block-columns-is-layout-flex\">\n<div class=\"wp-block-column is-layout-flow wp-block-column-is-layout-flow\">\n<figure class=\"wp-block-image size-large\"><img loading=\"lazy\" decoding=\"async\" width=\"846\" height=\"1024\" src=\"https:\/\/www.roemische-legion.de\/wp-content\/uploads\/2026\/02\/DSC_0014-846x1024.jpg\" alt=\"\" class=\"wp-image-5064\" srcset=\"https:\/\/www.roemische-legion.de\/wp-content\/uploads\/2026\/02\/DSC_0014-846x1024.jpg 846w, https:\/\/www.roemische-legion.de\/wp-content\/uploads\/2026\/02\/DSC_0014-248x300.jpg 248w, https:\/\/www.roemische-legion.de\/wp-content\/uploads\/2026\/02\/DSC_0014-768x930.jpg 768w, https:\/\/www.roemische-legion.de\/wp-content\/uploads\/2026\/02\/DSC_0014-1268x1536.jpg 1268w, https:\/\/www.roemische-legion.de\/wp-content\/uploads\/2026\/02\/DSC_0014-10x12.jpg 10w, https:\/\/www.roemische-legion.de\/wp-content\/uploads\/2026\/02\/DSC_0014-1200x1453.jpg 1200w, https:\/\/www.roemische-legion.de\/wp-content\/uploads\/2026\/02\/DSC_0014.jpg 1691w\" sizes=\"auto, (max-width: 709px) 85vw, (max-width: 909px) 67vw, (max-width: 1362px) 62vw, 840px\" \/><\/figure>\n<\/div>\n\n\n\n<div class=\"wp-block-column is-layout-flow wp-block-column-is-layout-flow\">\n<figure class=\"wp-block-image size-large\"><img loading=\"lazy\" decoding=\"async\" width=\"771\" height=\"1024\" src=\"https:\/\/www.roemische-legion.de\/wp-content\/uploads\/2026\/02\/DSC_0009-771x1024.jpg\" alt=\"\" class=\"wp-image-5065\" srcset=\"https:\/\/www.roemische-legion.de\/wp-content\/uploads\/2026\/02\/DSC_0009-771x1024.jpg 771w, https:\/\/www.roemische-legion.de\/wp-content\/uploads\/2026\/02\/DSC_0009-226x300.jpg 226w, https:\/\/www.roemische-legion.de\/wp-content\/uploads\/2026\/02\/DSC_0009-768x1020.jpg 768w, https:\/\/www.roemische-legion.de\/wp-content\/uploads\/2026\/02\/DSC_0009-1156x1536.jpg 1156w, https:\/\/www.roemische-legion.de\/wp-content\/uploads\/2026\/02\/DSC_0009-1542x2048.jpg 1542w, https:\/\/www.roemische-legion.de\/wp-content\/uploads\/2026\/02\/DSC_0009-9x12.jpg 9w, https:\/\/www.roemische-legion.de\/wp-content\/uploads\/2026\/02\/DSC_0009-1200x1594.jpg 1200w, https:\/\/www.roemische-legion.de\/wp-content\/uploads\/2026\/02\/DSC_0009.jpg 1605w\" sizes=\"auto, (max-width: 771px) 85vw, 771px\" \/><\/figure>\n<\/div>\n\n\n\n<div class=\"wp-block-column is-layout-flow wp-block-column-is-layout-flow\">\n<figure class=\"wp-block-image size-large\"><img loading=\"lazy\" decoding=\"async\" width=\"775\" height=\"1024\" src=\"https:\/\/www.roemische-legion.de\/wp-content\/uploads\/2026\/02\/DSC_0018-775x1024.jpg\" alt=\"\" class=\"wp-image-5066\" srcset=\"https:\/\/www.roemische-legion.de\/wp-content\/uploads\/2026\/02\/DSC_0018-775x1024.jpg 775w, https:\/\/www.roemische-legion.de\/wp-content\/uploads\/2026\/02\/DSC_0018-227x300.jpg 227w, https:\/\/www.roemische-legion.de\/wp-content\/uploads\/2026\/02\/DSC_0018-768x1014.jpg 768w, https:\/\/www.roemische-legion.de\/wp-content\/uploads\/2026\/02\/DSC_0018-1163x1536.jpg 1163w, https:\/\/www.roemische-legion.de\/wp-content\/uploads\/2026\/02\/DSC_0018-1551x2048.jpg 1551w, https:\/\/www.roemische-legion.de\/wp-content\/uploads\/2026\/02\/DSC_0018-9x12.jpg 9w, https:\/\/www.roemische-legion.de\/wp-content\/uploads\/2026\/02\/DSC_0018-1200x1585.jpg 1200w, https:\/\/www.roemische-legion.de\/wp-content\/uploads\/2026\/02\/DSC_0018.jpg 1675w\" sizes=\"auto, (max-width: 775px) 85vw, 775px\" \/><\/figure>\n<\/div>\n<\/div>\n\n\n\n<div class=\"wp-block-columns is-layout-flex wp-container-core-columns-is-layout-9d6595d7 wp-block-columns-is-layout-flex\">\n<div class=\"wp-block-column is-layout-flow wp-block-column-is-layout-flow\">\n<figure class=\"wp-block-image size-large\"><img loading=\"lazy\" decoding=\"async\" width=\"661\" height=\"1024\" src=\"https:\/\/www.roemische-legion.de\/wp-content\/uploads\/2026\/02\/DSC_0023-661x1024.jpg\" alt=\"\" class=\"wp-image-5080\" srcset=\"https:\/\/www.roemische-legion.de\/wp-content\/uploads\/2026\/02\/DSC_0023-661x1024.jpg 661w, https:\/\/www.roemische-legion.de\/wp-content\/uploads\/2026\/02\/DSC_0023-194x300.jpg 194w, https:\/\/www.roemische-legion.de\/wp-content\/uploads\/2026\/02\/DSC_0023-768x1189.jpg 768w, https:\/\/www.roemische-legion.de\/wp-content\/uploads\/2026\/02\/DSC_0023-992x1536.jpg 992w, https:\/\/www.roemische-legion.de\/wp-content\/uploads\/2026\/02\/DSC_0023-8x12.jpg 8w, https:\/\/www.roemische-legion.de\/wp-content\/uploads\/2026\/02\/DSC_0023.jpg 1087w\" sizes=\"auto, (max-width: 661px) 85vw, 661px\" \/><\/figure>\n<\/div>\n\n\n\n<div class=\"wp-block-column is-layout-flow wp-block-column-is-layout-flow\">\n<figure class=\"wp-block-image size-large\"><img loading=\"lazy\" decoding=\"async\" width=\"664\" height=\"1024\" src=\"https:\/\/www.roemische-legion.de\/wp-content\/uploads\/2026\/02\/DSC_0026-664x1024.jpg\" alt=\"\" class=\"wp-image-5081\" srcset=\"https:\/\/www.roemische-legion.de\/wp-content\/uploads\/2026\/02\/DSC_0026-664x1024.jpg 664w, https:\/\/www.roemische-legion.de\/wp-content\/uploads\/2026\/02\/DSC_0026-195x300.jpg 195w, https:\/\/www.roemische-legion.de\/wp-content\/uploads\/2026\/02\/DSC_0026-768x1184.jpg 768w, https:\/\/www.roemische-legion.de\/wp-content\/uploads\/2026\/02\/DSC_0026-996x1536.jpg 996w, https:\/\/www.roemische-legion.de\/wp-content\/uploads\/2026\/02\/DSC_0026-1328x2048.jpg 1328w, https:\/\/www.roemische-legion.de\/wp-content\/uploads\/2026\/02\/DSC_0026-8x12.jpg 8w, https:\/\/www.roemische-legion.de\/wp-content\/uploads\/2026\/02\/DSC_0026-1200x1851.jpg 1200w, https:\/\/www.roemische-legion.de\/wp-content\/uploads\/2026\/02\/DSC_0026.jpg 1461w\" sizes=\"auto, (max-width: 664px) 85vw, 664px\" \/><\/figure>\n<\/div>\n\n\n\n<div class=\"wp-block-column is-layout-flow wp-block-column-is-layout-flow\">\n<figure class=\"wp-block-image size-large\"><img loading=\"lazy\" decoding=\"async\" width=\"659\" height=\"1024\" src=\"https:\/\/www.roemische-legion.de\/wp-content\/uploads\/2026\/02\/DSC_0021-1-659x1024.jpg\" alt=\"\" class=\"wp-image-5082\" srcset=\"https:\/\/www.roemische-legion.de\/wp-content\/uploads\/2026\/02\/DSC_0021-1-659x1024.jpg 659w, https:\/\/www.roemische-legion.de\/wp-content\/uploads\/2026\/02\/DSC_0021-1-193x300.jpg 193w, https:\/\/www.roemische-legion.de\/wp-content\/uploads\/2026\/02\/DSC_0021-1-768x1192.jpg 768w, https:\/\/www.roemische-legion.de\/wp-content\/uploads\/2026\/02\/DSC_0021-1-989x1536.jpg 989w, https:\/\/www.roemische-legion.de\/wp-content\/uploads\/2026\/02\/DSC_0021-1-8x12.jpg 8w, https:\/\/www.roemische-legion.de\/wp-content\/uploads\/2026\/02\/DSC_0021-1-1200x1863.jpg 1200w, https:\/\/www.roemische-legion.de\/wp-content\/uploads\/2026\/02\/DSC_0021-1.jpg 1205w\" sizes=\"auto, (max-width: 659px) 85vw, 659px\" \/><\/figure>\n<\/div>\n<\/div>\n\n\n\n<p><\/p>\n\n\n\n<p><\/p>\n\n\n\n<div class=\"wp-block-columns is-layout-flex wp-container-core-columns-is-layout-9d6595d7 wp-block-columns-is-layout-flex\">\n<div class=\"wp-block-column is-layout-flow wp-block-column-is-layout-flow\"><\/div>\n\n\n\n<div class=\"wp-block-column is-layout-flow wp-block-column-is-layout-flow\"><\/div>\n\n\n\n<div class=\"wp-block-column is-layout-flow wp-block-column-is-layout-flow\"><\/div>\n<\/div>\n","protected":false},"excerpt":{"rendered":"<p>In meinem Archiv befinden sich viele B\u00fccher, auch antiquarisch, \u00fcber das r\u00f6mische Reich mit Schwerpunkten zu Ausgrabungen, Ausstellungen, Rekonstruktionen (Bewaffnung, Bekleidung), Pers\u00f6nlichkeiten etc. Auf dieser Seite werden im Wechsel immer wieder B\u00fccher vorgestellt. Klaus Peter Horack\u00a0 Neu erworben Februar 2026 Herculaneum &#8211; Vom Luxus zur Zerst\u00f6rung &#8211; 79 n. Chr. versch\u00fcttete der Vesuv die Stadt &hellip; <a href=\"https:\/\/www.roemische-legion.de\/de_de\/?page_id=583\" class=\"more-link\"><span class=\"screen-reader-text\">\u201eLegio II Italica\/Lanciarii Lauriacenses &#8211; Literaturempfehlungen\u201c<\/span> weiterlesen<\/a><\/p>\n","protected":false},"author":1,"featured_media":0,"parent":0,"menu_order":80,"comment_status":"closed","ping_status":"closed","template":"","meta":{"footnotes":""},"class_list":["post-583","page","type-page","status-publish","hentry"],"_links":{"self":[{"href":"https:\/\/www.roemische-legion.de\/de_de\/index.php?rest_route=\/wp\/v2\/pages\/583","targetHints":{"allow":["GET"]}}],"collection":[{"href":"https:\/\/www.roemische-legion.de\/de_de\/index.php?rest_route=\/wp\/v2\/pages"}],"about":[{"href":"https:\/\/www.roemische-legion.de\/de_de\/index.php?rest_route=\/wp\/v2\/types\/page"}],"author":[{"embeddable":true,"href":"https:\/\/www.roemische-legion.de\/de_de\/index.php?rest_route=\/wp\/v2\/users\/1"}],"replies":[{"embeddable":true,"href":"https:\/\/www.roemische-legion.de\/de_de\/index.php?rest_route=%2Fwp%2Fv2%2Fcomments&post=583"}],"version-history":[{"count":75,"href":"https:\/\/www.roemische-legion.de\/de_de\/index.php?rest_route=\/wp\/v2\/pages\/583\/revisions"}],"predecessor-version":[{"id":5083,"href":"https:\/\/www.roemische-legion.de\/de_de\/index.php?rest_route=\/wp\/v2\/pages\/583\/revisions\/5083"}],"wp:attachment":[{"href":"https:\/\/www.roemische-legion.de\/de_de\/index.php?rest_route=%2Fwp%2Fv2%2Fmedia&parent=583"}],"curies":[{"name":"wp","href":"https:\/\/api.w.org\/{rel}","templated":true}]}}