{"id":585,"date":"2016-10-21T14:59:30","date_gmt":"2016-10-21T14:59:30","guid":{"rendered":"http:\/\/wordpress.roemische-legion.de\/?page_id=585"},"modified":"2026-01-08T08:04:10","modified_gmt":"2026-01-08T08:04:10","slug":"fuer-schulen","status":"publish","type":"page","link":"https:\/\/www.roemische-legion.de\/de_de\/?page_id=585","title":{"rendered":"Legio II Italica und Lanciarii Lauriacenses- F\u00fcr Schulen"},"content":{"rendered":"<h1>Neu: Schulprojekt R\u00f6mer und Kelten\u00a0<\/h1>\n<p><a href=\"http:\/\/www.roemische-legion.de\/?page_id=1619\">Termine f\u00fcr 2026 k\u00f6nnen bereits angefragt werden.<\/a><\/p>\n<p>Seit 2001 wurde auf Einladung vieler Grund-, Haupt-, Realschulen und Gymnasien das Schulprojekt &#8222;Ein R\u00f6mer an der Schule&#8220;, durch Klaus Peter Horack, durchgef\u00fchrt. Durch die Vortr\u00e4ge konnte der Geschichtsunterricht zum Thema R\u00f6mer noch interessanter gestaltet werden. Aktuell wird nun Klaus Peter Horack durch weitere Darsteller unterst\u00fctzt und es k\u00f6nnen weitere interessante Bereiche zum Thema R\u00f6mer, inzwischen <strong>auch zu den Kelten<\/strong>, abdeckt werden.\u00a0 \u00a0\u00a0<\/p>\n<p><strong>Ablauf:<\/strong> Nach der Kontaktaufnahme durch die Schule wird besprochen, welche Themen f\u00fcr den Unterricht interessant w\u00e4ren. Aktuell soll ab 2026 der Schwerpunkt <strong>nicht nur das Milit\u00e4r<\/strong> betreffen, sondern auch die Bereiche, die im Unterricht nicht oder sehr selten behandelt werden. Neben der Ausr\u00fcstung und dem Alltag in der r\u00f6mischen Armee w\u00e4ren auch Themen wie das Kochen und die Ern\u00e4hrung, der Glaube (G\u00f6tter), das M\u00fcnzwesen (Beispiele), die Bekleidung, das Leben in der Stadt usw. m\u00f6glich. Falls gew\u00fcnscht werden Kleidungsst\u00fccke zum Anprobieren f\u00fcr die Sch\u00fcler\/innen mitgebracht. Kleinere Gegenst\u00e4nde werden zur Ansicht durchgereicht. Neben einer anschlie\u00dfenden Fragestunde k\u00f6nnen zum Ende des Vortrages gr\u00f6\u00dfere Gegenst\u00e4nde in Augenschein genommen werden.\u00a0<\/p>\n<figure id=\"attachment_292\" aria-describedby=\"caption-attachment-292\" style=\"width: 300px\" class=\"wp-caption alignleft\"><a href=\"http:\/\/wordpress.roemische-legion.de\/wp-content\/uploads\/2016\/10\/presse-klaus.jpg\"><img loading=\"lazy\" decoding=\"async\" class=\"size-medium wp-image-292\" src=\"http:\/\/wordpress.roemische-legion.de\/wp-content\/uploads\/2016\/10\/presse-klaus-300x212.jpg\" alt=\"Presse Artikel\" width=\"300\" height=\"212\" srcset=\"https:\/\/www.roemische-legion.de\/wp-content\/uploads\/2016\/10\/presse-klaus-300x212.jpg 300w, https:\/\/www.roemische-legion.de\/wp-content\/uploads\/2016\/10\/presse-klaus-768x542.jpg 768w, https:\/\/www.roemische-legion.de\/wp-content\/uploads\/2016\/10\/presse-klaus-1024x723.jpg 1024w, https:\/\/www.roemische-legion.de\/wp-content\/uploads\/2016\/10\/presse-klaus-1200x847.jpg 1200w, https:\/\/www.roemische-legion.de\/wp-content\/uploads\/2016\/10\/presse-klaus.jpg 1722w\" sizes=\"auto, (max-width: 300px) 85vw, 300px\" \/><\/a><figcaption id=\"caption-attachment-292\" class=\"wp-caption-text\">Presse Artikel<\/figcaption><\/figure>\n<p><strong>Einige Kommentare\u00a0zu &#8222;Ein R\u00f6mer an der Schule&#8220;.<\/strong><\/p>\n<blockquote>\n<p>&#8222;Herzlichen Dank f\u00fcr\u00a0ihre engagierte, lebendige R\u00f6merpr\u00e4sentation. Ihnen gelingt es auf unvergessliche Art Geschichte anschaulich und (be)-greifbar zu machen. So macht uns und den Sch\u00fclern Geschichte Spa\u00df!&#8220; <strong>Wilhelm-Leibl-Realschule Bad Aibling\u00a0<\/strong><\/p>\n<\/blockquote>\n<blockquote>\n<p>&#8222;Sehr beeindruckend f\u00fcr die Sch\u00fcler, dass sie s\u00e4mtliche vorgestellten Gegenst\u00e4nde selbst eingehend begutachten und sogar die Kleidungsst\u00fccke anprobieren durften. Die Vorf\u00fchrung war lange Gespr\u00e4chsstoff in der Klasse und f\u00f6rderte dadurch den Lerneffekt f\u00fcr dieses Thema in GSE enorm&#8220; <strong>Max-Joseph-Schule Gro\u00dfkarolinenfeld<\/strong><\/p>\n<\/blockquote>\n<blockquote>\n<p>&#8222;Wer Geschichte auf diese Art und Weise erlebt, kann sie nicht als trocken und verstaubt empfinden, sondern wird auch in Zukunft geschichtlichen Themen Interesse. wenn nicht sogar Begeisterung entgegenbringen. Ich m\u00f6chte jedem Lehrer solche Veranstaltungen empfehlen.&#8220; <strong>Grundschule S\u00f6llhuben<\/strong><\/p>\n<\/blockquote>\n<figure id=\"attachment_314\" aria-describedby=\"caption-attachment-314\" style=\"width: 300px\" class=\"wp-caption alignleft\"><a href=\"http:\/\/wordpress.roemische-legion.de\/wp-content\/uploads\/2016\/10\/schulrmer.jpg\"><img loading=\"lazy\" decoding=\"async\" class=\"size-medium wp-image-314\" src=\"http:\/\/wordpress.roemische-legion.de\/wp-content\/uploads\/2016\/10\/schulrmer-300x224.jpg\" alt=\"Ein R\u00f6mer an der Schule\" width=\"300\" height=\"224\" srcset=\"https:\/\/www.roemische-legion.de\/wp-content\/uploads\/2016\/10\/schulrmer-300x224.jpg 300w, https:\/\/www.roemische-legion.de\/wp-content\/uploads\/2016\/10\/schulrmer-768x574.jpg 768w, https:\/\/www.roemische-legion.de\/wp-content\/uploads\/2016\/10\/schulrmer.jpg 1000w\" sizes=\"auto, (max-width: 300px) 85vw, 300px\" \/><\/a><figcaption id=\"caption-attachment-314\" class=\"wp-caption-text\">Ein R\u00f6mer an der Schule<\/figcaption><\/figure>\n<blockquote>\n<p>Ein\u00a0&#8222;echter&#8220; R\u00f6mer in der Schule &#8211; etwas Besseres kann man sich f\u00fcr den HSK-Unterricht gar nicht vorstellen, &#8230; Was wir heute erlebt haben sollte m\u00f6glichst vielen Schulen zugutekommen. Wir empfehlen Herrn Horack w\u00e4rmstens und w\u00fcnschen ihm weiterhin viel Schwung und Freude bei seiner p\u00e4dagogisch wertvollen Arbeit. <strong>Grundschule Rimsting<\/strong><\/p>\n<\/blockquote>\n<blockquote>\n<p>Ihr Auftritt war wirklich Geschichte zum Anfassen. Ich glaube, dass etwas von Ihrer Begeisterung f\u00fcr die R\u00f6merzeit auf die Sch\u00fcler \u00fcbergesprungen ist &#8230; <strong>Grundschule Breitbrunn<\/strong><\/p>\n<\/blockquote>\n<blockquote>\n<p>Zum Abschlu\u00df der Projektwoche und als H\u00f6hepunkt erlebten die Sch\u00fcler &#8222;Geschichte zum Anfassen&#8220;&#8230;Zahlreiche Helme, Schilde und Alltagsgegenst\u00e4nde und nicht zuletzt das fundierte Hintergrundwissen lie\u00dfen allen einen Einblick in das r\u00f6mische Leben gewinnen&#8230; <strong>Hauptschule Neubeuern<\/strong><\/p>\n<\/blockquote>\n<blockquote>\n<p>&#8230;Herr Horack hat an der Volksschule Halfing einen Vortrag \u00fcber die Lebensweise r\u00f6mischer Legion\u00e4re gehalten. Sch\u00fcler und Lehrer waren von der anschaulichen Art der Vorf\u00fchrung sehr begeistert.<strong> Grund- und Teilhauptschule Halfing<\/strong><\/p>\n<\/blockquote>\n<blockquote>\n<p>&#8230; und zum Schluss wurden einige von den Sch\u00fclern in &#8222;Nachwuchslegion\u00e4re&#8220; verwandelt. Wir bedanken uns bei Herrn Horack, denn wir haben in zwei Stunden viele Dinge erlebt und erfahren, die wir nicht so schnell vergessen werden. <strong>Volksschule Bad Endorf<\/strong><\/p>\n<\/blockquote>\n<blockquote>\n<p>&#8230;Klaus Horack hatte einem doch ein wenig das Gef\u00fchl gegeben, wie es einem Legion\u00e4r vor ca. 2.000 Jahren ergangen sein muss. Mit viel Hintergrundwissen hat\u00a0er das Leben eines Legion\u00e4rs den Sch\u00fclern n\u00e4hergebracht. <strong>Gymnasium Bruckm\u00fchl<br \/><\/strong><\/p>\n<\/blockquote>\n<blockquote>\n<p>&#8230; herzlichen Dank an Herrn Horack f\u00fcr diese faszinierende Verlebendigung der antiken Wurzeln unseres Landes!<strong> Annette-Kolb-Gymnasium Traunstein<\/strong><\/p>\n<\/blockquote>\n<p><strong>Kontakt:<\/strong> Bei Interesse wenden Sie sich bitte an <a href=\"mailto:roemische_legion@gmx.de\">roemische_legion@gmx.de<\/a><\/p>\n\n\n<p><\/p>\n","protected":false},"excerpt":{"rendered":"<p>Neu: Schulprojekt R\u00f6mer und Kelten\u00a0 Termine f\u00fcr 2026 k\u00f6nnen bereits angefragt werden. Seit 2001 wurde auf Einladung vieler Grund-, Haupt-, Realschulen und Gymnasien das Schulprojekt &#8222;Ein R\u00f6mer an der Schule&#8220;, durch Klaus Peter Horack, durchgef\u00fchrt. Durch die Vortr\u00e4ge konnte der Geschichtsunterricht zum Thema R\u00f6mer noch interessanter gestaltet werden. Aktuell wird nun Klaus Peter Horack durch &hellip; <a href=\"https:\/\/www.roemische-legion.de\/de_de\/?page_id=585\" class=\"more-link\"><span class=\"screen-reader-text\">\u201eLegio II Italica und Lanciarii Lauriacenses- F\u00fcr Schulen\u201c<\/span> weiterlesen<\/a><\/p>\n","protected":false},"author":1,"featured_media":0,"parent":984,"menu_order":60,"comment_status":"closed","ping_status":"closed","template":"","meta":{"footnotes":""},"class_list":["post-585","page","type-page","status-publish","hentry"],"_links":{"self":[{"href":"https:\/\/www.roemische-legion.de\/de_de\/index.php?rest_route=\/wp\/v2\/pages\/585","targetHints":{"allow":["GET"]}}],"collection":[{"href":"https:\/\/www.roemische-legion.de\/de_de\/index.php?rest_route=\/wp\/v2\/pages"}],"about":[{"href":"https:\/\/www.roemische-legion.de\/de_de\/index.php?rest_route=\/wp\/v2\/types\/page"}],"author":[{"embeddable":true,"href":"https:\/\/www.roemische-legion.de\/de_de\/index.php?rest_route=\/wp\/v2\/users\/1"}],"replies":[{"embeddable":true,"href":"https:\/\/www.roemische-legion.de\/de_de\/index.php?rest_route=%2Fwp%2Fv2%2Fcomments&post=585"}],"version-history":[{"count":20,"href":"https:\/\/www.roemische-legion.de\/de_de\/index.php?rest_route=\/wp\/v2\/pages\/585\/revisions"}],"predecessor-version":[{"id":5010,"href":"https:\/\/www.roemische-legion.de\/de_de\/index.php?rest_route=\/wp\/v2\/pages\/585\/revisions\/5010"}],"up":[{"embeddable":true,"href":"https:\/\/www.roemische-legion.de\/de_de\/index.php?rest_route=\/wp\/v2\/pages\/984"}],"wp:attachment":[{"href":"https:\/\/www.roemische-legion.de\/de_de\/index.php?rest_route=%2Fwp%2Fv2%2Fmedia&parent=585"}],"curies":[{"name":"wp","href":"https:\/\/api.w.org\/{rel}","templated":true}]}}