{"id":593,"date":"2016-10-21T15:12:50","date_gmt":"2016-10-21T15:12:50","guid":{"rendered":"http:\/\/wordpress.roemische-legion.de\/?page_id=593"},"modified":"2025-11-24T07:56:42","modified_gmt":"2025-11-24T07:56:42","slug":"flohmarkt","status":"publish","type":"page","link":"https:\/\/www.roemische-legion.de\/de_de\/?page_id=593","title":{"rendered":"Legio II Italica und Lanciarii Lauriacenses- Flohmarkt"},"content":{"rendered":"<p>Gebrauchsgegenst\u00e4nde und Literatur<\/p>\n<p>Angebot wird mit Festpreis eingestellt oder mit dem Vermerk &#8222;Bestes Gebot&#8220;.\u00a0Bei &#8222;Bestes Gebot&#8220;\u00a0nur ernstgemeinte Angebote abgeben.\u00a0Wir antworten auf jede Nachricht umgehend.<\/p>\n<p>Zum Verkaufspreis kommen noch Portogeb\u00fchren.\u00a0Der Zustand der Ware (Gebrauchsspuren und Besch\u00e4digungen) wird\u00a0garantiert angegeben um sp\u00e4tere Reklamationen auszuschliessen. Bei Interesse an die <a href=\"mailto:roemische_legion@gmx.de\">roemische_legion@gmx.de<\/a> wenden.<\/p>\n<p><strong>Helmrohlinge aus Tombakbronze<\/strong><\/p>\n<p>Angeboten werden insgesamt vier Helmrohlinge aus Tombakbronze f\u00fcr Bastler zum St\u00fcckpreis von 100 \u20ac plus Porto. Die Rohlinge sind geeignet f\u00fcr die Herstellung eines r\u00f6mischen Helms vom Typ Coolus. Es handelt sich bei jedem Helmrohling um ein Unikat. Die passenden Wangenklappen kann man bei einigen H\u00e4ndlern erwerben und m\u00fcssen nicht extra aus Messingblech getrieben werden.<\/p>\n\n\n<div class=\"wp-block-columns is-layout-flex wp-container-core-columns-is-layout-9d6595d7 wp-block-columns-is-layout-flex\">\n<div class=\"wp-block-column is-layout-flow wp-block-column-is-layout-flow\">\n<figure class=\"wp-block-image size-large\"><img loading=\"lazy\" decoding=\"async\" width=\"1024\" height=\"685\" src=\"https:\/\/www.roemische-legion.de\/wp-content\/uploads\/2023\/05\/DSC_0025-1024x685.jpg\" alt=\"\" class=\"wp-image-2704\" srcset=\"https:\/\/www.roemische-legion.de\/wp-content\/uploads\/2023\/05\/DSC_0025-1024x685.jpg 1024w, https:\/\/www.roemische-legion.de\/wp-content\/uploads\/2023\/05\/DSC_0025-300x201.jpg 300w, https:\/\/www.roemische-legion.de\/wp-content\/uploads\/2023\/05\/DSC_0025-768x514.jpg 768w, https:\/\/www.roemische-legion.de\/wp-content\/uploads\/2023\/05\/DSC_0025-1536x1028.jpg 1536w, https:\/\/www.roemische-legion.de\/wp-content\/uploads\/2023\/05\/DSC_0025-2048x1371.jpg 2048w, https:\/\/www.roemische-legion.de\/wp-content\/uploads\/2023\/05\/DSC_0025-18x12.jpg 18w, https:\/\/www.roemische-legion.de\/wp-content\/uploads\/2023\/05\/DSC_0025-1200x803.jpg 1200w\" sizes=\"auto, (max-width: 709px) 85vw, (max-width: 909px) 67vw, (max-width: 1362px) 62vw, 840px\" \/><\/figure>\n<\/div>\n\n\n\n<div class=\"wp-block-column is-layout-flow wp-block-column-is-layout-flow\">\n<figure class=\"wp-block-image size-large\"><img loading=\"lazy\" decoding=\"async\" width=\"1024\" height=\"685\" src=\"https:\/\/www.roemische-legion.de\/wp-content\/uploads\/2023\/05\/DSC_0026-1024x685.jpg\" alt=\"\" class=\"wp-image-2705\" srcset=\"https:\/\/www.roemische-legion.de\/wp-content\/uploads\/2023\/05\/DSC_0026-1024x685.jpg 1024w, https:\/\/www.roemische-legion.de\/wp-content\/uploads\/2023\/05\/DSC_0026-300x201.jpg 300w, https:\/\/www.roemische-legion.de\/wp-content\/uploads\/2023\/05\/DSC_0026-768x514.jpg 768w, https:\/\/www.roemische-legion.de\/wp-content\/uploads\/2023\/05\/DSC_0026-1536x1028.jpg 1536w, https:\/\/www.roemische-legion.de\/wp-content\/uploads\/2023\/05\/DSC_0026-2048x1371.jpg 2048w, https:\/\/www.roemische-legion.de\/wp-content\/uploads\/2023\/05\/DSC_0026-18x12.jpg 18w, https:\/\/www.roemische-legion.de\/wp-content\/uploads\/2023\/05\/DSC_0026-1200x803.jpg 1200w\" sizes=\"auto, (max-width: 709px) 85vw, (max-width: 909px) 67vw, (max-width: 1362px) 62vw, 840px\" \/><\/figure>\n<\/div>\n\n\n\n<div class=\"wp-block-column is-layout-flow wp-block-column-is-layout-flow\">\n<figure class=\"wp-block-image size-large\"><img loading=\"lazy\" decoding=\"async\" width=\"1024\" height=\"685\" src=\"https:\/\/www.roemische-legion.de\/wp-content\/uploads\/2023\/05\/DSC_0031-1024x685.jpg\" alt=\"\" class=\"wp-image-2706\" srcset=\"https:\/\/www.roemische-legion.de\/wp-content\/uploads\/2023\/05\/DSC_0031-1024x685.jpg 1024w, https:\/\/www.roemische-legion.de\/wp-content\/uploads\/2023\/05\/DSC_0031-300x201.jpg 300w, https:\/\/www.roemische-legion.de\/wp-content\/uploads\/2023\/05\/DSC_0031-768x514.jpg 768w, https:\/\/www.roemische-legion.de\/wp-content\/uploads\/2023\/05\/DSC_0031-1536x1028.jpg 1536w, https:\/\/www.roemische-legion.de\/wp-content\/uploads\/2023\/05\/DSC_0031-2048x1371.jpg 2048w, https:\/\/www.roemische-legion.de\/wp-content\/uploads\/2023\/05\/DSC_0031-18x12.jpg 18w, https:\/\/www.roemische-legion.de\/wp-content\/uploads\/2023\/05\/DSC_0031-1200x803.jpg 1200w\" sizes=\"auto, (max-width: 709px) 85vw, (max-width: 909px) 67vw, (max-width: 1362px) 62vw, 840px\" \/><\/figure>\n<\/div>\n<\/div>\n\n\n\n<p>Angeboten werden drei Kalender der Bayerischen Handelsbank, die sich mit den Themen R\u00f6mer in Bayern und Karolingisches Bayern besch\u00e4ftigt haben. Jeder Monat beinhaltet ein farbiges Deckblatt. Auf der R\u00fcckseite Erkl\u00e4rungen dazu. St\u00fcckpreis 5 \u20ac zuz\u00fcglich Porto.<\/p>\n\n\n\n<div class=\"wp-block-columns is-layout-flex wp-container-core-columns-is-layout-9d6595d7 wp-block-columns-is-layout-flex\">\n<div class=\"wp-block-column is-layout-flow wp-block-column-is-layout-flow\">\n<figure class=\"wp-block-image size-large\"><img loading=\"lazy\" decoding=\"async\" width=\"704\" height=\"1024\" src=\"https:\/\/www.roemische-legion.de\/wp-content\/uploads\/2023\/06\/DSCI0002-7-704x1024.jpg\" alt=\"\" class=\"wp-image-2776\" srcset=\"https:\/\/www.roemische-legion.de\/wp-content\/uploads\/2023\/06\/DSCI0002-7-704x1024.jpg 704w, https:\/\/www.roemische-legion.de\/wp-content\/uploads\/2023\/06\/DSCI0002-7-206x300.jpg 206w, https:\/\/www.roemische-legion.de\/wp-content\/uploads\/2023\/06\/DSCI0002-7-768x1117.jpg 768w, https:\/\/www.roemische-legion.de\/wp-content\/uploads\/2023\/06\/DSCI0002-7-1056x1536.jpg 1056w, https:\/\/www.roemische-legion.de\/wp-content\/uploads\/2023\/06\/DSCI0002-7-1409x2048.jpg 1409w, https:\/\/www.roemische-legion.de\/wp-content\/uploads\/2023\/06\/DSCI0002-7-8x12.jpg 8w, https:\/\/www.roemische-legion.de\/wp-content\/uploads\/2023\/06\/DSCI0002-7-1200x1745.jpg 1200w, https:\/\/www.roemische-legion.de\/wp-content\/uploads\/2023\/06\/DSCI0002-7-scaled.jpg 1761w\" sizes=\"auto, (max-width: 704px) 85vw, 704px\" \/><\/figure>\n<\/div>\n\n\n\n<div class=\"wp-block-column is-layout-flow wp-block-column-is-layout-flow\">\n<figure class=\"wp-block-image size-large\"><img loading=\"lazy\" decoding=\"async\" width=\"725\" height=\"1024\" src=\"https:\/\/www.roemische-legion.de\/wp-content\/uploads\/2023\/06\/DSCI0001-6-725x1024.jpg\" alt=\"\" class=\"wp-image-2775\" srcset=\"https:\/\/www.roemische-legion.de\/wp-content\/uploads\/2023\/06\/DSCI0001-6-725x1024.jpg 725w, https:\/\/www.roemische-legion.de\/wp-content\/uploads\/2023\/06\/DSCI0001-6-212x300.jpg 212w, https:\/\/www.roemische-legion.de\/wp-content\/uploads\/2023\/06\/DSCI0001-6-768x1085.jpg 768w, https:\/\/www.roemische-legion.de\/wp-content\/uploads\/2023\/06\/DSCI0001-6-1087x1536.jpg 1087w, https:\/\/www.roemische-legion.de\/wp-content\/uploads\/2023\/06\/DSCI0001-6-1450x2048.jpg 1450w, https:\/\/www.roemische-legion.de\/wp-content\/uploads\/2023\/06\/DSCI0001-6-8x12.jpg 8w, https:\/\/www.roemische-legion.de\/wp-content\/uploads\/2023\/06\/DSCI0001-6-1200x1695.jpg 1200w, https:\/\/www.roemische-legion.de\/wp-content\/uploads\/2023\/06\/DSCI0001-6-scaled.jpg 1812w\" sizes=\"auto, (max-width: 725px) 85vw, 725px\" \/><\/figure>\n<\/div>\n\n\n\n<div class=\"wp-block-column is-layout-flow wp-block-column-is-layout-flow\">\n<figure class=\"wp-block-image size-large\"><img loading=\"lazy\" decoding=\"async\" width=\"768\" height=\"1024\" src=\"https:\/\/www.roemische-legion.de\/wp-content\/uploads\/2023\/06\/DSCI0003-2-768x1024.jpg\" alt=\"\" class=\"wp-image-2774\" srcset=\"https:\/\/www.roemische-legion.de\/wp-content\/uploads\/2023\/06\/DSCI0003-2-768x1024.jpg 768w, https:\/\/www.roemische-legion.de\/wp-content\/uploads\/2023\/06\/DSCI0003-2-225x300.jpg 225w, https:\/\/www.roemische-legion.de\/wp-content\/uploads\/2023\/06\/DSCI0003-2-1152x1536.jpg 1152w, https:\/\/www.roemische-legion.de\/wp-content\/uploads\/2023\/06\/DSCI0003-2-1536x2048.jpg 1536w, https:\/\/www.roemische-legion.de\/wp-content\/uploads\/2023\/06\/DSCI0003-2-9x12.jpg 9w, https:\/\/www.roemische-legion.de\/wp-content\/uploads\/2023\/06\/DSCI0003-2-1200x1600.jpg 1200w, https:\/\/www.roemische-legion.de\/wp-content\/uploads\/2023\/06\/DSCI0003-2-scaled.jpg 1920w\" sizes=\"auto, (max-width: 768px) 85vw, 768px\" \/><\/figure>\n<\/div>\n<\/div>\n\n\n\n<p><\/p>\n\n\n\n<figure class=\"wp-block-image size-large\"><img loading=\"lazy\" decoding=\"async\" width=\"1024\" height=\"497\" src=\"https:\/\/www.roemische-legion.de\/wp-content\/uploads\/2023\/06\/DSCI0004-4-1024x497.jpg\" alt=\"\" class=\"wp-image-2778\" srcset=\"https:\/\/www.roemische-legion.de\/wp-content\/uploads\/2023\/06\/DSCI0004-4-1024x497.jpg 1024w, https:\/\/www.roemische-legion.de\/wp-content\/uploads\/2023\/06\/DSCI0004-4-300x146.jpg 300w, https:\/\/www.roemische-legion.de\/wp-content\/uploads\/2023\/06\/DSCI0004-4-768x373.jpg 768w, https:\/\/www.roemische-legion.de\/wp-content\/uploads\/2023\/06\/DSCI0004-4-1536x745.jpg 1536w, https:\/\/www.roemische-legion.de\/wp-content\/uploads\/2023\/06\/DSCI0004-4-2048x994.jpg 2048w, https:\/\/www.roemische-legion.de\/wp-content\/uploads\/2023\/06\/DSCI0004-4-18x9.jpg 18w, https:\/\/www.roemische-legion.de\/wp-content\/uploads\/2023\/06\/DSCI0004-4-1200x582.jpg 1200w\" sizes=\"auto, (max-width: 709px) 85vw, (max-width: 909px) 67vw, (max-width: 1362px) 62vw, 840px\" \/><\/figure>\n\n\n\n<p><\/p>\n","protected":false},"excerpt":{"rendered":"<p>Gebrauchsgegenst\u00e4nde und Literatur Angebot wird mit Festpreis eingestellt oder mit dem Vermerk &#8222;Bestes Gebot&#8220;.\u00a0Bei &#8222;Bestes Gebot&#8220;\u00a0nur ernstgemeinte Angebote abgeben.\u00a0Wir antworten auf jede Nachricht umgehend. Zum Verkaufspreis kommen noch Portogeb\u00fchren.\u00a0Der Zustand der Ware (Gebrauchsspuren und Besch\u00e4digungen) wird\u00a0garantiert angegeben um sp\u00e4tere Reklamationen auszuschliessen. Bei Interesse an die roemische_legion@gmx.de wenden. Helmrohlinge aus Tombakbronze Angeboten werden insgesamt vier Helmrohlinge &hellip; <a href=\"https:\/\/www.roemische-legion.de\/de_de\/?page_id=593\" class=\"more-link\"><span class=\"screen-reader-text\">\u201eLegio II Italica und Lanciarii Lauriacenses- Flohmarkt\u201c<\/span> weiterlesen<\/a><\/p>\n","protected":false},"author":1,"featured_media":0,"parent":0,"menu_order":75,"comment_status":"closed","ping_status":"closed","template":"","meta":{"footnotes":""},"class_list":["post-593","page","type-page","status-publish","hentry"],"_links":{"self":[{"href":"https:\/\/www.roemische-legion.de\/de_de\/index.php?rest_route=\/wp\/v2\/pages\/593","targetHints":{"allow":["GET"]}}],"collection":[{"href":"https:\/\/www.roemische-legion.de\/de_de\/index.php?rest_route=\/wp\/v2\/pages"}],"about":[{"href":"https:\/\/www.roemische-legion.de\/de_de\/index.php?rest_route=\/wp\/v2\/types\/page"}],"author":[{"embeddable":true,"href":"https:\/\/www.roemische-legion.de\/de_de\/index.php?rest_route=\/wp\/v2\/users\/1"}],"replies":[{"embeddable":true,"href":"https:\/\/www.roemische-legion.de\/de_de\/index.php?rest_route=%2Fwp%2Fv2%2Fcomments&post=593"}],"version-history":[{"count":11,"href":"https:\/\/www.roemische-legion.de\/de_de\/index.php?rest_route=\/wp\/v2\/pages\/593\/revisions"}],"predecessor-version":[{"id":4832,"href":"https:\/\/www.roemische-legion.de\/de_de\/index.php?rest_route=\/wp\/v2\/pages\/593\/revisions\/4832"}],"wp:attachment":[{"href":"https:\/\/www.roemische-legion.de\/de_de\/index.php?rest_route=%2Fwp%2Fv2%2Fmedia&parent=593"}],"curies":[{"name":"wp","href":"https:\/\/api.w.org\/{rel}","templated":true}]}}