{"id":7,"date":"2016-10-09T16:05:38","date_gmt":"2016-10-09T16:05:38","guid":{"rendered":"http:\/\/wordpress.roemische-legion.de\/?page_id=7"},"modified":"2026-03-12T07:27:28","modified_gmt":"2026-03-12T07:27:28","slug":"veranstaltungen","status":"publish","type":"page","link":"https:\/\/www.roemische-legion.de\/de_de\/?page_id=7","title":{"rendered":"Veranstaltungen"},"content":{"rendered":"\n<p>Die Veranstaltungen der vergangen Jahre seit Gr\u00fcndung der IG LEGIO II ITALICA und der Lanciarii Lauriacenses bleiben weiterhin auf dieser Homepage einsehbar.<\/p>\n\n\n\n<p><strong>2026<\/strong><\/p>\n\n\n\n<p>R\u00f6mertage &#8222;Salve Abusina&#8220; im R\u00f6merkastell Abusina vom 14. &#8211; 16. August in Bad G\u00f6gging\/Eining<\/p>\n\n\n\n<p><strong>2025<\/strong><\/p>\n\n\n\n<p>01.06.2025 UNESCO Welterbetag in Passau\/R\u00f6mermuseum im Kastell Boiotro<\/p>\n\n\n\n<p>12.04. &#8211; 15.11. 2025 Gro\u00dfe Sonderausstellung Legio II Italica und Lanciarii Lauriacenses im R\u00f6mermuseum Kastell Boiotro\/Passau zum Thema Sp\u00e4tantike. Alle Exponate\/Sammlung Klaus Peter Horack<\/p>\n\n\n\n<div class=\"wp-block-columns is-layout-flex wp-container-core-columns-is-layout-9d6595d7 wp-block-columns-is-layout-flex\">\n<div class=\"wp-block-column is-layout-flow wp-block-column-is-layout-flow\">\n<figure class=\"wp-block-image size-large\"><img loading=\"lazy\" decoding=\"async\" width=\"1024\" height=\"472\" src=\"https:\/\/www.roemische-legion.de\/wp-content\/uploads\/2025\/11\/Boiotro-Sonderausstellung-2025-1024x472.jpg\" alt=\"\" class=\"wp-image-4815\" srcset=\"https:\/\/www.roemische-legion.de\/wp-content\/uploads\/2025\/11\/Boiotro-Sonderausstellung-2025-1024x472.jpg 1024w, https:\/\/www.roemische-legion.de\/wp-content\/uploads\/2025\/11\/Boiotro-Sonderausstellung-2025-300x138.jpg 300w, https:\/\/www.roemische-legion.de\/wp-content\/uploads\/2025\/11\/Boiotro-Sonderausstellung-2025-768x354.jpg 768w, https:\/\/www.roemische-legion.de\/wp-content\/uploads\/2025\/11\/Boiotro-Sonderausstellung-2025-1536x708.jpg 1536w, https:\/\/www.roemische-legion.de\/wp-content\/uploads\/2025\/11\/Boiotro-Sonderausstellung-2025-18x8.jpg 18w, https:\/\/www.roemische-legion.de\/wp-content\/uploads\/2025\/11\/Boiotro-Sonderausstellung-2025-1200x554.jpg 1200w, https:\/\/www.roemische-legion.de\/wp-content\/uploads\/2025\/11\/Boiotro-Sonderausstellung-2025.jpg 1600w\" sizes=\"auto, (max-width: 709px) 85vw, (max-width: 909px) 67vw, (max-width: 1362px) 62vw, 840px\" \/><\/figure>\n<\/div>\n<\/div>\n\n\n\n<div class=\"wp-block-columns is-layout-flex wp-container-core-columns-is-layout-9d6595d7 wp-block-columns-is-layout-flex\">\n<div class=\"wp-block-column is-layout-flow wp-block-column-is-layout-flow\" style=\"flex-basis:66.66%\">\n<div class=\"wp-block-columns is-layout-flex wp-container-core-columns-is-layout-9d6595d7 wp-block-columns-is-layout-flex\">\n<div class=\"wp-block-column is-layout-flow wp-block-column-is-layout-flow\">\n<figure class=\"wp-block-image size-large\"><img loading=\"lazy\" decoding=\"async\" width=\"1024\" height=\"768\" src=\"https:\/\/www.roemische-legion.de\/wp-content\/uploads\/2025\/07\/Roemermuseum-Kastell-Boiotro-cMarcel-Peda-1024x768.jpg\" alt=\"\" class=\"wp-image-4515\" srcset=\"https:\/\/www.roemische-legion.de\/wp-content\/uploads\/2025\/07\/Roemermuseum-Kastell-Boiotro-cMarcel-Peda-1024x768.jpg 1024w, https:\/\/www.roemische-legion.de\/wp-content\/uploads\/2025\/07\/Roemermuseum-Kastell-Boiotro-cMarcel-Peda-300x225.jpg 300w, https:\/\/www.roemische-legion.de\/wp-content\/uploads\/2025\/07\/Roemermuseum-Kastell-Boiotro-cMarcel-Peda-768x576.jpg 768w, https:\/\/www.roemische-legion.de\/wp-content\/uploads\/2025\/07\/Roemermuseum-Kastell-Boiotro-cMarcel-Peda-1536x1152.jpg 1536w, https:\/\/www.roemische-legion.de\/wp-content\/uploads\/2025\/07\/Roemermuseum-Kastell-Boiotro-cMarcel-Peda-1200x900.jpg 1200w, https:\/\/www.roemische-legion.de\/wp-content\/uploads\/2025\/07\/Roemermuseum-Kastell-Boiotro-cMarcel-Peda.jpg 1920w\" sizes=\"auto, (max-width: 709px) 85vw, (max-width: 909px) 67vw, (max-width: 1362px) 62vw, 840px\" \/><\/figure>\n<\/div>\n\n\n\n<div class=\"wp-block-column is-layout-flow wp-block-column-is-layout-flow\">\n<figure class=\"wp-block-image size-large\"><img loading=\"lazy\" decoding=\"async\" width=\"724\" height=\"1024\" src=\"https:\/\/www.roemische-legion.de\/wp-content\/uploads\/2025\/07\/Welterbetag_2025_-724x1024.jpg\" alt=\"\" class=\"wp-image-4516\" srcset=\"https:\/\/www.roemische-legion.de\/wp-content\/uploads\/2025\/07\/Welterbetag_2025_-724x1024.jpg 724w, https:\/\/www.roemische-legion.de\/wp-content\/uploads\/2025\/07\/Welterbetag_2025_-212x300.jpg 212w, https:\/\/www.roemische-legion.de\/wp-content\/uploads\/2025\/07\/Welterbetag_2025_-768x1086.jpg 768w, https:\/\/www.roemische-legion.de\/wp-content\/uploads\/2025\/07\/Welterbetag_2025_-1086x1536.jpg 1086w, https:\/\/www.roemische-legion.de\/wp-content\/uploads\/2025\/07\/Welterbetag_2025_-1448x2048.jpg 1448w, https:\/\/www.roemische-legion.de\/wp-content\/uploads\/2025\/07\/Welterbetag_2025_-1200x1697.jpg 1200w, https:\/\/www.roemische-legion.de\/wp-content\/uploads\/2025\/07\/Welterbetag_2025_-scaled.jpg 1810w\" sizes=\"auto, (max-width: 724px) 85vw, 724px\" \/><\/figure>\n<\/div>\n<\/div>\n<\/div>\n\n\n\n<div class=\"wp-block-column is-layout-flow wp-block-column-is-layout-flow\" style=\"flex-basis:33.33%\"><\/div>\n<\/div>\n\n\n\n<h6 class=\"wp-block-heading\">2024<\/h6>\n\n\n\n<p>01.-02.06.2024 UNESCO-Welterbetag in K\u00fcnzing, Arch\u00e4ologiemuseum <a href=\"https:\/\/www.museum-quintana.de\/\" data-type=\"link\" data-id=\"https:\/\/www.museum-quintana.de\/\">Quintana<\/a> (<a href=\"https:\/\/www.roemische-legion.de\/?page_id=3627\" data-type=\"page\" data-id=\"3627\">Bilder<\/a>)<br>16.-18.08.2024 Salve Abusina\/Bad G\u00f6gging \/ Fotos siehe unter Kelten&amp;R\u00f6mer e.V.<\/p>\n\n\n\n<h6 class=\"wp-block-heading\">2023<\/h6>\n\n\n\n<p>04.06.2023 UNESCO-Welterbetag in Passau, R\u00f6mermuseum\/Kastell <a href=\"https:\/\/stadtarchaeologie.de\/museum\/\" data-type=\"link\" data-id=\"https:\/\/stadtarchaeologie.de\/museum\/\">Boiotro <\/a>(<a href=\"https:\/\/www.roemische-legion.de\/?page_id=3262\" data-type=\"page\" data-id=\"3262\">Bilder<\/a>) <br>12. und 13. Aug. Vexillation beim &#8222;Fest der Sp\u00e4tantike&#8220; in Carnuntum\/\u00d6sterreich             <\/p>\n\n\n\n<h6 class=\"wp-block-heading\">2022<\/h6>\n\n\n\n<p>19.-21.08.2022 Salve Abusina\/Bad G\u00f6gging (<a href=\"https:\/\/www.roemische-legion.de\/de_de\/?page_id=2596\">Bilder<\/a>)<\/p>\n\n\n\n<h6 class=\"wp-block-heading\">2021<\/h6>\n\n\n\n<p>17.09 &#8211; 19.09 1. Jahrhundert in Carnuntum (<a href=\"https:\/\/www.roemische-legion.de\/de_de\/?page_id=2325\" data-type=\"page\" data-id=\"2325\">Bilder<\/a>)<br>14.08 &#8211; 15.08 Fest der Sp\u00e4tantike in Carnuntum (<a href=\"https:\/\/www.roemische-legion.de\/de_de\/?page_id=2247\" data-type=\"page\" data-id=\"2247\">Bilder<\/a>)<br>13.08 &#8211; 15.08 Trainingslager in Abusina (<a href=\"https:\/\/www.roemische-legion.de\/de_de\/?page_id=2229\" data-type=\"page\" data-id=\"2229\">Bilder<\/a>)<br>25.07 Kleine Veranstaltung in St\u00f6ffling (<a href=\"https:\/\/www.roemische-legion.de\/de_de\/?page_id=2209\" data-type=\"page\" data-id=\"2209\">Bilder<\/a>)<br>17.07 Besuch in <a href=\"https:\/\/www.apc-kempten.de\/\">Cambodunum <\/a>(Kempten) (<a href=\"https:\/\/www.roemische-legion.de\/de_de\/?page_id=2191\">Bilder<\/a>)<br>20.06 Saison-Start im R\u00f6mermuseum Seebruck (<a href=\"https:\/\/www.roemische-legion.de\/de_de\/?page_id=2173\" data-type=\"page\" data-id=\"2173\">Bilder<\/a>)<br>19.06 Marsch bei 34 Grad (<a href=\"https:\/\/www.roemische-legion.de\/de_de\/?page_id=2152\">Bilder<\/a>)<\/p>\n\n\n\n<h6 class=\"wp-block-heading\">2020<\/h6>\n\n\n\n<p>31.07 &#8211; 02.08 internes Lager (<a href=\"https:\/\/www.roemische-legion.de\/de_de\/?page_id=1666\">Bilder<\/a>)<\/p>\n\n\n\n<h6 class=\"wp-block-heading\">2019<\/h6>\n\n\n\n<p>05.10 &#8211; 06.10 &#8222;Sonntagsbummel&#8220; in Straubing (<a href=\"http:\/\/www.roemische-legion.de\/?page_id=1509\">Bilder<\/a>)<br>03.10 &#8211; 03.10 Bedaius Familienfest in St\u00f6ffling bei Seebruck am Chiemsee (<a href=\"http:\/\/www.roemische-legion.de\/?page_id=1511\">Bilder<\/a>).<br>16.08 &#8211; 18.08 Salve Abusina &#8211; R\u00f6mertage in Eining bei  Neustadt an der Donau. (<a href=\"http:\/\/www.roemische-legion.de\/?page_id=1328\">Bilder und Links auf Fernsehen und Zeitung<\/a>)<\/p>\n\n\n\n<h6 class=\"wp-block-heading\">2018<\/h6>\n\n\n\n<p>\n\n07.12 &#8211; 07.12 Vortrag &#8222;Ein R\u00f6mer an der Schule&#8220; am <a href=\"http:\/\/www.ltgprien.de\/\">Ludwig-Thoma-Gymnasium Prien<\/a>.<br>03.10 &#8211; 03.10 Bedaius Familienfest in <a href=\"http:\/\/www.chiemgau-chiemsee.org\/keltengehoeft-stoeffling\">St\u00f6ffling<\/a> bei <a href=\"http:\/\/www.seeon-seebruck.de\/\">Seebruck am Chiemsee<\/a>. Hier unsere Bilder (<a href=\"http:\/\/www.roemische-legion.de\/?page_id=1181\">Bilder<\/a>). Artikel des <a rel=\"noreferrer noopener\" href=\"https:\/\/www.traunsteiner-tagblatt.de\/region\/landkreis-traunstein\/seeon-seebruck_artikel,-pfeilhagel-schaukaempfe-und-kunsthandwerk-beim-10-bedaiusfamilienfest-_arid,441438.html\" target=\"_blank\">Traunsteiner Tagblatt<\/a>.<br>17.08 &#8211; 19.08 Salve Abusina &#8211; <a href=\"http:\/\/www.abusina.com\/\">R\u00f6mertage<\/a> in <a href=\"https:\/\/www.google.de\/maps\/place\/Eining,+93333+Neustadt+an+der+Donau\/@48.852609,11.7704503,16z\/data=!4m5!3m4!1s0x479fb1918e433145:0xa1d25a6760dbeb0!8m2!3d48.8547606!4d11.7727843\">Eining<\/a> bei <a href=\"https:\/\/www.google.de\/maps\/place\/93333+Neustadt+an+der+Donau\/@48.8274591,11.6915677,12z\/data=!3m1!4b1!4m5!3m4!1s0x479fb23c26051a5b:0x41d25a40937bf10!8m2!3d48.8030062!4d11.7670734\">Neustadt an der Donau<br><\/a>Hier unsere Bilder (<a href=\"http:\/\/www.roemische-legion.de\/?page_id=1139\">Bilder<\/a>)<br>03.08. &#8211; 05.08. Die Legion kehrt zur\u00fcck. <a href=\"https:\/\/landesausstellung.at\/\">Landesausstellung<\/a> in Ober\u00f6sterreich . Mehr Info unter: <a href=\"http:\/\/www.ludi-lauriacenses.at\/\">www.ludi-lauriacenses.at<\/a> und <a href=\"http:\/\/www.civium-anasi.at\/\">www.civium-anasi.at<\/a>. Hier unsere Bilder (<a href=\"http:\/\/www.roemische-legion.de\/?page_id=1091\">Bilder<\/a>)<br>13.07 &#8211; 15.07 Internes Lager II (<a href=\"http:\/\/www.roemische-legion.de\/?page_id=1148\">Bilder<\/a>)<br>15.06 &#8211; 17.06 Internes Lager I (<a href=\"http:\/\/www.roemische-legion.de\/?page_id=1146\">Bilder<\/a>)<br>26.04. &#8211; 26.04. Die Legion kehrt zur\u00fcck. <a href=\"https:\/\/landesausstellung.at\/\">Landesausstellung<\/a> in Ober\u00f6sterreich. Er\u00f6ffnungsveranstaltung (<a href=\"http:\/\/www.roemische-legion.de\/?page_id=1015\">Bilder<\/a>) \n\n<\/p>\n\n\n\n<h6 class=\"wp-block-heading\">2017<\/h6>\n\n\n\n<p>\n\n03.10 &#8211; 03.10 Bedaius Familienfest in <a href=\"http:\/\/www.chiemgau-chiemsee.org\/keltengehoeft-stoeffling\">St\u00f6ffling<\/a> bei <a href=\"http:\/\/www.seeon-seebruck.de\/\">Seebruck am Chiemsee<br><\/a>09.09. &#8211; 10.09. R\u00f6merfest <a href=\"http:\/\/museen-weissenburg.de\/de\/archiv\/2017\/roemerfest-biriciana-2017\">Wei\u00dfenburg<\/a>&nbsp; (<a href=\"http:\/\/www.roemische-legion.de\/?page_id=887\">Bilder<\/a>)<br>05.08. &#8211; 06.08. R\u00f6misches Erntefest an der <a href=\"http:\/\/www.roemervilla-moeckenlohe.de\/\">Villa Rustica in M\u00f6ckenlohe<\/a> (<a href=\"http:\/\/www.roemische-legion.de\/?page_id=969\">Bilder<\/a>) \n\n<\/p>\n\n\n\n<h6 class=\"wp-block-heading\">2016<\/h6>\n\n\n\n<p>13.08 &#8211; 15.08 Salve Abusina &#8211; R\u00f6mertage in Eining bei Neustadt an der Donau (<a href=\"http:\/\/www.roemische-legion.de\/?page_id=440\">Bilder<\/a>)<br>06.05 &#8211; 07.05 Schlaflos Straubing (<a href=\"http:\/\/www.roemische-legion.de\/?page_id=960\">Bilder<\/a>)  <\/p>\n\n\n\n<h6 class=\"wp-block-heading\">2015<\/h6>\n\n\n<div class=\"wp-block-image wp-image-630 size-thumbnail\">\n<figure class=\"alignleft\"><a href=\"http:\/\/www.roemische-legion.de\/wp-content\/uploads\/2016\/10\/p1010188.jpg\"><img loading=\"lazy\" decoding=\"async\" width=\"150\" height=\"150\" src=\"http:\/\/www.roemische-legion.de\/wp-content\/uploads\/2016\/10\/p1010188-150x150.jpg\" alt=\"Cloud Schiessen\" class=\"wp-image-630\"\/><\/a><figcaption class=\"wp-element-caption\">Cloud Schiessen<\/figcaption><\/figure>\n<\/div>\n\n\n<p>Salve Abusina &#8211; R\u00f6mertage in Eining bei Neustadt an der Donau (<a href=\"http:\/\/www.roemische-legion.de\/?page_id=418\">Bilder<\/a>)<br>26.09 &#8211; 27.09 Wei\u00dfenburg (<a href=\"http:\/\/www.roemische-legion.de\/?page_id=794\">Bilder<\/a>)<\/p>\n\n\n\n<h6 class=\"wp-block-heading\">2014<\/h6>\n\n\n<div class=\"wp-block-image wp-image-402 size-thumbnail\">\n<figure class=\"alignleft\"><a href=\"http:\/\/www.roemische-legion.de\/wp-content\/uploads\/2016\/10\/1.jpg\"><img loading=\"lazy\" decoding=\"async\" width=\"150\" height=\"150\" src=\"http:\/\/www.roemische-legion.de\/wp-content\/uploads\/2016\/10\/1-150x150.jpg\" alt=\"Gruppenfoto\" class=\"wp-image-402\"\/><\/a><figcaption class=\"wp-element-caption\">Gruppenfoto<\/figcaption><\/figure>\n<\/div>\n\n\n<p>Seebruck (<a href=\"http:\/\/www.roemische-legion.de\/?page_id=687\">Bilder<\/a>)<br>Wellheim (<a href=\"http:\/\/www.roemische-legion.de\/?page_id=652\">Bilder<\/a>)<br>Maristengymnasium Furth (<a href=\"http:\/\/www.roemische-legion.de\/?page_id=641\">Bilder<\/a>)<br>1200 Jahre Harthausen (<a href=\"http:\/\/www.roemische-legion.de\/?page_id=407\">Bilder<\/a>)<br>Salve Abusina &#8211; R\u00f6mertage in Eining bei Neustadt an der Donau(<a href=\"http:\/\/www.roemische-legion.de\/?page_id=604\">Bilder<\/a>)<br>Baumburg (<a href=\"http:\/\/www.roemische-legion.de\/?page_id=616\">Bilder<\/a>)<\/p>\n\n\n\n<h6 class=\"wp-block-heading\">2013<\/h6>\n\n\n<div class=\"wp-block-image wp-image-369 size-thumbnail\">\n<figure class=\"alignleft\"><a href=\"http:\/\/www.roemische-legion.de\/wp-content\/uploads\/2016\/10\/dsc09417.jpg\"><img loading=\"lazy\" decoding=\"async\" width=\"150\" height=\"150\" src=\"http:\/\/www.roemische-legion.de\/wp-content\/uploads\/2016\/10\/dsc09417-150x150.jpg\" alt=\"Legion\u00e4re\" class=\"wp-image-369\"\/><\/a><figcaption class=\"wp-element-caption\">Legion\u00e4re<\/figcaption><\/figure>\n<\/div>\n\n\n<p>April Lager in Gro\u00dfkarolinenfeld (<a href=\"http:\/\/www.roemische-legion.de\/?page_id=398\">Bilder<\/a>)<br>Baumburg (<a href=\"http:\/\/www.roemische-legion.de\/?page_id=437\">Bilder<\/a>)<br>Salve Abusina &#8211; R\u00f6mertage in Eining bei Neustadt an der Donau (<a href=\"http:\/\/www.roemische-legion.de\/?page_id=602\">Bilder<\/a>)<br>Seebruck \/ Waging am See (<a href=\"http:\/\/www.roemische-legion.de\/?page_id=759\">Bilder<\/a>)<br>03.10 &#8211; 03.10 Bedaius Familienfest in St\u00f6ffling bei Seebruck am Chiemsee (<a href=\"http:\/\/www.roemische-legion.de\/?page_id=709\">Bilder<\/a>)<\/p>\n\n\n\n<h6 class=\"wp-block-heading\">2012<\/h6>\n\n\n<div class=\"wp-block-image wp-image-609 size-thumbnail\">\n<figure class=\"alignleft\"><a href=\"http:\/\/www.roemische-legion.de\/wp-content\/uploads\/2016\/10\/img_5096-large.jpg\"><img loading=\"lazy\" decoding=\"async\" width=\"150\" height=\"150\" src=\"http:\/\/www.roemische-legion.de\/wp-content\/uploads\/2016\/10\/img_5096-large-150x150.jpg\" alt=\"Legion\u00e4re\" class=\"wp-image-609\"\/><\/a><figcaption class=\"wp-element-caption\">Legion\u00e4re<\/figcaption><\/figure>\n<\/div>\n\n\n<p>Vivat Bedaium (<a href=\"http:\/\/www.roemische-legion.de\/?page_id=742\">Bilder<\/a>)<br>Bedaiusfest im <a href=\"http:\/\/roemermuseum-bedaium.byseum.de\/de\/home\">R\u00f6mermuseum<\/a> in <a href=\"http:\/\/www.seeon-seebruck.de\/\">Seebruck am Chiemsee<\/a><br><\/p>\n\n\n\n<h6 class=\"wp-block-heading\">2011<\/h6>\n\n\n<div class=\"wp-block-image wp-image-681 size-thumbnail\">\n<figure class=\"alignleft\"><a href=\"http:\/\/www.roemische-legion.de\/wp-content\/uploads\/2016\/10\/p1010077.jpg\"><img loading=\"lazy\" decoding=\"async\" width=\"150\" height=\"150\" src=\"http:\/\/www.roemische-legion.de\/wp-content\/uploads\/2016\/10\/p1010077-150x150.jpg\" alt=\"Ausr\u00fcstung\" class=\"wp-image-681\"\/><\/a><figcaption class=\"wp-element-caption\">Ausr\u00fcstung<\/figcaption><\/figure>\n<\/div>\n\n\n<p>03.10 &#8211; 03.10 Bedaius Familienfest in St\u00f6ffling bei Seebruck am Chiemsee (<a href=\"http:\/\/www.roemische-legion.de\/?page_id=707\">Bilder<\/a>)<br>Waging am See \/ K\u00fcnzing (<a href=\"http:\/\/www.roemische-legion.de\/?page_id=751\">Bilder<\/a>)<br>Salve Abusina &#8211; <a href=\"http:\/\/www.abusina.de\">R\u00f6mertage <\/a>in Eining bei Neustadt an der Donau<br>Loh (<a href=\"http:\/\/www.roemische-legion.de\/?page_id=666\">Bilder<\/a>)<br>Bedaiusfest im <a href=\"http:\/\/roemermuseum-bedaium.byseum.de\/de\/home\">R\u00f6mermuseum<\/a> in <a href=\"http:\/\/www.seeon-seebruck.de\/\">Seebruck am Chiemsee<\/a> (<a href=\"http:\/\/www.roemische-legion.de\/?page_id=623\">Bilder<\/a>)<br>R\u00f6mermarsch<\/p>\n\n\n\n<h6 class=\"wp-block-heading\">2010<\/h6>\n\n\n<div class=\"wp-block-image\">\n<figure class=\"alignleft\"><a href=\"http:\/\/www.roemische-legion.de\/wp-content\/uploads\/2016\/10\/ig-09.jpg\"><img loading=\"lazy\" decoding=\"async\" width=\"150\" height=\"150\" src=\"http:\/\/www.roemische-legion.de\/wp-content\/uploads\/2016\/10\/ig-09-150x150.jpg\" alt=\"ig-09\" class=\"wp-image-201\"\/><\/a><\/figure>\n<\/div>\n\n\n<p>03.10 &#8211; 03.10 Bedaius Familienfest in St\u00f6ffling bei Seebruck am Chiemsee (<a href=\"http:\/\/www.roemische-legion.de\/?page_id=705\">Bilder<\/a>)<br>Wellheim<br>Loh (<a href=\"http:\/\/www.roemische-legion.de\/?page_id=668\">Bilder<\/a>)<br><\/p>\n\n\n\n<p><\/p>\n\n\n\n<p><\/p>\n\n\n\n<p><strong>2009<\/strong><\/p>\n\n\n<div class=\"wp-block-image wp-image-446 size-thumbnail\">\n<figure class=\"alignleft\"><a href=\"http:\/\/www.roemische-legion.de\/wp-content\/uploads\/2016\/10\/stoeffling52.jpg\"><img loading=\"lazy\" decoding=\"async\" width=\"150\" height=\"150\" src=\"http:\/\/www.roemische-legion.de\/wp-content\/uploads\/2016\/10\/stoeffling52-150x150.jpg\" alt=\"Schildkr\u00f6te\" class=\"wp-image-446\"\/><\/a><figcaption class=\"wp-element-caption\">Schildkr\u00f6te<\/figcaption><\/figure>\n<\/div>\n\n\n<p>03.10 Bedaius Familienfest in St\u00f6ffling bei Seebruck am Chiemsee (<a href=\"http:\/\/www.roemische-legion.de\/?page_id=703\">Bilder<\/a>)<\/p>\n","protected":false},"excerpt":{"rendered":"<p>Die Veranstaltungen der vergangen Jahre seit Gr\u00fcndung der IG LEGIO II ITALICA und der Lanciarii Lauriacenses bleiben weiterhin auf dieser Homepage einsehbar. 2026 R\u00f6mertage &#8222;Salve Abusina&#8220; im R\u00f6merkastell Abusina vom 14. &#8211; 16. August in Bad G\u00f6gging\/Eining 2025 01.06.2025 UNESCO Welterbetag in Passau\/R\u00f6mermuseum im Kastell Boiotro 12.04. &#8211; 15.11. 2025 Gro\u00dfe Sonderausstellung Legio II Italica &hellip; <a href=\"https:\/\/www.roemische-legion.de\/de_de\/?page_id=7\" class=\"more-link\"><span class=\"screen-reader-text\">\u201eVeranstaltungen\u201c<\/span> weiterlesen<\/a><\/p>\n","protected":false},"author":1,"featured_media":0,"parent":0,"menu_order":10,"comment_status":"closed","ping_status":"closed","template":"","meta":{"footnotes":""},"class_list":["post-7","page","type-page","status-publish","hentry"],"_links":{"self":[{"href":"https:\/\/www.roemische-legion.de\/de_de\/index.php?rest_route=\/wp\/v2\/pages\/7","targetHints":{"allow":["GET"]}}],"collection":[{"href":"https:\/\/www.roemische-legion.de\/de_de\/index.php?rest_route=\/wp\/v2\/pages"}],"about":[{"href":"https:\/\/www.roemische-legion.de\/de_de\/index.php?rest_route=\/wp\/v2\/types\/page"}],"author":[{"embeddable":true,"href":"https:\/\/www.roemische-legion.de\/de_de\/index.php?rest_route=\/wp\/v2\/users\/1"}],"replies":[{"embeddable":true,"href":"https:\/\/www.roemische-legion.de\/de_de\/index.php?rest_route=%2Fwp%2Fv2%2Fcomments&post=7"}],"version-history":[{"count":153,"href":"https:\/\/www.roemische-legion.de\/de_de\/index.php?rest_route=\/wp\/v2\/pages\/7\/revisions"}],"predecessor-version":[{"id":5124,"href":"https:\/\/www.roemische-legion.de\/de_de\/index.php?rest_route=\/wp\/v2\/pages\/7\/revisions\/5124"}],"wp:attachment":[{"href":"https:\/\/www.roemische-legion.de\/de_de\/index.php?rest_route=%2Fwp%2Fv2%2Fmedia&parent=7"}],"curies":[{"name":"wp","href":"https:\/\/api.w.org\/{rel}","templated":true}]}}