{"id":984,"date":"2018-04-29T07:11:58","date_gmt":"2018-04-29T07:11:58","guid":{"rendered":"http:\/\/www.roemische-legion.de\/?page_id=984"},"modified":"2025-12-28T18:45:53","modified_gmt":"2025-12-28T18:45:53","slug":"schulen-und-veranstalter","status":"publish","type":"page","link":"https:\/\/www.roemische-legion.de\/de_de\/?page_id=984","title":{"rendered":"Presse, Schule, Veranstalter"},"content":{"rendered":"\n<h1 class=\"wp-block-heading\">F\u00fcr die Presse<\/h1>\n\n\n\n<p>Die Legio II Italica Pia Fidelis zeigt zusammen mit den Lanciarii Lauriacenses bei Veranstaltungen die r\u00f6mische Armee des 4. Jahrhunderts (ab Kaiser Gallienus) bis Anfang des 5. Jahrhunderts (Kaiser Theodosius I. als letzten Gesamtkaiser von West- und Ostrom) und seinem Sohn Honorius als Kaiser von Westrom. Unser Auftrag ist die Wissensvermittlung und die Pr\u00e4sentation der verschiedenen Kleidungsstile und Ausr\u00fcstungen aus den zivilen und milit\u00e4rischen Bereichen dieser Zeit. Im Lager kochen wir mit der mobilen Feldk\u00fcche nach \u00fcberlieferten Rezepten. F\u00fcr mehr Informationen kontaktieren Sie uns unter <a href=\"mailto:roemische_legion@gmx.de\">roemische_legion@gmx.de<\/a> oder finden Sie Pressetexte unter: <a href=\"http:\/\/www.roemische-legion.de\/?page_id=1000\">Presseinformationen<\/a><\/p>\n\n\n\n<h1 class=\"wp-block-heading\">F\u00fcr die Schule<\/h1>\n\n\n\n<p>Wir f\u00fchren seit 2001 erfolgreich Schulprojekte an Schulen durch. Dabei werden verschiedene Alltagsgegenst\u00e4nde und Kleidungsst\u00fccke zum Anfassen von unseren Darstellern vorgestellt. Die Geschichte der R\u00f6mer wird lebendig und hautnah pr\u00e4sentiert. Wir k\u00f6nnen, <strong>je nach Wunsch<\/strong> <strong>und Absprache<\/strong>, einen Zeitraum von Republikanisch bis Sp\u00e4tantike abdecken. <strong>Neu ab 2025<\/strong>: Keltische Darstellung (ca. 100 vor Christus bis 50 n. Chr. ) ebenfalls kombiniert mit r\u00f6mischen Legion\u00e4ren. Sie k\u00f6nnen sich auch, ohne dass wir zu ihnen kommen, sich auf unserer Homepage unter &#8222;Auch gewusst?&#8220; zu Themen der R\u00f6mer informieren, die nicht in den Schulb\u00fcchern behandelt werden.<\/p>\n\n\n\n<p> Kontaktieren Sie uns einfach unter roemische_legion@gmx.de und vereinbaren Sie bei Interesse an einem Schulbesuch einen Termin mit uns.<\/p>\n\n\n\n<p>Weitere Informationen finden Sie hier: <a href=\"http:\/\/www.roemische-legion.de\/?page_id=585\">R\u00f6mer an der Schule<\/a><\/p>\n\n\n\n<h1 class=\"wp-block-heading\">F\u00fcr den Veranstalter<\/h1>\n\n\n\n<p>Die Legio II Italica Pia Fidelis zusammen mit den Lanciarii Lauriacenses erg\u00e4nzt auch Ihre Veranstaltung als gr\u00f6\u00dfte Darstellungsgruppe der Sp\u00e4tantike im S\u00fcddeutschen Raum. Mit einer maximalen Gruppengr\u00f6\u00dfe von 25 Teilnehmern zeigen wir ein komplettes Lager. Bei maximaler Lagerfl\u00e4che haben wir einen Platzbedarf von ca. 700 m\u00b2.<\/p>\n\n\n\n<figure class=\"wp-block-image size-large\"><img loading=\"lazy\" decoding=\"async\" width=\"1024\" height=\"664\" src=\"https:\/\/www.roemische-legion.de\/wp-content\/uploads\/2023\/09\/DSC_0068-2-1024x664.jpg\" alt=\"\" class=\"wp-image-3067\" srcset=\"https:\/\/www.roemische-legion.de\/wp-content\/uploads\/2023\/09\/DSC_0068-2-1024x664.jpg 1024w, https:\/\/www.roemische-legion.de\/wp-content\/uploads\/2023\/09\/DSC_0068-2-300x195.jpg 300w, https:\/\/www.roemische-legion.de\/wp-content\/uploads\/2023\/09\/DSC_0068-2-768x498.jpg 768w, https:\/\/www.roemische-legion.de\/wp-content\/uploads\/2023\/09\/DSC_0068-2-1536x996.jpg 1536w, https:\/\/www.roemische-legion.de\/wp-content\/uploads\/2023\/09\/DSC_0068-2-2048x1328.jpg 2048w, https:\/\/www.roemische-legion.de\/wp-content\/uploads\/2023\/09\/DSC_0068-2-18x12.jpg 18w, https:\/\/www.roemische-legion.de\/wp-content\/uploads\/2023\/09\/DSC_0068-2-1200x778.jpg 1200w\" sizes=\"auto, (max-width: 709px) 85vw, (max-width: 909px) 67vw, (max-width: 1362px) 62vw, 840px\" \/><\/figure>\n\n\n\n<p><strong>Wir k\u00f6nnen kommen mit:<\/strong><\/p>\n\n\n\n<ul class=\"wp-block-list\">\n<li>1 Centurionenzelt<\/li>\n\n\n\n<li>4 &#8211; 6 Legion\u00e4rszelte<\/li>\n\n\n\n<li>1 Zelt f\u00fcr den Medicus<\/li>\n\n\n\n<li>1 Segel f\u00fcr den Medicus<\/li>\n\n\n\n<li>1 Segel f\u00fcr die Waffenschau<\/li>\n\n\n\n<li>1 Segel f\u00fcr r\u00f6mische Spiele<\/li>\n\n\n\n<li>1 Segel f\u00fcr das zivile Lagerleben<\/li>\n\n\n\n<li>1 Materialzelt<\/li>\n\n\n\n<li>1 K\u00fcche<\/li>\n<\/ul>\n\n\n\n<figure class=\"wp-block-image size-large\"><img loading=\"lazy\" decoding=\"async\" width=\"1024\" height=\"755\" src=\"https:\/\/www.roemische-legion.de\/wp-content\/uploads\/2023\/09\/DSC_0038-Kopie-1024x755.jpg\" alt=\"\" class=\"wp-image-3066\" srcset=\"https:\/\/www.roemische-legion.de\/wp-content\/uploads\/2023\/09\/DSC_0038-Kopie-1024x755.jpg 1024w, https:\/\/www.roemische-legion.de\/wp-content\/uploads\/2023\/09\/DSC_0038-Kopie-300x221.jpg 300w, https:\/\/www.roemische-legion.de\/wp-content\/uploads\/2023\/09\/DSC_0038-Kopie-768x566.jpg 768w, https:\/\/www.roemische-legion.de\/wp-content\/uploads\/2023\/09\/DSC_0038-Kopie-1536x1133.jpg 1536w, https:\/\/www.roemische-legion.de\/wp-content\/uploads\/2023\/09\/DSC_0038-Kopie-2048x1510.jpg 2048w, https:\/\/www.roemische-legion.de\/wp-content\/uploads\/2023\/09\/DSC_0038-Kopie-16x12.jpg 16w, https:\/\/www.roemische-legion.de\/wp-content\/uploads\/2023\/09\/DSC_0038-Kopie-1200x885.jpg 1200w\" sizes=\"auto, (max-width: 709px) 85vw, (max-width: 909px) 67vw, (max-width: 1362px) 62vw, 840px\" \/><figcaption class=\"wp-element-caption\">Auf dem Marsch<\/figcaption><\/figure>\n\n\n\n<p>Unsere Schwerpunkte liegt in der Darstellung der verschiedenen Aufgaben innerhalb einer r\u00f6mischen Einheit ab dem vierten Jahrhundert. Deshalb werden Sie bei uns viele unterschiedliche Gegenst\u00e4nde sehen, die sie eventuell nicht in einen Zeitrahmen der r\u00f6mischen Geschichte verorten k\u00f6nnen. Es gibt die gleiche Ausr\u00fcstung selten mehrmals. Betrachten sie die aufw\u00e4ndigen Stickereien bei den Tuniken der Legion\u00e4re. Auch befinden sich bei uns im Tross Frauen und Kinder. Neben einer mobilen K\u00fcche, den Zelten und Schautischen, werden alle Bereiche der unterschiedlichen Bewaffnung und Ausr\u00fcstung der Soldaten mitgef\u00fchrt. Auch unser Motto &#8222;Geschichte zum Anfassen&#8220; wie das Tragen eines Helms, eines Schildes durch unsere Legion\u00e4re ist m\u00f6glich. Das ist besonders interessant f\u00fcr Familien. Auch kann man bei uns den Unterschied sehen, wie sich das Aussehen des r\u00f6mischen Legion\u00e4rs in der sp\u00e4teren Zeit zur bekannten Darstellung des 1. und 2. Jahrhunderts gewandelt hat. Die Wissensvermittlung \u00fcber die r\u00f6mische Armee in der Sp\u00e4tantike sehen wir als Auftrag f\u00fcr alle Interessierten an der r\u00f6mischen Geschichte.<\/p>\n\n\n\n<p>Haben Sie Interesse? Dann schreiben Sie uns unter roemische_legion@gmx.de<\/p>\n\n\n\n<h1 class=\"wp-block-heading\">Materialien<\/h1>\n\n\n\n<p>F\u00fcr Veranstaltungen und Schulbesuche erkl\u00e4ren und zeigen wir verschiedene <a href=\"https:\/\/www.roemische-legion.de\/de_de\/?page_id=501\" data-type=\"page\" data-id=\"501\">Rekonstruktionen<\/a> (Repliken nach Originalfund).<\/p>\n\n\n\n<p><\/p>\n","protected":false},"excerpt":{"rendered":"<p>F\u00fcr die Presse Die Legio II Italica Pia Fidelis zeigt zusammen mit den Lanciarii Lauriacenses bei Veranstaltungen die r\u00f6mische Armee des 4. Jahrhunderts (ab Kaiser Gallienus) bis Anfang des 5. Jahrhunderts (Kaiser Theodosius I. als letzten Gesamtkaiser von West- und Ostrom) und seinem Sohn Honorius als Kaiser von Westrom. Unser Auftrag ist die Wissensvermittlung und &hellip; <a href=\"https:\/\/www.roemische-legion.de\/de_de\/?page_id=984\" class=\"more-link\"><span class=\"screen-reader-text\">\u201ePresse, Schule, Veranstalter\u201c<\/span> weiterlesen<\/a><\/p>\n","protected":false},"author":1,"featured_media":0,"parent":0,"menu_order":10,"comment_status":"closed","ping_status":"closed","template":"","meta":{"footnotes":""},"class_list":["post-984","page","type-page","status-publish","hentry"],"_links":{"self":[{"href":"https:\/\/www.roemische-legion.de\/de_de\/index.php?rest_route=\/wp\/v2\/pages\/984","targetHints":{"allow":["GET"]}}],"collection":[{"href":"https:\/\/www.roemische-legion.de\/de_de\/index.php?rest_route=\/wp\/v2\/pages"}],"about":[{"href":"https:\/\/www.roemische-legion.de\/de_de\/index.php?rest_route=\/wp\/v2\/types\/page"}],"author":[{"embeddable":true,"href":"https:\/\/www.roemische-legion.de\/de_de\/index.php?rest_route=\/wp\/v2\/users\/1"}],"replies":[{"embeddable":true,"href":"https:\/\/www.roemische-legion.de\/de_de\/index.php?rest_route=%2Fwp%2Fv2%2Fcomments&post=984"}],"version-history":[{"count":34,"href":"https:\/\/www.roemische-legion.de\/de_de\/index.php?rest_route=\/wp\/v2\/pages\/984\/revisions"}],"predecessor-version":[{"id":4982,"href":"https:\/\/www.roemische-legion.de\/de_de\/index.php?rest_route=\/wp\/v2\/pages\/984\/revisions\/4982"}],"wp:attachment":[{"href":"https:\/\/www.roemische-legion.de\/de_de\/index.php?rest_route=%2Fwp%2Fv2%2Fmedia&parent=984"}],"curies":[{"name":"wp","href":"https:\/\/api.w.org\/{rel}","templated":true}]}}